{"id":10569,"date":"2025-07-27T12:19:35","date_gmt":"2025-07-27T12:19:35","guid":{"rendered":"https:\/\/www.colosseum-graz.at\/visszajelzes\/"},"modified":"2025-07-28T11:41:38","modified_gmt":"2025-07-28T11:41:38","slug":"visszajelzes","status":"publish","type":"page","link":"https:\/\/www.colosseum-graz.at\/hu\/visszajelzes\/","title":{"rendered":"Visszajelz\u00e9s"},"content":{"rendered":"\t\t<div data-elementor-type=\"wp-page\" data-elementor-id=\"10569\" class=\"elementor elementor-10569 elementor-10551\" data-elementor-post-type=\"page\">\n\t\t\t\t<div class=\"elementor-element elementor-element-fd32bbc e-flex e-con-boxed e-con e-parent\" data-id=\"fd32bbc\" data-element_type=\"container\" data-e-type=\"container\">\n\t\t\t\t\t<div class=\"e-con-inner\">\n\t\t\t\t<div class=\"elementor-element elementor-element-b013c5b g-text-1 elementor-widget elementor-widget-heading\" data-id=\"b013c5b\" data-element_type=\"widget\" data-e-type=\"widget\" data-settings=\"{&quot;_animation&quot;:&quot;none&quot;}\" data-widget_type=\"heading.default\">\n\t\t\t\t<div class=\"elementor-widget-container\">\n\t\t\t\t\t<h1 class=\"elementor-heading-title elementor-size-default\">Visszajelz\u00e9s<\/h1>\t\t\t\t<\/div>\n\t\t\t\t<\/div>\n\t\t<div class=\"elementor-element elementor-element-4d1beb8 e-con-full e-flex e-con e-child\" data-id=\"4d1beb8\" data-element_type=\"container\" data-e-type=\"container\">\n\t\t<div class=\"elementor-element elementor-element-725e74c e-con-full e-flex e-con e-child\" data-id=\"725e74c\" data-element_type=\"container\" data-e-type=\"container\">\n\t\t\t\t<div class=\"elementor-element elementor-element-b664c03 elementor-widget elementor-widget-heading\" data-id=\"b664c03\" data-element_type=\"widget\" data-e-type=\"widget\" data-widget_type=\"heading.default\">\n\t\t\t\t<div class=\"elementor-widget-container\">\n\t\t\t\t\t<h2 class=\"elementor-heading-title elementor-size-default\">Visszajelz\u00e9si \u0171rlap<\/h2>\t\t\t\t<\/div>\n\t\t\t\t<\/div>\n\t\t\t\t<div class=\"elementor-element elementor-element-c50e340 elementor-button-align-start elementor-mobile-button-align-center elementor-widget elementor-widget-form\" data-id=\"c50e340\" data-element_type=\"widget\" data-e-type=\"widget\" data-settings=\"{&quot;step_next_label&quot;:&quot;K\\u00f6vetkez\\u0151&quot;,&quot;step_previous_label&quot;:&quot;El\\u0151z\\u0151&quot;,&quot;step_type&quot;:&quot;number&quot;,&quot;button_width&quot;:&quot;100&quot;,&quot;step_icon_shape&quot;:&quot;circle&quot;}\" data-widget_type=\"form.default\">\n\t\t\t\t<div class=\"elementor-widget-container\">\n\t\t\t\t\t\t\t<form class=\"elementor-form\" method=\"post\" name=\"Kapcsolatfelv\u00e9teli \u0171rlap\" aria-label=\"Kapcsolatfelv\u00e9teli \u0171rlap\">\n\t\t\t<input type=\"hidden\" name=\"post_id\" value=\"10569\"\/>\n\t\t\t<input type=\"hidden\" name=\"form_id\" value=\"c50e340\"\/>\n\t\t\t<input type=\"hidden\" name=\"referer_title\" value=\"Colosseum Graz\" \/>\n\n\t\t\t\n\t\t\t<div class=\"elementor-form-fields-wrapper elementor-labels-above\">\n\t\t\t\t\t\t\t\t<div class=\"elementor-field-type-step elementor-field-group elementor-column elementor-field-group-field_00135a3 elementor-col-100\">\n\t\t\t\t\t\t\t<div class=\"e-field-step elementor-hidden\" data-label=\"\" data-previousButton=\"Vissza\" data-nextButton=\"Tov\u00e1bbi\" data-iconUrl=\"\" data-iconLibrary=\"fas fa-star\" data-icon=\"&lt;svg class=&quot;e-font-icon-svg e-fas-star&quot; viewBox=&quot;0 0 576 512&quot; xmlns=&quot;http:\/\/www.w3.org\/2000\/svg&quot;&gt;&lt;path d=&quot;M259.3 17.8L194 150.2 47.9 171.5c-26.2 3.8-36.7 36.1-17.7 54.6l105.7 103-25 145.5c-4.5 26.3 23.2 46 46.4 33.7L288 439.6l130.7 68.7c23.2 12.2 50.9-7.4 46.4-33.7l-25-145.5 105.7-103c19-18.5 8.5-50.8-17.7-54.6L382 150.2 316.7 17.8c-11.7-23.6-45.6-23.9-57.4 0z&quot;&gt;&lt;\/path&gt;&lt;\/svg&gt;\" ><\/div>\n\n\t\t\t\t\t\t<\/div>\n\t\t\t\t\t\t\t\t<div class=\"elementor-field-type-radio elementor-field-group elementor-column elementor-field-group-field_9875acd elementor-col-100 elementor-field-required\">\n\t\t\t\t\t\t\t\t\t\t\t\t<label for=\"form-field-field_9875acd\" class=\"elementor-field-label\">\n\t\t\t\t\t\t\t\t\u00d6sszess\u00e9g\u00e9ben hogyan tetszett a l\u00e1togat\u00e1sod n\u00e1lunk?\t\t\t\t\t\t\t<\/label>\n\t\t\t\t\t\t<div class=\"elementor-field-subgroup  elementor-subgroup-inline\"><span class=\"elementor-field-option\"><input type=\"radio\" value=\"nagyon j\u00f3\" id=\"form-field-field_9875acd-0\" name=\"form_fields[field_9875acd]\" required=\"required\"> <label for=\"form-field-field_9875acd-0\">nagyon j\u00f3<\/label><\/span><span class=\"elementor-field-option\"><input type=\"radio\" value=\"j\u00f3\" id=\"form-field-field_9875acd-1\" name=\"form_fields[field_9875acd]\" required=\"required\"> <label for=\"form-field-field_9875acd-1\">j\u00f3<\/label><\/span><span class=\"elementor-field-option\"><input type=\"radio\" value=\"nem annyira j\u00f3\" id=\"form-field-field_9875acd-2\" name=\"form_fields[field_9875acd]\" required=\"required\"> <label for=\"form-field-field_9875acd-2\">nem annyira j\u00f3<\/label><\/span><span class=\"elementor-field-option\"><input type=\"radio\" value=\"egy\u00e1ltal\u00e1n nem\" id=\"form-field-field_9875acd-3\" name=\"form_fields[field_9875acd]\" required=\"required\"> <label for=\"form-field-field_9875acd-3\">egy\u00e1ltal\u00e1n nem<\/label><\/span><\/div>\t\t\t\t<\/div>\n\t\t\t\t\t\t\t\t<div class=\"elementor-field-type-step elementor-field-group elementor-column elementor-field-group-field_043b8b8 elementor-col-100\">\n\t\t\t\t\t\t\t<div class=\"e-field-step elementor-hidden\" data-label=\"\" data-previousButton=\"Vissza\" data-nextButton=\"Tov\u00e1bbi\" data-iconUrl=\"\" data-iconLibrary=\"fas fa-star\" data-icon=\"&lt;svg class=&quot;e-font-icon-svg e-fas-star&quot; viewBox=&quot;0 0 576 512&quot; xmlns=&quot;http:\/\/www.w3.org\/2000\/svg&quot;&gt;&lt;path d=&quot;M259.3 17.8L194 150.2 47.9 171.5c-26.2 3.8-36.7 36.1-17.7 54.6l105.7 103-25 145.5c-4.5 26.3 23.2 46 46.4 33.7L288 439.6l130.7 68.7c23.2 12.2 50.9-7.4 46.4-33.7l-25-145.5 105.7-103c19-18.5 8.5-50.8-17.7-54.6L382 150.2 316.7 17.8c-11.7-23.6-45.6-23.9-57.4 0z&quot;&gt;&lt;\/path&gt;&lt;\/svg&gt;\" ><\/div>\n\n\t\t\t\t\t\t<\/div>\n\t\t\t\t\t\t\t\t<div class=\"elementor-field-type-radio elementor-field-group elementor-column elementor-field-group-field_be449bb elementor-col-100 elementor-field-required\">\n\t\t\t\t\t\t\t\t\t\t\t\t<label for=\"form-field-field_be449bb\" class=\"elementor-field-label\">\n\t\t\t\t\t\t\t\tMennyire volt el\u00e9gedett a szolg\u00e1ltat\u00e1sunkkal?\t\t\t\t\t\t\t<\/label>\n\t\t\t\t\t\t<div class=\"elementor-field-subgroup  elementor-subgroup-inline\"><span class=\"elementor-field-option\"><input type=\"radio\" value=\"nagyon el\u00e9gedett\" id=\"form-field-field_be449bb-0\" name=\"form_fields[field_be449bb]\" required=\"required\"> <label for=\"form-field-field_be449bb-0\">nagyon el\u00e9gedett<\/label><\/span><span class=\"elementor-field-option\"><input type=\"radio\" value=\"rendben van\" id=\"form-field-field_be449bb-1\" name=\"form_fields[field_be449bb]\" required=\"required\"> <label for=\"form-field-field_be449bb-1\">rendben van<\/label><\/span><span class=\"elementor-field-option\"><input type=\"radio\" value=\"nem el\u00e9gedett\" id=\"form-field-field_be449bb-2\" name=\"form_fields[field_be449bb]\" required=\"required\"> <label for=\"form-field-field_be449bb-2\">nem el\u00e9gedett<\/label><\/span><\/div>\t\t\t\t<\/div>\n\t\t\t\t\t\t\t\t<div class=\"elementor-field-type-step elementor-field-group elementor-column elementor-field-group-field_6946f7e elementor-col-100\">\n\t\t\t\t\t\t\t<div class=\"e-field-step elementor-hidden\" data-label=\"\" data-previousButton=\"Vissza\" data-nextButton=\"Tov\u00e1bbi\" data-iconUrl=\"\" data-iconLibrary=\"fas fa-star\" data-icon=\"&lt;svg class=&quot;e-font-icon-svg e-fas-star&quot; viewBox=&quot;0 0 576 512&quot; xmlns=&quot;http:\/\/www.w3.org\/2000\/svg&quot;&gt;&lt;path d=&quot;M259.3 17.8L194 150.2 47.9 171.5c-26.2 3.8-36.7 36.1-17.7 54.6l105.7 103-25 145.5c-4.5 26.3 23.2 46 46.4 33.7L288 439.6l130.7 68.7c23.2 12.2 50.9-7.4 46.4-33.7l-25-145.5 105.7-103c19-18.5 8.5-50.8-17.7-54.6L382 150.2 316.7 17.8c-11.7-23.6-45.6-23.9-57.4 0z&quot;&gt;&lt;\/path&gt;&lt;\/svg&gt;\" ><\/div>\n\n\t\t\t\t\t\t<\/div>\n\t\t\t\t\t\t\t\t<div class=\"elementor-field-type-radio elementor-field-group elementor-column elementor-field-group-field_6354535 elementor-col-100 elementor-field-required\">\n\t\t\t\t\t\t\t\t\t\t\t\t<label for=\"form-field-field_6354535\" class=\"elementor-field-label\">\n\t\t\t\t\t\t\t\tMennyire volt el\u00e9gedett a recepci\u00f3s szem\u00e9lyzet bar\u00e1ts\u00e1goss\u00e1g\u00e1val?\t\t\t\t\t\t\t<\/label>\n\t\t\t\t\t\t<div class=\"elementor-field-subgroup  elementor-subgroup-inline\"><span class=\"elementor-field-option\"><input type=\"radio\" value=\"nagyon el\u00e9gedett\" id=\"form-field-field_6354535-0\" name=\"form_fields[field_6354535]\" required=\"required\"> <label for=\"form-field-field_6354535-0\">nagyon el\u00e9gedett<\/label><\/span><span class=\"elementor-field-option\"><input type=\"radio\" value=\"rendben van\" id=\"form-field-field_6354535-1\" name=\"form_fields[field_6354535]\" required=\"required\"> <label for=\"form-field-field_6354535-1\">rendben van<\/label><\/span><span class=\"elementor-field-option\"><input type=\"radio\" value=\"nem el\u00e9gedett\" id=\"form-field-field_6354535-2\" name=\"form_fields[field_6354535]\" required=\"required\"> <label for=\"form-field-field_6354535-2\">nem el\u00e9gedett<\/label><\/span><\/div>\t\t\t\t<\/div>\n\t\t\t\t\t\t\t\t<div class=\"elementor-field-type-step elementor-field-group elementor-column elementor-field-group-field_d1ffc59 elementor-col-100\">\n\t\t\t\t\t\t\t<div class=\"e-field-step elementor-hidden\" data-label=\"\" data-previousButton=\"Vissza\" data-nextButton=\"Tov\u00e1bbi\" data-iconUrl=\"\" data-iconLibrary=\"fas fa-star\" data-icon=\"&lt;svg class=&quot;e-font-icon-svg e-fas-star&quot; viewBox=&quot;0 0 576 512&quot; xmlns=&quot;http:\/\/www.w3.org\/2000\/svg&quot;&gt;&lt;path d=&quot;M259.3 17.8L194 150.2 47.9 171.5c-26.2 3.8-36.7 36.1-17.7 54.6l105.7 103-25 145.5c-4.5 26.3 23.2 46 46.4 33.7L288 439.6l130.7 68.7c23.2 12.2 50.9-7.4 46.4-33.7l-25-145.5 105.7-103c19-18.5 8.5-50.8-17.7-54.6L382 150.2 316.7 17.8c-11.7-23.6-45.6-23.9-57.4 0z&quot;&gt;&lt;\/path&gt;&lt;\/svg&gt;\" ><\/div>\n\n\t\t\t\t\t\t<\/div>\n\t\t\t\t\t\t\t\t<div class=\"elementor-field-type-radio elementor-field-group elementor-column elementor-field-group-field_503ee3a elementor-col-100 elementor-field-required\">\n\t\t\t\t\t\t\t\t\t\t\t\t<label for=\"form-field-field_503ee3a\" class=\"elementor-field-label\">\n\t\t\t\t\t\t\t\tMennyire volt el\u00e9gedett a recepci\u00f3s szem\u00e9lyzet tan\u00e1csad\u00e1s\u00e1val \u00e9s szak\u00e9rtelm\u00e9vel?\t\t\t\t\t\t\t<\/label>\n\t\t\t\t\t\t<div class=\"elementor-field-subgroup  elementor-subgroup-inline\"><span class=\"elementor-field-option\"><input type=\"radio\" value=\"nagyon el\u00e9gedett\" id=\"form-field-field_503ee3a-0\" name=\"form_fields[field_503ee3a]\" required=\"required\"> <label for=\"form-field-field_503ee3a-0\">nagyon el\u00e9gedett<\/label><\/span><span class=\"elementor-field-option\"><input type=\"radio\" value=\"rendben van\" id=\"form-field-field_503ee3a-1\" name=\"form_fields[field_503ee3a]\" required=\"required\"> <label for=\"form-field-field_503ee3a-1\">rendben van<\/label><\/span><span class=\"elementor-field-option\"><input type=\"radio\" value=\"nem el\u00e9gedett\" id=\"form-field-field_503ee3a-2\" name=\"form_fields[field_503ee3a]\" required=\"required\"> <label for=\"form-field-field_503ee3a-2\">nem el\u00e9gedett<\/label><\/span><\/div>\t\t\t\t<\/div>\n\t\t\t\t\t\t\t\t<div class=\"elementor-field-type-step elementor-field-group elementor-column elementor-field-group-field_b94560e elementor-col-100\">\n\t\t\t\t\t\t\t<div class=\"e-field-step elementor-hidden\" data-label=\"\" data-previousButton=\"Vissza\" data-nextButton=\"Tov\u00e1bbi\" data-iconUrl=\"\" data-iconLibrary=\"fas fa-star\" data-icon=\"&lt;svg class=&quot;e-font-icon-svg e-fas-star&quot; viewBox=&quot;0 0 576 512&quot; xmlns=&quot;http:\/\/www.w3.org\/2000\/svg&quot;&gt;&lt;path d=&quot;M259.3 17.8L194 150.2 47.9 171.5c-26.2 3.8-36.7 36.1-17.7 54.6l105.7 103-25 145.5c-4.5 26.3 23.2 46 46.4 33.7L288 439.6l130.7 68.7c23.2 12.2 50.9-7.4 46.4-33.7l-25-145.5 105.7-103c19-18.5 8.5-50.8-17.7-54.6L382 150.2 316.7 17.8c-11.7-23.6-45.6-23.9-57.4 0z&quot;&gt;&lt;\/path&gt;&lt;\/svg&gt;\" ><\/div>\n\n\t\t\t\t\t\t<\/div>\n\t\t\t\t\t\t\t\t<div class=\"elementor-field-type-textarea elementor-field-group elementor-column elementor-field-group-message elementor-col-80\">\n\t\t\t\t\t\t\t\t\t\t\t\t<label for=\"form-field-message\" class=\"elementor-field-label\">\n\t\t\t\t\t\t\t\tMegjegyz\u00e9sek\t\t\t\t\t\t\t<\/label>\n\t\t\t\t\t\t<textarea class=\"elementor-field-textual elementor-field  elementor-size-md\" name=\"form_fields[message]\" id=\"form-field-message\" rows=\"4\" placeholder=\"Szeretne m\u00e9g valamit elmondani nek\u00fcnk?\"><\/textarea>\t\t\t\t<\/div>\n\t\t\t\t\t\t\t\t<div class=\"elementor-field-type-email elementor-field-group elementor-column elementor-field-group-field_db9f692 elementor-col-80\">\n\t\t\t\t\t\t\t\t\t\t\t\t<label for=\"form-field-field_db9f692\" class=\"elementor-field-label\">\n\t\t\t\t\t\t\t\tE-mail c\u00edm\t\t\t\t\t\t\t<\/label>\n\t\t\t\t\t\t\t\t\t\t\t\t\t\t<input size=\"1\" type=\"email\" name=\"form_fields[field_db9f692]\" id=\"form-field-field_db9f692\" class=\"elementor-field elementor-size-md  elementor-field-textual\" placeholder=\"Az \u00d6n e-mail c\u00edme\">\n\t\t\t\t\t\t\t\t\t\t\t<\/div>\n\t\t\t\t\t\t\t\t<div class=\"elementor-field-type-text\">\n\t\t\t\t\t<input size=\"1\" type=\"text\" name=\"form_fields[field_8436077]\" id=\"form-field-field_8436077\" class=\"elementor-field elementor-size-md \" style=\"display:none !important;\">\t\t\t\t<\/div>\n\t\t\t\t\t\t\t\t<div class=\"elementor-field-group elementor-column elementor-field-type-submit elementor-col-100 e-form__buttons\">\n\t\t\t\t\t<button class=\"elementor-button elementor-size-sm\" type=\"submit\">\n\t\t\t\t\t\t<span class=\"elementor-button-content-wrapper\">\n\t\t\t\t\t\t\t\t\t\t\t\t\t\t\t\t\t\t\t\t\t\t<span class=\"elementor-button-text\">K\u00fcldje el a<\/span>\n\t\t\t\t\t\t\t\t\t\t\t\t\t<\/span>\n\t\t\t\t\t<\/button>\n\t\t\t\t<\/div>\n\t\t\t<\/div>\n\t\t<\/form>\n\t\t\t\t\t\t<\/div>\n\t\t\t\t<\/div>\n\t\t\t\t<\/div>\n\t\t<div class=\"elementor-element elementor-element-cfdd6ce e-con-full e-flex e-con e-child\" data-id=\"cfdd6ce\" data-element_type=\"container\" data-e-type=\"container\">\n\t\t\t\t<div class=\"elementor-element elementor-element-d9e372c elementor-widget elementor-widget-text-editor\" data-id=\"d9e372c\" data-element_type=\"widget\" data-e-type=\"widget\" data-widget_type=\"text-editor.default\">\n\t\t\t\t<div class=\"elementor-widget-container\">\n\t\t\t\t\t\t\t\t\tFolyamatosan igyeksz\u00fcnk jav\u00edtani szolg\u00e1ltat\u00e1sainkat, ez\u00e9rt \u00f6r\u00f6mmel venn\u00e9nk, ha megosztan\u00e1 vel\u00fcnk a Colosseum l\u00e1togat\u00e1s\u00e1val kapcsolatos tapasztalatait!\n<br><br>T\u00f6ltse ki a visszajelz\u0151 \u0171rlapot, \u00e9s mondja el nek\u00fcnk, hogy tetszett a Colosseumban tett l\u00e1togat\u00e1sa! Egy kis k\u00f6sz\u00f6netk\u00e9nt ingyenes bel\u00e9p\u0151t kap a k\u00f6vetkez\u0151 l\u00e1togat\u00e1sakor &#8211; adja meg e-mail c\u00edm\u00e9t az utols\u00f3 l\u00e9p\u00e9sben, \u00e9s felvessz\u00fck \u00d6nnel a kapcsolatot! \n<br><br>Term\u00e9szetesen diszkr\u00e9ten kezelj\u00fck visszajelz\u00e9seit &#8211; nem adjuk ki adatait!\t\t\t\t\t\t\t\t<\/div>\n\t\t\t\t<\/div>\n\t\t\t\t<\/div>\n\t\t\t\t<\/div>\n\t\t\t\t\t<\/div>\n\t\t\t\t<\/div>\n\t\t\t\t<\/div>\n\t\t","protected":false},"excerpt":{"rendered":"<p>Visszajelz\u00e9s Visszajelz\u00e9si \u0171rlap Folyamatosan igyeksz\u00fcnk jav\u00edtani szolg\u00e1ltat\u00e1sainkat, ez\u00e9rt \u00f6r\u00f6mmel venn\u00e9nk, ha megosztan\u00e1 vel\u00fcnk a Colosseum l\u00e1togat\u00e1s\u00e1val kapcsolatos tapasztalatait! T\u00f6ltse ki a visszajelz\u0151 \u0171rlapot, \u00e9s mondja el nek\u00fcnk, hogy tetszett a Colosseumban tett l\u00e1togat\u00e1sa! Egy kis k\u00f6sz\u00f6netk\u00e9nt ingyenes bel\u00e9p\u0151t kap a k\u00f6vetkez\u0151 l\u00e1togat\u00e1sakor &#8211; adja meg e-mail c\u00edm\u00e9t az utols\u00f3 l\u00e9p\u00e9sben, \u00e9s felvessz\u00fck \u00d6nnel a kapcsolatot! [&hellip;]<\/p>\n","protected":false},"author":1,"featured_media":0,"parent":0,"menu_order":0,"comment_status":"closed","ping_status":"closed","template":"","meta":{"_acf_changed":false,"footnotes":""},"class_list":["post-10569","page","type-page","status-publish","hentry"],"acf":[],"yoast_head":"<!-- This site is optimized with the Yoast SEO plugin v27.4 - https:\/\/yoast.com\/product\/yoast-seo-wordpress\/ -->\n<title>Visszajelz\u00e9s | Colosseum Graz<\/title>\n<meta name=\"robots\" content=\"index, follow, max-snippet:-1, max-image-preview:large, max-video-preview:-1\" \/>\n<link rel=\"canonical\" href=\"https:\/\/www.colosseum-graz.at\/hu\/visszajelzes\/\" \/>\n<meta property=\"og:locale\" content=\"hu_HU\" \/>\n<meta property=\"og:type\" content=\"article\" \/>\n<meta property=\"og:title\" content=\"Visszajelz\u00e9s | Colosseum Graz\" \/>\n<meta property=\"og:description\" content=\"Visszajelz\u00e9s Visszajelz\u00e9si \u0171rlap Folyamatosan igyeksz\u00fcnk jav\u00edtani szolg\u00e1ltat\u00e1sainkat, ez\u00e9rt \u00f6r\u00f6mmel venn\u00e9nk, ha megosztan\u00e1 vel\u00fcnk a Colosseum l\u00e1togat\u00e1s\u00e1val kapcsolatos tapasztalatait! T\u00f6ltse ki a visszajelz\u0151 \u0171rlapot, \u00e9s mondja el nek\u00fcnk, hogy tetszett a Colosseumban tett l\u00e1togat\u00e1sa! Egy kis k\u00f6sz\u00f6netk\u00e9nt ingyenes bel\u00e9p\u0151t kap a k\u00f6vetkez\u0151 l\u00e1togat\u00e1sakor &#8211; adja meg e-mail c\u00edm\u00e9t az utols\u00f3 l\u00e9p\u00e9sben, \u00e9s felvessz\u00fck \u00d6nnel a kapcsolatot! [&hellip;]\" \/>\n<meta property=\"og:url\" content=\"https:\/\/www.colosseum-graz.at\/hu\/visszajelzes\/\" \/>\n<meta property=\"og:site_name\" content=\"Colosseum Graz\" \/>\n<meta property=\"article:modified_time\" content=\"2025-07-28T11:41:38+00:00\" \/>\n<meta name=\"twitter:card\" content=\"summary_large_image\" \/>\n<script type=\"application\/ld+json\" class=\"yoast-schema-graph\">{\"@context\":\"https:\\\/\\\/schema.org\",\"@graph\":[{\"@type\":\"WebPage\",\"@id\":\"https:\\\/\\\/www.colosseum-graz.at\\\/hu\\\/visszajelzes\\\/\",\"url\":\"https:\\\/\\\/www.colosseum-graz.at\\\/hu\\\/visszajelzes\\\/\",\"name\":\"Visszajelz\u00e9s | Colosseum Graz\",\"isPartOf\":{\"@id\":\"https:\\\/\\\/www.colosseum-graz.at\\\/hu\\\/#website\"},\"datePublished\":\"2025-07-27T12:19:35+00:00\",\"dateModified\":\"2025-07-28T11:41:38+00:00\",\"breadcrumb\":{\"@id\":\"https:\\\/\\\/www.colosseum-graz.at\\\/hu\\\/visszajelzes\\\/#breadcrumb\"},\"inLanguage\":\"hu\",\"potentialAction\":[{\"@type\":\"ReadAction\",\"target\":[\"https:\\\/\\\/www.colosseum-graz.at\\\/hu\\\/visszajelzes\\\/\"]}]},{\"@type\":\"BreadcrumbList\",\"@id\":\"https:\\\/\\\/www.colosseum-graz.at\\\/hu\\\/visszajelzes\\\/#breadcrumb\",\"itemListElement\":[{\"@type\":\"ListItem\",\"position\":1,\"name\":\"Startseite\",\"item\":\"https:\\\/\\\/www.colosseum-graz.at\\\/hu\\\/home\\\/\"},{\"@type\":\"ListItem\",\"position\":2,\"name\":\"Visszajelz\u00e9s\"}]},{\"@type\":\"WebSite\",\"@id\":\"https:\\\/\\\/www.colosseum-graz.at\\\/hu\\\/#website\",\"url\":\"https:\\\/\\\/www.colosseum-graz.at\\\/hu\\\/\",\"name\":\"Colosseum Graz\",\"description\":\"Die Nummer-1-Partylocation in Graz\",\"publisher\":{\"@id\":\"https:\\\/\\\/www.colosseum-graz.at\\\/hu\\\/#organization\"},\"potentialAction\":[{\"@type\":\"SearchAction\",\"target\":{\"@type\":\"EntryPoint\",\"urlTemplate\":\"https:\\\/\\\/www.colosseum-graz.at\\\/hu\\\/?s={search_term_string}\"},\"query-input\":{\"@type\":\"PropertyValueSpecification\",\"valueRequired\":true,\"valueName\":\"search_term_string\"}}],\"inLanguage\":\"hu\"},{\"@type\":\"Organization\",\"@id\":\"https:\\\/\\\/www.colosseum-graz.at\\\/hu\\\/#organization\",\"name\":\"Colosseum Graz\",\"alternateName\":\"Colosseum\",\"url\":\"https:\\\/\\\/www.colosseum-graz.at\\\/hu\\\/\",\"logo\":{\"@type\":\"ImageObject\",\"inLanguage\":\"hu\",\"@id\":\"https:\\\/\\\/www.colosseum-graz.at\\\/hu\\\/#\\\/schema\\\/logo\\\/image\\\/\",\"url\":\"https:\\\/\\\/www.colosseum-graz.at\\\/wp-content\\\/uploads\\\/2024\\\/12\\\/Logo-Colosseum-Graz.jpg\",\"contentUrl\":\"https:\\\/\\\/www.colosseum-graz.at\\\/wp-content\\\/uploads\\\/2024\\\/12\\\/Logo-Colosseum-Graz.jpg\",\"width\":200,\"height\":31,\"caption\":\"Colosseum Graz\"},\"image\":{\"@id\":\"https:\\\/\\\/www.colosseum-graz.at\\\/hu\\\/#\\\/schema\\\/logo\\\/image\\\/\"}}]}<\/script>\n<!-- \/ Yoast SEO plugin. -->","yoast_head_json":{"title":"Visszajelz\u00e9s | Colosseum Graz","robots":{"index":"index","follow":"follow","max-snippet":"max-snippet:-1","max-image-preview":"max-image-preview:large","max-video-preview":"max-video-preview:-1"},"canonical":"https:\/\/www.colosseum-graz.at\/hu\/visszajelzes\/","og_locale":"hu_HU","og_type":"article","og_title":"Visszajelz\u00e9s | Colosseum Graz","og_description":"Visszajelz\u00e9s Visszajelz\u00e9si \u0171rlap Folyamatosan igyeksz\u00fcnk jav\u00edtani szolg\u00e1ltat\u00e1sainkat, ez\u00e9rt \u00f6r\u00f6mmel venn\u00e9nk, ha megosztan\u00e1 vel\u00fcnk a Colosseum l\u00e1togat\u00e1s\u00e1val kapcsolatos tapasztalatait! T\u00f6ltse ki a visszajelz\u0151 \u0171rlapot, \u00e9s mondja el nek\u00fcnk, hogy tetszett a Colosseumban tett l\u00e1togat\u00e1sa! Egy kis k\u00f6sz\u00f6netk\u00e9nt ingyenes bel\u00e9p\u0151t kap a k\u00f6vetkez\u0151 l\u00e1togat\u00e1sakor &#8211; adja meg e-mail c\u00edm\u00e9t az utols\u00f3 l\u00e9p\u00e9sben, \u00e9s felvessz\u00fck \u00d6nnel a kapcsolatot! [&hellip;]","og_url":"https:\/\/www.colosseum-graz.at\/hu\/visszajelzes\/","og_site_name":"Colosseum Graz","article_modified_time":"2025-07-28T11:41:38+00:00","twitter_card":"summary_large_image","schema":{"@context":"https:\/\/schema.org","@graph":[{"@type":"WebPage","@id":"https:\/\/www.colosseum-graz.at\/hu\/visszajelzes\/","url":"https:\/\/www.colosseum-graz.at\/hu\/visszajelzes\/","name":"Visszajelz\u00e9s | Colosseum Graz","isPartOf":{"@id":"https:\/\/www.colosseum-graz.at\/hu\/#website"},"datePublished":"2025-07-27T12:19:35+00:00","dateModified":"2025-07-28T11:41:38+00:00","breadcrumb":{"@id":"https:\/\/www.colosseum-graz.at\/hu\/visszajelzes\/#breadcrumb"},"inLanguage":"hu","potentialAction":[{"@type":"ReadAction","target":["https:\/\/www.colosseum-graz.at\/hu\/visszajelzes\/"]}]},{"@type":"BreadcrumbList","@id":"https:\/\/www.colosseum-graz.at\/hu\/visszajelzes\/#breadcrumb","itemListElement":[{"@type":"ListItem","position":1,"name":"Startseite","item":"https:\/\/www.colosseum-graz.at\/hu\/home\/"},{"@type":"ListItem","position":2,"name":"Visszajelz\u00e9s"}]},{"@type":"WebSite","@id":"https:\/\/www.colosseum-graz.at\/hu\/#website","url":"https:\/\/www.colosseum-graz.at\/hu\/","name":"Colosseum Graz","description":"Die Nummer-1-Partylocation in Graz","publisher":{"@id":"https:\/\/www.colosseum-graz.at\/hu\/#organization"},"potentialAction":[{"@type":"SearchAction","target":{"@type":"EntryPoint","urlTemplate":"https:\/\/www.colosseum-graz.at\/hu\/?s={search_term_string}"},"query-input":{"@type":"PropertyValueSpecification","valueRequired":true,"valueName":"search_term_string"}}],"inLanguage":"hu"},{"@type":"Organization","@id":"https:\/\/www.colosseum-graz.at\/hu\/#organization","name":"Colosseum Graz","alternateName":"Colosseum","url":"https:\/\/www.colosseum-graz.at\/hu\/","logo":{"@type":"ImageObject","inLanguage":"hu","@id":"https:\/\/www.colosseum-graz.at\/hu\/#\/schema\/logo\/image\/","url":"https:\/\/www.colosseum-graz.at\/wp-content\/uploads\/2024\/12\/Logo-Colosseum-Graz.jpg","contentUrl":"https:\/\/www.colosseum-graz.at\/wp-content\/uploads\/2024\/12\/Logo-Colosseum-Graz.jpg","width":200,"height":31,"caption":"Colosseum Graz"},"image":{"@id":"https:\/\/www.colosseum-graz.at\/hu\/#\/schema\/logo\/image\/"}}]}},"_links":{"self":[{"href":"https:\/\/www.colosseum-graz.at\/hu\/wp-json\/wp\/v2\/pages\/10569","targetHints":{"allow":["GET"]}}],"collection":[{"href":"https:\/\/www.colosseum-graz.at\/hu\/wp-json\/wp\/v2\/pages"}],"about":[{"href":"https:\/\/www.colosseum-graz.at\/hu\/wp-json\/wp\/v2\/types\/page"}],"author":[{"embeddable":true,"href":"https:\/\/www.colosseum-graz.at\/hu\/wp-json\/wp\/v2\/users\/1"}],"replies":[{"embeddable":true,"href":"https:\/\/www.colosseum-graz.at\/hu\/wp-json\/wp\/v2\/comments?post=10569"}],"version-history":[{"count":4,"href":"https:\/\/www.colosseum-graz.at\/hu\/wp-json\/wp\/v2\/pages\/10569\/revisions"}],"predecessor-version":[{"id":10607,"href":"https:\/\/www.colosseum-graz.at\/hu\/wp-json\/wp\/v2\/pages\/10569\/revisions\/10607"}],"wp:attachment":[{"href":"https:\/\/www.colosseum-graz.at\/hu\/wp-json\/wp\/v2\/media?parent=10569"}],"curies":[{"name":"wp","href":"https:\/\/api.w.org\/{rel}","templated":true}]}}