{"id":2266,"date":"2024-12-23T21:09:00","date_gmt":"2024-12-23T21:09:00","guid":{"rendered":"https:\/\/test.colosseum-graz.at\/impressum\/"},"modified":"2025-12-01T11:30:50","modified_gmt":"2025-12-01T11:30:50","slug":"imprint","status":"publish","type":"page","link":"https:\/\/www.colosseum-graz.at\/hu\/imprint\/","title":{"rendered":"Impresszum"},"content":{"rendered":"\t\t<div data-elementor-type=\"wp-page\" data-elementor-id=\"2266\" class=\"elementor elementor-2266 elementor-74\" data-elementor-post-type=\"page\">\n\t\t\t\t<div class=\"elementor-element elementor-element-4393c547 e-flex e-con-boxed e-con e-parent\" data-id=\"4393c547\" data-element_type=\"container\" data-e-type=\"container\">\n\t\t\t\t\t<div class=\"e-con-inner\">\n\t\t\t\t<div class=\"elementor-element elementor-element-521509a g-text-1 elementor-widget elementor-widget-heading\" data-id=\"521509a\" data-element_type=\"widget\" data-e-type=\"widget\" data-widget_type=\"heading.default\">\n\t\t\t\t<div class=\"elementor-widget-container\">\n\t\t\t\t\t<h1 class=\"elementor-heading-title elementor-size-default\">Impresszum<\/h1>\t\t\t\t<\/div>\n\t\t\t\t<\/div>\n\t\t\t\t\t<\/div>\n\t\t\t\t<\/div>\n\t\t<div class=\"elementor-element elementor-element-3fda3462 e-flex e-con-boxed e-con e-parent\" data-id=\"3fda3462\" data-element_type=\"container\" data-e-type=\"container\">\n\t\t\t\t\t<div class=\"e-con-inner\">\n\t\t\t\t<div class=\"elementor-element elementor-element-1cf07a5c elementor-widget elementor-widget-heading\" data-id=\"1cf07a5c\" data-element_type=\"widget\" data-e-type=\"widget\" data-widget_type=\"heading.default\">\n\t\t\t\t<div class=\"elementor-widget-container\">\n\t\t\t\t\t<h2 class=\"elementor-heading-title elementor-size-default\">A MedienG 24. \u00a7-a, az ECG 5. \u00a7-a \u00e9s az UGB 14. \u00a7-a szerinti t\u00e1j\u00e9koztat\u00e1s<\/h2>\t\t\t\t<\/div>\n\t\t\t\t<\/div>\n\t\t\t\t<div class=\"elementor-element elementor-element-6e9a75f elementor-widget elementor-widget-heading\" data-id=\"6e9a75f\" data-element_type=\"widget\" data-e-type=\"widget\" data-widget_type=\"heading.default\">\n\t\t\t\t<div class=\"elementor-widget-container\">\n\t\t\t\t\t<h3 class=\"elementor-heading-title elementor-size-default\">Az oldal tulajdonosa<\/h3>\t\t\t\t<\/div>\n\t\t\t\t<\/div>\n\t\t\t\t<div class=\"elementor-element elementor-element-51f584e1 elementor-widget elementor-widget-text-editor\" data-id=\"51f584e1\" data-element_type=\"widget\" data-e-type=\"widget\" data-widget_type=\"text-editor.default\">\n\t\t\t\t<div class=\"elementor-widget-container\">\n\t\t\t\t\t\t\t\t\tHS Holding GmbH\n<br>Adlerstra\u00dfe 1\n<br>4600 Wels\n<br>E-mail c\u00edm: info@hs-graz.at\n<br>UID-sz\u00e1m: ATU73756358\n<br><br>Webdesign: <a href=\"https:\/\/www.look-and-feel.at\" target=\"_blank\">Look &amp; Feel Online Marketing<\/a>\t\t\t\t\t\t\t\t<\/div>\n\t\t\t\t<\/div>\n\t\t\t\t<div class=\"elementor-element elementor-element-f57b659 elementor-widget elementor-widget-heading\" data-id=\"f57b659\" data-element_type=\"widget\" data-e-type=\"widget\" data-widget_type=\"heading.default\">\n\t\t\t\t<div class=\"elementor-widget-container\">\n\t\t\t\t\t<h3 class=\"elementor-heading-title elementor-size-default\">Alkalmazand\u00f3 rendeletek<\/h3>\t\t\t\t<\/div>\n\t\t\t\t<\/div>\n\t\t\t\t<div class=\"elementor-element elementor-element-016e40e elementor-widget elementor-widget-text-editor\" data-id=\"016e40e\" data-element_type=\"widget\" data-e-type=\"widget\" data-widget_type=\"text-editor.default\">\n\t\t\t\t<div class=\"elementor-widget-container\">\n\t\t\t\t\t\t\t\t\tM\u00e9diat\u00f6rv\u00e9ny, elektronikus kereskedelemr\u0151l sz\u00f3l\u00f3 t\u00f6rv\u00e9ny, t\u00e1vk\u00f6zl\u00e9si t\u00f6rv\u00e9ny, ipart\u00f6rv\u00e9ny &#8211; l\u00e1sd a Sz\u00f6vets\u00e9gi Kancell\u00e1ria Jogi Inform\u00e1ci\u00f3s Szolg\u00e1lata: <a href=\"http:\/\/www.ris.bka.gv.at\" target=\"_blank\">www.ris.bka.gv.at<\/a>.\t\t\t\t\t\t\t\t<\/div>\n\t\t\t\t<\/div>\n\t\t\t\t<div class=\"elementor-element elementor-element-c329139 elementor-widget elementor-widget-heading\" data-id=\"c329139\" data-element_type=\"widget\" data-e-type=\"widget\" data-widget_type=\"heading.default\">\n\t\t\t\t<div class=\"elementor-widget-container\">\n\t\t\t\t\t<h3 class=\"elementor-heading-title elementor-size-default\">Kamara<\/h3>\t\t\t\t<\/div>\n\t\t\t\t<\/div>\n\t\t\t\t<div class=\"elementor-element elementor-element-8141265 elementor-widget elementor-widget-text-editor\" data-id=\"8141265\" data-element_type=\"widget\" data-e-type=\"widget\" data-widget_type=\"text-editor.default\">\n\t\t\t\t<div class=\"elementor-widget-container\">\n\t\t\t\t\t\t\t\t\tWKO Fels\u0151-Ausztria\/Szt\u00e1jerorsz\u00e1g\t\t\t\t\t\t\t\t<\/div>\n\t\t\t\t<\/div>\n\t\t\t\t<div class=\"elementor-element elementor-element-b8d36ca elementor-widget elementor-widget-heading\" data-id=\"b8d36ca\" data-element_type=\"widget\" data-e-type=\"widget\" data-widget_type=\"heading.default\">\n\t\t\t\t<div class=\"elementor-widget-container\">\n\t\t\t\t\t<h3 class=\"elementor-heading-title elementor-size-default\">Fel\u00fcgyeleti hat\u00f3s\u00e1g\/hat\u00f3s\u00e1g acc. E-kereskedelmi t\u00f6rv\u00e9ny<\/h3>\t\t\t\t<\/div>\n\t\t\t\t<\/div>\n\t\t\t\t<div class=\"elementor-element elementor-element-583db2b elementor-widget elementor-widget-text-editor\" data-id=\"583db2b\" data-element_type=\"widget\" data-e-type=\"widget\" data-widget_type=\"text-editor.default\">\n\t\t\t\t<div class=\"elementor-widget-container\">\n\t\t\t\t\t\t\t\t\tMagistrat Wels\/Graz, a t\u00e1vk\u00f6zl\u00e9si t\u00f6rv\u00e9ny keret\u00e9ben Rundfunk und Telekom Regulierungs-GmbH (RTR) \u00e9s Telekom-Control-Kommission (TKK), Mariahilfer Stra\u00dfe 77-79, 1060 B\u00e9cs.\t\t\t\t\t\t\t\t<\/div>\n\t\t\t\t<\/div>\n\t\t\t\t\t<\/div>\n\t\t\t\t<\/div>\n\t\t<div class=\"elementor-element elementor-element-f3f4f19 e-flex e-con-boxed e-con e-parent\" data-id=\"f3f4f19\" data-element_type=\"container\" data-e-type=\"container\">\n\t\t\t\t\t<div class=\"e-con-inner\">\n\t\t\t\t<div class=\"elementor-element elementor-element-f98600f elementor-widget elementor-widget-heading\" data-id=\"f98600f\" data-element_type=\"widget\" data-e-type=\"widget\" data-widget_type=\"heading.default\">\n\t\t\t\t<div class=\"elementor-widget-container\">\n\t\t\t\t\t<h2 class=\"elementor-heading-title elementor-size-default\">A m\u00e9diat\u00f6rv\u00e9ny 25. \u00a7-a szerinti k\u00f6zz\u00e9t\u00e9tel<\/h2>\t\t\t\t<\/div>\n\t\t\t\t<\/div>\n\t\t\t\t<div class=\"elementor-element elementor-element-d271d1b elementor-widget elementor-widget-heading\" data-id=\"d271d1b\" data-element_type=\"widget\" data-e-type=\"widget\" data-widget_type=\"heading.default\">\n\t\t\t\t<div class=\"elementor-widget-container\">\n\t\t\t\t\t<h3 class=\"elementor-heading-title elementor-size-default\">M\u00e9diatulajdonos \u00e9s kiad\u00f3<\/h3>\t\t\t\t<\/div>\n\t\t\t\t<\/div>\n\t\t\t\t<div class=\"elementor-element elementor-element-f58847b elementor-widget elementor-widget-text-editor\" data-id=\"f58847b\" data-element_type=\"widget\" data-e-type=\"widget\" data-widget_type=\"text-editor.default\">\n\t\t\t\t<div class=\"elementor-widget-container\">\n\t\t\t\t\t\t\t\t\tHS Holding GmbH\n<br>Adlerstra\u00dfe 1\n<br>4600 Wels\n<br>E-mail c\u00edm: info@hs-graz.at\n<br>UID sz\u00e1m: ATU73756358\t\t\t\t\t\t\t\t<\/div>\n\t\t\t\t<\/div>\n\t\t\t\t<div class=\"elementor-element elementor-element-61e3d88 elementor-widget elementor-widget-heading\" data-id=\"61e3d88\" data-element_type=\"widget\" data-e-type=\"widget\" data-widget_type=\"heading.default\">\n\t\t\t\t<div class=\"elementor-widget-container\">\n\t\t\t\t\t<h3 class=\"elementor-heading-title elementor-size-default\">A t\u00e1rsas\u00e1g c\u00e9lja<\/h3>\t\t\t\t<\/div>\n\t\t\t\t<\/div>\n\t\t\t\t<div class=\"elementor-element elementor-element-03f7372 elementor-widget elementor-widget-text-editor\" data-id=\"03f7372\" data-element_type=\"widget\" data-e-type=\"widget\" data-widget_type=\"text-editor.default\">\n\t\t\t\t<div class=\"elementor-widget-container\">\n\t\t\t\t\t\t\t\t\tK\u00eds\u00e9r\u0151szolg\u00e1lat m\u0171k\u00f6dtet\u00e9se\t\t\t\t\t\t\t\t<\/div>\n\t\t\t\t<\/div>\n\t\t\t\t<div class=\"elementor-element elementor-element-ce52ed5 elementor-widget elementor-widget-heading\" data-id=\"ce52ed5\" data-element_type=\"widget\" data-e-type=\"widget\" data-widget_type=\"heading.default\">\n\t\t\t\t<div class=\"elementor-widget-container\">\n\t\t\t\t\t<h3 class=\"elementor-heading-title elementor-size-default\">A m\u00e9dium alapvet\u0151 ir\u00e1nya<\/h3>\t\t\t\t<\/div>\n\t\t\t\t<\/div>\n\t\t\t\t<div class=\"elementor-element elementor-element-6d01554 elementor-widget elementor-widget-text-editor\" data-id=\"6d01554\" data-element_type=\"widget\" data-e-type=\"widget\" data-widget_type=\"text-editor.default\">\n\t\t\t\t<div class=\"elementor-widget-container\">\n\t\t\t\t\t\t\t\t\tA k\u00eds\u00e9r\u0151szolg\u00e1lat m\u0171k\u00f6d\u00e9s\u00e9vel kapcsolatos inform\u00e1ci\u00f3k.\t\t\t\t\t\t\t\t<\/div>\n\t\t\t\t<\/div>\n\t\t\t\t<div class=\"elementor-element elementor-element-5f8bf3f elementor-widget elementor-widget-heading\" data-id=\"5f8bf3f\" data-element_type=\"widget\" data-e-type=\"widget\" data-widget_type=\"heading.default\">\n\t\t\t\t<div class=\"elementor-widget-container\">\n\t\t\t\t\t<h3 class=\"elementor-heading-title elementor-size-default\">Szerz\u0151i jog<\/h3>\t\t\t\t<\/div>\n\t\t\t\t<\/div>\n\t\t\t\t<div class=\"elementor-element elementor-element-7215c88 elementor-widget elementor-widget-text-editor\" data-id=\"7215c88\" data-element_type=\"widget\" data-e-type=\"widget\" data-widget_type=\"text-editor.default\">\n\t\t\t\t<div class=\"elementor-widget-container\">\n\t\t\t\t\t\t\t\t\tA weboldalon tal\u00e1lhat\u00f3 inform\u00e1ci\u00f3k, bele\u00e9rtve a sz\u00f6vegeket, k\u00e9peket \u00e9s hangokat, a kiad\u00f3 \u00edr\u00e1sbeli enged\u00e9lye n\u00e9lk\u00fcl nem reproduk\u00e1lhat\u00f3k, nem tov\u00e1bb\u00edthat\u00f3k, nem terjeszthet\u0151k \u00e9s nem t\u00e1rolhat\u00f3k, kiv\u00e9ve, ha kifejezetten m\u00e1sk\u00e9pp nem rendelkezik. A weboldal tartalm\u00e1nak m\u00f3dos\u00edt\u00e1sa kifejezetten tilos.\t\t\t\t\t\t\t\t<\/div>\n\t\t\t\t<\/div>\n\t\t\t\t<div class=\"elementor-element elementor-element-089f13e elementor-widget elementor-widget-heading\" data-id=\"089f13e\" data-element_type=\"widget\" data-e-type=\"widget\" data-widget_type=\"heading.default\">\n\t\t\t\t<div class=\"elementor-widget-container\">\n\t\t\t\t\t<h3 class=\"elementor-heading-title elementor-size-default\">Felel\u0151ss\u00e9gi nyilatkozat<\/h3>\t\t\t\t<\/div>\n\t\t\t\t<\/div>\n\t\t\t\t<div class=\"elementor-element elementor-element-50b83a0 elementor-widget elementor-widget-text-editor\" data-id=\"50b83a0\" data-element_type=\"widget\" data-e-type=\"widget\" data-widget_type=\"text-editor.default\">\n\t\t\t\t<div class=\"elementor-widget-container\">\n\t\t\t\t\t\t\t\t\tB\u00e1r a legnagyobb gondoss\u00e1ggal \u00e1ll\u00edtottuk \u00f6ssze a weboldalunkon tal\u00e1lhat\u00f3 inform\u00e1ci\u00f3kat, nem tudjuk garant\u00e1lni, hogy azok naprak\u00e9szek, helyesek vagy teljesek. Alapvet\u0151en kiz\u00e1rtak a vel\u00fcnk szembeni, a megadott inform\u00e1ci\u00f3k felhaszn\u00e1l\u00e1sa vagy nem felhaszn\u00e1l\u00e1sa, illetve a helytelen vagy hi\u00e1nyos t\u00e1j\u00e9koztat\u00e1s \u00e1ltal okozott vagyoni vagy nem vagyoni k\u00e1rokkal kapcsolatos felel\u0151ss\u00e9gi ig\u00e9nyek. Fenntartjuk a jogot, hogy a szerveren tal\u00e1lhat\u00f3 inform\u00e1ci\u00f3kat el\u0151zetes \u00e9rtes\u00edt\u00e9s n\u00e9lk\u00fcl megv\u00e1ltoztassuk. Az aj\u00e1nlatok v\u00e1ltozhatnak \u00e9s nem k\u00f6telez\u0151 \u00e9rv\u00e9ny\u0171ek.\t\t\t\t\t\t\t\t<\/div>\n\t\t\t\t<\/div>\n\t\t\t\t<div class=\"elementor-element elementor-element-1a3275a elementor-widget elementor-widget-heading\" data-id=\"1a3275a\" data-element_type=\"widget\" data-e-type=\"widget\" data-widget_type=\"heading.default\">\n\t\t\t\t<div class=\"elementor-widget-container\">\n\t\t\t\t\t<h3 class=\"elementor-heading-title elementor-size-default\">Linkek<\/h3>\t\t\t\t<\/div>\n\t\t\t\t<\/div>\n\t\t\t\t<div class=\"elementor-element elementor-element-0f27131 elementor-widget elementor-widget-text-editor\" data-id=\"0f27131\" data-element_type=\"widget\" data-e-type=\"widget\" data-widget_type=\"text-editor.default\">\n\t\t\t\t<div class=\"elementor-widget-container\">\n\t\t\t\t\t\t\t\t\tA weboldal k\u00fcls\u0151 weboldalakra mutat\u00f3 linkeket tartalmazhat. Mivel ezek a weboldalak nem tartoznak a mi ellen\u0151rz\u00e9s\u00fcnk al\u00e1, nem tudunk felel\u0151ss\u00e9get v\u00e1llalni a tartalmuk\u00e9rt \u00e9s adatv\u00e9delmi politik\u00e1juk\u00e9rt. A k\u00f6zz\u00e9tett inform\u00e1ci\u00f3k nem felt\u00e9tlen\u00fcl t\u00fckr\u00f6zik a mi v\u00e9lem\u00e9ny\u00fcnket.\t\t\t\t\t\t\t\t<\/div>\n\t\t\t\t<\/div>\n\t\t\t\t\t<\/div>\n\t\t\t\t<\/div>\n\t\t\t\t<\/div>\n\t\t","protected":false},"excerpt":{"rendered":"<p>Impresszum A MedienG 24. \u00a7-a, az ECG 5. \u00a7-a \u00e9s az UGB 14. \u00a7-a szerinti t\u00e1j\u00e9koztat\u00e1s Az oldal tulajdonosa HS Holding GmbH Adlerstra\u00dfe 1 4600 Wels E-mail c\u00edm: info@hs-graz.at UID-sz\u00e1m: ATU73756358 Webdesign: Look &amp; Feel Online Marketing Alkalmazand\u00f3 rendeletek M\u00e9diat\u00f6rv\u00e9ny, elektronikus kereskedelemr\u0151l sz\u00f3l\u00f3 t\u00f6rv\u00e9ny, t\u00e1vk\u00f6zl\u00e9si t\u00f6rv\u00e9ny, ipart\u00f6rv\u00e9ny &#8211; l\u00e1sd a Sz\u00f6vets\u00e9gi Kancell\u00e1ria Jogi Inform\u00e1ci\u00f3s Szolg\u00e1lata: [&hellip;]<\/p>\n","protected":false},"author":1,"featured_media":0,"parent":0,"menu_order":0,"comment_status":"closed","ping_status":"closed","template":"","meta":{"_acf_changed":false,"footnotes":""},"class_list":["post-2266","page","type-page","status-publish","hentry"],"acf":[],"yoast_head":"<!-- This site is optimized with the Yoast SEO plugin v27.4 - https:\/\/yoast.com\/product\/yoast-seo-wordpress\/ -->\n<title>Impresszum | Colosseum Graz<\/title>\n<meta name=\"robots\" content=\"index, follow, max-snippet:-1, max-image-preview:large, max-video-preview:-1\" \/>\n<link rel=\"canonical\" href=\"https:\/\/www.colosseum-graz.at\/hu\/imprint\/\" \/>\n<meta property=\"og:locale\" content=\"hu_HU\" \/>\n<meta property=\"og:type\" content=\"article\" \/>\n<meta property=\"og:title\" content=\"Impresszum | Colosseum Graz\" \/>\n<meta property=\"og:description\" content=\"Impresszum A MedienG 24. \u00a7-a, az ECG 5. \u00a7-a \u00e9s az UGB 14. \u00a7-a szerinti t\u00e1j\u00e9koztat\u00e1s Az oldal tulajdonosa HS Holding GmbH Adlerstra\u00dfe 1 4600 Wels E-mail c\u00edm: info@hs-graz.at UID-sz\u00e1m: ATU73756358 Webdesign: Look &amp; Feel Online Marketing Alkalmazand\u00f3 rendeletek M\u00e9diat\u00f6rv\u00e9ny, elektronikus kereskedelemr\u0151l sz\u00f3l\u00f3 t\u00f6rv\u00e9ny, t\u00e1vk\u00f6zl\u00e9si t\u00f6rv\u00e9ny, ipart\u00f6rv\u00e9ny &#8211; l\u00e1sd a Sz\u00f6vets\u00e9gi Kancell\u00e1ria Jogi Inform\u00e1ci\u00f3s Szolg\u00e1lata: [&hellip;]\" \/>\n<meta property=\"og:url\" content=\"https:\/\/www.colosseum-graz.at\/hu\/imprint\/\" \/>\n<meta property=\"og:site_name\" content=\"Colosseum Graz\" \/>\n<meta property=\"article:modified_time\" content=\"2025-12-01T11:30:50+00:00\" \/>\n<meta name=\"twitter:card\" content=\"summary_large_image\" \/>\n<meta name=\"twitter:label1\" content=\"Becs\u00fclt olvas\u00e1si id\u0151\" \/>\n\t<meta name=\"twitter:data1\" content=\"2 perc\" \/>\n<script type=\"application\/ld+json\" class=\"yoast-schema-graph\">{\"@context\":\"https:\\\/\\\/schema.org\",\"@graph\":[{\"@type\":\"WebPage\",\"@id\":\"https:\\\/\\\/www.colosseum-graz.at\\\/hu\\\/imprint\\\/\",\"url\":\"https:\\\/\\\/www.colosseum-graz.at\\\/hu\\\/imprint\\\/\",\"name\":\"Impresszum | Colosseum Graz\",\"isPartOf\":{\"@id\":\"https:\\\/\\\/www.colosseum-graz.at\\\/hu\\\/#website\"},\"datePublished\":\"2024-12-23T21:09:00+00:00\",\"dateModified\":\"2025-12-01T11:30:50+00:00\",\"breadcrumb\":{\"@id\":\"https:\\\/\\\/www.colosseum-graz.at\\\/hu\\\/imprint\\\/#breadcrumb\"},\"inLanguage\":\"hu\",\"potentialAction\":[{\"@type\":\"ReadAction\",\"target\":[\"https:\\\/\\\/www.colosseum-graz.at\\\/hu\\\/imprint\\\/\"]}]},{\"@type\":\"BreadcrumbList\",\"@id\":\"https:\\\/\\\/www.colosseum-graz.at\\\/hu\\\/imprint\\\/#breadcrumb\",\"itemListElement\":[{\"@type\":\"ListItem\",\"position\":1,\"name\":\"Startseite\",\"item\":\"https:\\\/\\\/www.colosseum-graz.at\\\/hu\\\/home\\\/\"},{\"@type\":\"ListItem\",\"position\":2,\"name\":\"Impresszum\"}]},{\"@type\":\"WebSite\",\"@id\":\"https:\\\/\\\/www.colosseum-graz.at\\\/hu\\\/#website\",\"url\":\"https:\\\/\\\/www.colosseum-graz.at\\\/hu\\\/\",\"name\":\"Colosseum Graz\",\"description\":\"Die Nummer-1-Partylocation in Graz\",\"publisher\":{\"@id\":\"https:\\\/\\\/www.colosseum-graz.at\\\/hu\\\/#organization\"},\"potentialAction\":[{\"@type\":\"SearchAction\",\"target\":{\"@type\":\"EntryPoint\",\"urlTemplate\":\"https:\\\/\\\/www.colosseum-graz.at\\\/hu\\\/?s={search_term_string}\"},\"query-input\":{\"@type\":\"PropertyValueSpecification\",\"valueRequired\":true,\"valueName\":\"search_term_string\"}}],\"inLanguage\":\"hu\"},{\"@type\":\"Organization\",\"@id\":\"https:\\\/\\\/www.colosseum-graz.at\\\/hu\\\/#organization\",\"name\":\"Colosseum Graz\",\"alternateName\":\"Colosseum\",\"url\":\"https:\\\/\\\/www.colosseum-graz.at\\\/hu\\\/\",\"logo\":{\"@type\":\"ImageObject\",\"inLanguage\":\"hu\",\"@id\":\"https:\\\/\\\/www.colosseum-graz.at\\\/hu\\\/#\\\/schema\\\/logo\\\/image\\\/\",\"url\":\"https:\\\/\\\/www.colosseum-graz.at\\\/wp-content\\\/uploads\\\/2024\\\/12\\\/Logo-Colosseum-Graz.jpg\",\"contentUrl\":\"https:\\\/\\\/www.colosseum-graz.at\\\/wp-content\\\/uploads\\\/2024\\\/12\\\/Logo-Colosseum-Graz.jpg\",\"width\":200,\"height\":31,\"caption\":\"Colosseum Graz\"},\"image\":{\"@id\":\"https:\\\/\\\/www.colosseum-graz.at\\\/hu\\\/#\\\/schema\\\/logo\\\/image\\\/\"}}]}<\/script>\n<!-- \/ Yoast SEO plugin. -->","yoast_head_json":{"title":"Impresszum | Colosseum Graz","robots":{"index":"index","follow":"follow","max-snippet":"max-snippet:-1","max-image-preview":"max-image-preview:large","max-video-preview":"max-video-preview:-1"},"canonical":"https:\/\/www.colosseum-graz.at\/hu\/imprint\/","og_locale":"hu_HU","og_type":"article","og_title":"Impresszum | Colosseum Graz","og_description":"Impresszum A MedienG 24. \u00a7-a, az ECG 5. \u00a7-a \u00e9s az UGB 14. \u00a7-a szerinti t\u00e1j\u00e9koztat\u00e1s Az oldal tulajdonosa HS Holding GmbH Adlerstra\u00dfe 1 4600 Wels E-mail c\u00edm: info@hs-graz.at UID-sz\u00e1m: ATU73756358 Webdesign: Look &amp; Feel Online Marketing Alkalmazand\u00f3 rendeletek M\u00e9diat\u00f6rv\u00e9ny, elektronikus kereskedelemr\u0151l sz\u00f3l\u00f3 t\u00f6rv\u00e9ny, t\u00e1vk\u00f6zl\u00e9si t\u00f6rv\u00e9ny, ipart\u00f6rv\u00e9ny &#8211; l\u00e1sd a Sz\u00f6vets\u00e9gi Kancell\u00e1ria Jogi Inform\u00e1ci\u00f3s Szolg\u00e1lata: [&hellip;]","og_url":"https:\/\/www.colosseum-graz.at\/hu\/imprint\/","og_site_name":"Colosseum Graz","article_modified_time":"2025-12-01T11:30:50+00:00","twitter_card":"summary_large_image","twitter_misc":{"Becs\u00fclt olvas\u00e1si id\u0151":"2 perc"},"schema":{"@context":"https:\/\/schema.org","@graph":[{"@type":"WebPage","@id":"https:\/\/www.colosseum-graz.at\/hu\/imprint\/","url":"https:\/\/www.colosseum-graz.at\/hu\/imprint\/","name":"Impresszum | Colosseum Graz","isPartOf":{"@id":"https:\/\/www.colosseum-graz.at\/hu\/#website"},"datePublished":"2024-12-23T21:09:00+00:00","dateModified":"2025-12-01T11:30:50+00:00","breadcrumb":{"@id":"https:\/\/www.colosseum-graz.at\/hu\/imprint\/#breadcrumb"},"inLanguage":"hu","potentialAction":[{"@type":"ReadAction","target":["https:\/\/www.colosseum-graz.at\/hu\/imprint\/"]}]},{"@type":"BreadcrumbList","@id":"https:\/\/www.colosseum-graz.at\/hu\/imprint\/#breadcrumb","itemListElement":[{"@type":"ListItem","position":1,"name":"Startseite","item":"https:\/\/www.colosseum-graz.at\/hu\/home\/"},{"@type":"ListItem","position":2,"name":"Impresszum"}]},{"@type":"WebSite","@id":"https:\/\/www.colosseum-graz.at\/hu\/#website","url":"https:\/\/www.colosseum-graz.at\/hu\/","name":"Colosseum Graz","description":"Die Nummer-1-Partylocation in Graz","publisher":{"@id":"https:\/\/www.colosseum-graz.at\/hu\/#organization"},"potentialAction":[{"@type":"SearchAction","target":{"@type":"EntryPoint","urlTemplate":"https:\/\/www.colosseum-graz.at\/hu\/?s={search_term_string}"},"query-input":{"@type":"PropertyValueSpecification","valueRequired":true,"valueName":"search_term_string"}}],"inLanguage":"hu"},{"@type":"Organization","@id":"https:\/\/www.colosseum-graz.at\/hu\/#organization","name":"Colosseum Graz","alternateName":"Colosseum","url":"https:\/\/www.colosseum-graz.at\/hu\/","logo":{"@type":"ImageObject","inLanguage":"hu","@id":"https:\/\/www.colosseum-graz.at\/hu\/#\/schema\/logo\/image\/","url":"https:\/\/www.colosseum-graz.at\/wp-content\/uploads\/2024\/12\/Logo-Colosseum-Graz.jpg","contentUrl":"https:\/\/www.colosseum-graz.at\/wp-content\/uploads\/2024\/12\/Logo-Colosseum-Graz.jpg","width":200,"height":31,"caption":"Colosseum Graz"},"image":{"@id":"https:\/\/www.colosseum-graz.at\/hu\/#\/schema\/logo\/image\/"}}]}},"_links":{"self":[{"href":"https:\/\/www.colosseum-graz.at\/hu\/wp-json\/wp\/v2\/pages\/2266","targetHints":{"allow":["GET"]}}],"collection":[{"href":"https:\/\/www.colosseum-graz.at\/hu\/wp-json\/wp\/v2\/pages"}],"about":[{"href":"https:\/\/www.colosseum-graz.at\/hu\/wp-json\/wp\/v2\/types\/page"}],"author":[{"embeddable":true,"href":"https:\/\/www.colosseum-graz.at\/hu\/wp-json\/wp\/v2\/users\/1"}],"replies":[{"embeddable":true,"href":"https:\/\/www.colosseum-graz.at\/hu\/wp-json\/wp\/v2\/comments?post=2266"}],"version-history":[{"count":6,"href":"https:\/\/www.colosseum-graz.at\/hu\/wp-json\/wp\/v2\/pages\/2266\/revisions"}],"predecessor-version":[{"id":15438,"href":"https:\/\/www.colosseum-graz.at\/hu\/wp-json\/wp\/v2\/pages\/2266\/revisions\/15438"}],"wp:attachment":[{"href":"https:\/\/www.colosseum-graz.at\/hu\/wp-json\/wp\/v2\/media?parent=2266"}],"curies":[{"name":"wp","href":"https:\/\/api.w.org\/{rel}","templated":true}]}}