{"id":2282,"date":"2025-01-28T17:02:15","date_gmt":"2025-01-28T17:02:15","guid":{"rendered":"https:\/\/test.colosseum-graz.at\/escort\/"},"modified":"2025-02-19T21:32:45","modified_gmt":"2025-02-19T21:32:45","slug":"escort","status":"publish","type":"page","link":"https:\/\/www.colosseum-graz.at\/hu\/escort\/","title":{"rendered":"Escort"},"content":{"rendered":"\t\t<div data-elementor-type=\"wp-page\" data-elementor-id=\"2282\" class=\"elementor elementor-2282 elementor-2127\" data-elementor-post-type=\"page\">\n\t\t\t\t<div class=\"elementor-element elementor-element-3a82bf6 e-flex e-con-boxed e-con e-parent\" data-id=\"3a82bf6\" data-element_type=\"container\" data-e-type=\"container\" data-settings=\"{&quot;background_background&quot;:&quot;classic&quot;,&quot;background_motion_fx_motion_fx_mouse&quot;:&quot;yes&quot;,&quot;background_motion_fx_mouseTrack_effect&quot;:&quot;yes&quot;,&quot;background_motion_fx_mouseTrack_speed&quot;:{&quot;unit&quot;:&quot;px&quot;,&quot;size&quot;:1,&quot;sizes&quot;:[]}}\">\n\t\t\t\t\t<div class=\"e-con-inner\">\n\t\t\t\t<div class=\"elementor-element elementor-element-8242f47 g-text-1 elementor-invisible elementor-widget elementor-widget-heading\" data-id=\"8242f47\" data-element_type=\"widget\" data-e-type=\"widget\" data-settings=\"{&quot;_animation&quot;:&quot;fadeInUp&quot;,&quot;_animation_mobile&quot;:&quot;fadeInDown&quot;}\" data-widget_type=\"heading.default\">\n\t\t\t\t<div class=\"elementor-widget-container\">\n\t\t\t\t\t<h1 class=\"elementor-heading-title elementor-size-default\">K\u00eds\u00e9r\u0151szolg\u00e1lat<\/h1>\t\t\t\t<\/div>\n\t\t\t\t<\/div>\n\t\t\t\t\t<\/div>\n\t\t\t\t<\/div>\n\t\t<div class=\"elementor-element elementor-element-c0467f9 e-flex e-con-boxed e-con e-parent\" data-id=\"c0467f9\" data-element_type=\"container\" data-e-type=\"container\">\n\t\t\t\t\t<div class=\"e-con-inner\">\n\t\t\t\t<div class=\"elementor-element elementor-element-c508251 elementor-widget elementor-widget-heading\" data-id=\"c508251\" data-element_type=\"widget\" data-e-type=\"widget\" data-widget_type=\"heading.default\">\n\t\t\t\t<div class=\"elementor-widget-container\">\n\t\t\t\t\t<h2 class=\"elementor-heading-title elementor-size-default\">A szolg\u00e1ltat\u00e1s azzal a bizonyos valamivel<\/h2>\t\t\t\t<\/div>\n\t\t\t\t<\/div>\n\t\t\t\t\t<\/div>\n\t\t\t\t<\/div>\n\t\t<div class=\"elementor-element elementor-element-6de205e e-flex e-con-boxed e-con e-parent\" data-id=\"6de205e\" data-element_type=\"container\" data-e-type=\"container\">\n\t\t\t\t\t<div class=\"e-con-inner\">\n\t\t<div class=\"elementor-element elementor-element-6e4b65c e-con-full e-flex e-con e-child\" data-id=\"6e4b65c\" data-element_type=\"container\" data-e-type=\"container\">\n\t\t\t\t<div class=\"elementor-element elementor-element-28a3705 elementor-widget elementor-widget-image\" data-id=\"28a3705\" data-element_type=\"widget\" data-e-type=\"widget\" data-widget_type=\"image.default\">\n\t\t\t\t<div class=\"elementor-widget-container\">\n\t\t\t\t\t\t\t\t\t\t\t\t\t\t\t<img fetchpriority=\"high\" decoding=\"async\" width=\"460\" height=\"460\" src=\"https:\/\/www.colosseum-graz.at\/wp-content\/uploads\/2025\/01\/Services-\u2013-Escort.jpg\" class=\"elementor-animation-float attachment-full size-full wp-image-2227\" alt=\"\" srcset=\"https:\/\/www.colosseum-graz.at\/wp-content\/uploads\/2025\/01\/Services-\u2013-Escort.jpg 460w, https:\/\/www.colosseum-graz.at\/wp-content\/uploads\/2025\/01\/Services-\u2013-Escort-300x300.jpg 300w, https:\/\/www.colosseum-graz.at\/wp-content\/uploads\/2025\/01\/Services-\u2013-Escort-150x150.jpg 150w\" sizes=\"(max-width: 460px) 100vw, 460px\" \/>\t\t\t\t\t\t\t\t\t\t\t\t\t\t\t<\/div>\n\t\t\t\t<\/div>\n\t\t\t\t<\/div>\n\t\t<div class=\"elementor-element elementor-element-7c49a85 e-con-full e-flex e-con e-child\" data-id=\"7c49a85\" data-element_type=\"container\" data-e-type=\"container\">\n\t\t\t\t<div class=\"elementor-element elementor-element-4ceb4c9 elementor-widget elementor-widget-text-editor\" data-id=\"4ceb4c9\" data-element_type=\"widget\" data-e-type=\"widget\" data-widget_type=\"text-editor.default\">\n\t\t\t\t<div class=\"elementor-widget-container\">\n\t\t\t\t\t\t\t\t\t<p>Napi 24&nbsp;h escort szolg\u00e1ltat\u00e1st k\u00edn\u00e1lunk \u00d6nnek a legmagasabb szinten &#8211; term\u00e9szetesen 100&nbsp;% diszkr\u00e9t \u00e9s komoly.<\/p>\n<p>\u00c9lvezze a v\u00e1gyakoz\u00e1ssal \u00e9s bizserget\u0151 \u00e9rz\u00e9sekkel teli erotikus tal\u00e1lkoz\u00f3t egy gy\u00f6ny\u00f6r\u0171 h\u00f6lggyel, amit nem fog egyhamar elfelejteni. \ud83d\ude09<\/p>\nK\u00e9rd\u00e9se van escort szolg\u00e1ltat\u00e1sunkkal kapcsolatban, vagy szeretne lefoglalni egy h\u00f6lgyet? Akkor azonnal vegye fel vel\u00fcnk a kapcsolatot, sz\u00edvesen seg\u00edt\u00fcnk!\t\t\t\t\t\t\t\t<\/div>\n\t\t\t\t<\/div>\n\t\t\t\t<div class=\"elementor-element elementor-element-27a4b90 gradient-btn  elementor-align-left elementor-mobile-align-center elementor-widget elementor-widget-button\" data-id=\"27a4b90\" data-element_type=\"widget\" data-e-type=\"widget\" data-widget_type=\"button.default\">\n\t\t\t\t<div class=\"elementor-widget-container\">\n\t\t\t\t\t\t\t\t\t<div class=\"elementor-button-wrapper\">\n\t\t\t\t\t<a class=\"elementor-button elementor-button-link elementor-size-sm\" href=\"https:\/\/www.colosseum-graz.at\/hu\/kapcsolatfelvetel\/\">\n\t\t\t\t\t\t<span class=\"elementor-button-content-wrapper\">\n\t\t\t\t\t\t\t\t\t<span class=\"elementor-button-text\">Kapcsolatfelv\u00e9tel<\/span>\n\t\t\t\t\t<\/span>\n\t\t\t\t\t<\/a>\n\t\t\t\t<\/div>\n\t\t\t\t\t\t\t\t<\/div>\n\t\t\t\t<\/div>\n\t\t\t\t<\/div>\n\t\t\t\t\t<\/div>\n\t\t\t\t<\/div>\n\t\t<div class=\"elementor-element elementor-element-80f14ba e-flex e-con-boxed e-con e-parent\" data-id=\"80f14ba\" data-element_type=\"container\" data-e-type=\"container\">\n\t\t\t\t\t<div class=\"e-con-inner\">\n\t\t\t\t<div class=\"elementor-element elementor-element-c490375 elementor-widget elementor-widget-heading\" data-id=\"c490375\" data-element_type=\"widget\" data-e-type=\"widget\" data-widget_type=\"heading.default\">\n\t\t\t\t<div class=\"elementor-widget-container\">\n\t\t\t\t\t<h2 class=\"elementor-heading-title elementor-size-default\">Tov\u00e1bbi szolg\u00e1ltat\u00e1sok<\/h2>\t\t\t\t<\/div>\n\t\t\t\t<\/div>\n\t\t\t\t<div class=\"elementor-element elementor-element-ab4b63d elementor-widget elementor-widget-image\" data-id=\"ab4b63d\" data-element_type=\"widget\" data-e-type=\"widget\" data-widget_type=\"image.default\">\n\t\t\t\t<div class=\"elementor-widget-container\">\n\t\t\t\t\t\t\t\t\t\t\t\t\t\t\t\t<a href=\"https:\/\/www.colosseum-graz.at\/services\/\">\n\t\t\t\t\t\t\t<img decoding=\"async\" src=\"https:\/\/www.colosseum-graz.at\/wp-content\/uploads\/elementor\/thumbs\/Services-r0xqans0u5lkca4hxn5uk9b7m3qalhsk0pag1b8idc.jpg\" title=\"Szolg\u00e1ltat\u00e1sok\" alt=\"Szolg\u00e1ltat\u00e1sok\" class=\"elementor-animation-float\" loading=\"lazy\" \/>\t\t\t\t\t\t\t\t<\/a>\n\t\t\t\t\t\t\t\t\t\t\t\t\t\t\t<\/div>\n\t\t\t\t<\/div>\n\t\t\t\t<div class=\"elementor-element elementor-element-9ab2dbe elementor-widget elementor-widget-text-editor\" data-id=\"9ab2dbe\" data-element_type=\"widget\" data-e-type=\"widget\" data-widget_type=\"text-editor.default\">\n\t\t\t\t<div class=\"elementor-widget-container\">\n\t\t\t\t\t\t\t\t\tA legszebb grazi l\u00e1nyok sz\u00e9lesk\u00f6r\u0171 szolg\u00e1ltat\u00e1sokat ny\u00fajtanak \u00d6nnek a legmagasabb sz\u00ednvonalon. Van b\u00e1rmilyen k\u00fcl\u00f6nleges k\u00e9r\u00e9se? &nbsp;Akkor haszn\u00e1lja ki k\u00fcl\u00f6nleges aj\u00e1nlatainkat, mint p\u00e9ld\u00e1ul a limuzin akci\u00f3t !\n<br><br>Itt \u00e1ttekint\u00e9st tal\u00e1l az \u00f6sszes szolg\u00e1ltat\u00e1sunkr\u00f3l.\t\t\t\t\t\t\t\t<\/div>\n\t\t\t\t<\/div>\n\t\t\t\t<div class=\"elementor-element elementor-element-e750c5a gradient-btn  elementor-widget elementor-widget-button\" data-id=\"e750c5a\" data-element_type=\"widget\" data-e-type=\"widget\" data-widget_type=\"button.default\">\n\t\t\t\t<div class=\"elementor-widget-container\">\n\t\t\t\t\t\t\t\t\t<div class=\"elementor-button-wrapper\">\n\t\t\t\t\t<a class=\"elementor-button elementor-button-link elementor-size-sm\" href=\"https:\/\/www.colosseum-graz.at\/hu\/szolgaltatasok\/\">\n\t\t\t\t\t\t<span class=\"elementor-button-content-wrapper\">\n\t\t\t\t\t\t\t\t\t<span class=\"elementor-button-text\">Szolg\u00e1ltat\u00e1saink<\/span>\n\t\t\t\t\t<\/span>\n\t\t\t\t\t<\/a>\n\t\t\t\t<\/div>\n\t\t\t\t\t\t\t\t<\/div>\n\t\t\t\t<\/div>\n\t\t\t\t\t<\/div>\n\t\t\t\t<\/div>\n\t\t\t\t<\/div>\n\t\t","protected":false},"excerpt":{"rendered":"<p>K\u00eds\u00e9r\u0151szolg\u00e1lat A szolg\u00e1ltat\u00e1s azzal a bizonyos valamivel Napi 24&nbsp;h escort szolg\u00e1ltat\u00e1st k\u00edn\u00e1lunk \u00d6nnek a legmagasabb szinten &#8211; term\u00e9szetesen 100&nbsp;% diszkr\u00e9t \u00e9s komoly. \u00c9lvezze a v\u00e1gyakoz\u00e1ssal \u00e9s bizserget\u0151 \u00e9rz\u00e9sekkel teli erotikus tal\u00e1lkoz\u00f3t egy gy\u00f6ny\u00f6r\u0171 h\u00f6lggyel, amit nem fog egyhamar elfelejteni. \ud83d\ude09 K\u00e9rd\u00e9se van escort szolg\u00e1ltat\u00e1sunkkal kapcsolatban, vagy szeretne lefoglalni egy h\u00f6lgyet? Akkor azonnal vegye fel vel\u00fcnk [&hellip;]<\/p>\n","protected":false},"author":1,"featured_media":0,"parent":0,"menu_order":0,"comment_status":"closed","ping_status":"closed","template":"","meta":{"_acf_changed":false,"footnotes":""},"class_list":["post-2282","page","type-page","status-publish","hentry"],"acf":[],"yoast_head":"<!-- This site is optimized with the Yoast SEO plugin v27.4 - https:\/\/yoast.com\/product\/yoast-seo-wordpress\/ -->\n<title>Escort | Colosseum Graz<\/title>\n<meta name=\"robots\" content=\"index, follow, max-snippet:-1, max-image-preview:large, max-video-preview:-1\" \/>\n<link rel=\"canonical\" href=\"https:\/\/www.colosseum-graz.at\/hu\/escort\/\" \/>\n<meta property=\"og:locale\" content=\"hu_HU\" \/>\n<meta property=\"og:type\" content=\"article\" \/>\n<meta property=\"og:title\" content=\"Escort | Colosseum Graz\" \/>\n<meta property=\"og:description\" content=\"K\u00eds\u00e9r\u0151szolg\u00e1lat A szolg\u00e1ltat\u00e1s azzal a bizonyos valamivel Napi 24&nbsp;h escort szolg\u00e1ltat\u00e1st k\u00edn\u00e1lunk \u00d6nnek a legmagasabb szinten &#8211; term\u00e9szetesen 100&nbsp;% diszkr\u00e9t \u00e9s komoly. \u00c9lvezze a v\u00e1gyakoz\u00e1ssal \u00e9s bizserget\u0151 \u00e9rz\u00e9sekkel teli erotikus tal\u00e1lkoz\u00f3t egy gy\u00f6ny\u00f6r\u0171 h\u00f6lggyel, amit nem fog egyhamar elfelejteni. \ud83d\ude09 K\u00e9rd\u00e9se van escort szolg\u00e1ltat\u00e1sunkkal kapcsolatban, vagy szeretne lefoglalni egy h\u00f6lgyet? Akkor azonnal vegye fel vel\u00fcnk [&hellip;]\" \/>\n<meta property=\"og:url\" content=\"https:\/\/www.colosseum-graz.at\/hu\/escort\/\" \/>\n<meta property=\"og:site_name\" content=\"Colosseum Graz\" \/>\n<meta property=\"article:modified_time\" content=\"2025-02-19T21:32:45+00:00\" \/>\n<meta property=\"og:image\" content=\"https:\/\/www.colosseum-graz.at\/wp-content\/uploads\/elementor\/thumbs\/Services-r0xqans0u5lkca4hxn5uk9b7m3qalhsk0pag1b8idc.jpg\" \/>\n<meta name=\"twitter:card\" content=\"summary_large_image\" \/>\n<meta name=\"twitter:label1\" content=\"Becs\u00fclt olvas\u00e1si id\u0151\" \/>\n\t<meta name=\"twitter:data1\" content=\"1 perc\" \/>\n<script type=\"application\/ld+json\" class=\"yoast-schema-graph\">{\"@context\":\"https:\\\/\\\/schema.org\",\"@graph\":[{\"@type\":\"WebPage\",\"@id\":\"https:\\\/\\\/www.colosseum-graz.at\\\/hu\\\/escort\\\/\",\"url\":\"https:\\\/\\\/www.colosseum-graz.at\\\/hu\\\/escort\\\/\",\"name\":\"Escort | Colosseum Graz\",\"isPartOf\":{\"@id\":\"https:\\\/\\\/www.colosseum-graz.at\\\/hu\\\/#website\"},\"primaryImageOfPage\":{\"@id\":\"https:\\\/\\\/www.colosseum-graz.at\\\/hu\\\/escort\\\/#primaryimage\"},\"image\":{\"@id\":\"https:\\\/\\\/www.colosseum-graz.at\\\/hu\\\/escort\\\/#primaryimage\"},\"thumbnailUrl\":\"https:\\\/\\\/www.colosseum-graz.at\\\/wp-content\\\/uploads\\\/elementor\\\/thumbs\\\/Services-r0xqans0u5lkca4hxn5uk9b7m3qalhsk0pag1b8idc.jpg\",\"datePublished\":\"2025-01-28T17:02:15+00:00\",\"dateModified\":\"2025-02-19T21:32:45+00:00\",\"breadcrumb\":{\"@id\":\"https:\\\/\\\/www.colosseum-graz.at\\\/hu\\\/escort\\\/#breadcrumb\"},\"inLanguage\":\"hu\",\"potentialAction\":[{\"@type\":\"ReadAction\",\"target\":[\"https:\\\/\\\/www.colosseum-graz.at\\\/hu\\\/escort\\\/\"]}]},{\"@type\":\"ImageObject\",\"inLanguage\":\"hu\",\"@id\":\"https:\\\/\\\/www.colosseum-graz.at\\\/hu\\\/escort\\\/#primaryimage\",\"url\":\"https:\\\/\\\/www.colosseum-graz.at\\\/wp-content\\\/uploads\\\/elementor\\\/thumbs\\\/Services-r0xqans0u5lkca4hxn5uk9b7m3qalhsk0pag1b8idc.jpg\",\"contentUrl\":\"https:\\\/\\\/www.colosseum-graz.at\\\/wp-content\\\/uploads\\\/elementor\\\/thumbs\\\/Services-r0xqans0u5lkca4hxn5uk9b7m3qalhsk0pag1b8idc.jpg\"},{\"@type\":\"BreadcrumbList\",\"@id\":\"https:\\\/\\\/www.colosseum-graz.at\\\/hu\\\/escort\\\/#breadcrumb\",\"itemListElement\":[{\"@type\":\"ListItem\",\"position\":1,\"name\":\"Startseite\",\"item\":\"https:\\\/\\\/www.colosseum-graz.at\\\/hu\\\/home\\\/\"},{\"@type\":\"ListItem\",\"position\":2,\"name\":\"Escort\"}]},{\"@type\":\"WebSite\",\"@id\":\"https:\\\/\\\/www.colosseum-graz.at\\\/hu\\\/#website\",\"url\":\"https:\\\/\\\/www.colosseum-graz.at\\\/hu\\\/\",\"name\":\"Colosseum Graz\",\"description\":\"Die Nummer-1-Partylocation in Graz\",\"publisher\":{\"@id\":\"https:\\\/\\\/www.colosseum-graz.at\\\/hu\\\/#organization\"},\"potentialAction\":[{\"@type\":\"SearchAction\",\"target\":{\"@type\":\"EntryPoint\",\"urlTemplate\":\"https:\\\/\\\/www.colosseum-graz.at\\\/hu\\\/?s={search_term_string}\"},\"query-input\":{\"@type\":\"PropertyValueSpecification\",\"valueRequired\":true,\"valueName\":\"search_term_string\"}}],\"inLanguage\":\"hu\"},{\"@type\":\"Organization\",\"@id\":\"https:\\\/\\\/www.colosseum-graz.at\\\/hu\\\/#organization\",\"name\":\"Colosseum Graz\",\"alternateName\":\"Colosseum\",\"url\":\"https:\\\/\\\/www.colosseum-graz.at\\\/hu\\\/\",\"logo\":{\"@type\":\"ImageObject\",\"inLanguage\":\"hu\",\"@id\":\"https:\\\/\\\/www.colosseum-graz.at\\\/hu\\\/#\\\/schema\\\/logo\\\/image\\\/\",\"url\":\"https:\\\/\\\/www.colosseum-graz.at\\\/wp-content\\\/uploads\\\/2024\\\/12\\\/Logo-Colosseum-Graz.jpg\",\"contentUrl\":\"https:\\\/\\\/www.colosseum-graz.at\\\/wp-content\\\/uploads\\\/2024\\\/12\\\/Logo-Colosseum-Graz.jpg\",\"width\":200,\"height\":31,\"caption\":\"Colosseum Graz\"},\"image\":{\"@id\":\"https:\\\/\\\/www.colosseum-graz.at\\\/hu\\\/#\\\/schema\\\/logo\\\/image\\\/\"}}]}<\/script>\n<!-- \/ Yoast SEO plugin. -->","yoast_head_json":{"title":"Escort | Colosseum Graz","robots":{"index":"index","follow":"follow","max-snippet":"max-snippet:-1","max-image-preview":"max-image-preview:large","max-video-preview":"max-video-preview:-1"},"canonical":"https:\/\/www.colosseum-graz.at\/hu\/escort\/","og_locale":"hu_HU","og_type":"article","og_title":"Escort | Colosseum Graz","og_description":"K\u00eds\u00e9r\u0151szolg\u00e1lat A szolg\u00e1ltat\u00e1s azzal a bizonyos valamivel Napi 24&nbsp;h escort szolg\u00e1ltat\u00e1st k\u00edn\u00e1lunk \u00d6nnek a legmagasabb szinten &#8211; term\u00e9szetesen 100&nbsp;% diszkr\u00e9t \u00e9s komoly. \u00c9lvezze a v\u00e1gyakoz\u00e1ssal \u00e9s bizserget\u0151 \u00e9rz\u00e9sekkel teli erotikus tal\u00e1lkoz\u00f3t egy gy\u00f6ny\u00f6r\u0171 h\u00f6lggyel, amit nem fog egyhamar elfelejteni. \ud83d\ude09 K\u00e9rd\u00e9se van escort szolg\u00e1ltat\u00e1sunkkal kapcsolatban, vagy szeretne lefoglalni egy h\u00f6lgyet? Akkor azonnal vegye fel vel\u00fcnk [&hellip;]","og_url":"https:\/\/www.colosseum-graz.at\/hu\/escort\/","og_site_name":"Colosseum Graz","article_modified_time":"2025-02-19T21:32:45+00:00","og_image":[{"url":"https:\/\/www.colosseum-graz.at\/wp-content\/uploads\/elementor\/thumbs\/Services-r0xqans0u5lkca4hxn5uk9b7m3qalhsk0pag1b8idc.jpg","type":"","width":"","height":""}],"twitter_card":"summary_large_image","twitter_misc":{"Becs\u00fclt olvas\u00e1si id\u0151":"1 perc"},"schema":{"@context":"https:\/\/schema.org","@graph":[{"@type":"WebPage","@id":"https:\/\/www.colosseum-graz.at\/hu\/escort\/","url":"https:\/\/www.colosseum-graz.at\/hu\/escort\/","name":"Escort | Colosseum Graz","isPartOf":{"@id":"https:\/\/www.colosseum-graz.at\/hu\/#website"},"primaryImageOfPage":{"@id":"https:\/\/www.colosseum-graz.at\/hu\/escort\/#primaryimage"},"image":{"@id":"https:\/\/www.colosseum-graz.at\/hu\/escort\/#primaryimage"},"thumbnailUrl":"https:\/\/www.colosseum-graz.at\/wp-content\/uploads\/elementor\/thumbs\/Services-r0xqans0u5lkca4hxn5uk9b7m3qalhsk0pag1b8idc.jpg","datePublished":"2025-01-28T17:02:15+00:00","dateModified":"2025-02-19T21:32:45+00:00","breadcrumb":{"@id":"https:\/\/www.colosseum-graz.at\/hu\/escort\/#breadcrumb"},"inLanguage":"hu","potentialAction":[{"@type":"ReadAction","target":["https:\/\/www.colosseum-graz.at\/hu\/escort\/"]}]},{"@type":"ImageObject","inLanguage":"hu","@id":"https:\/\/www.colosseum-graz.at\/hu\/escort\/#primaryimage","url":"https:\/\/www.colosseum-graz.at\/wp-content\/uploads\/elementor\/thumbs\/Services-r0xqans0u5lkca4hxn5uk9b7m3qalhsk0pag1b8idc.jpg","contentUrl":"https:\/\/www.colosseum-graz.at\/wp-content\/uploads\/elementor\/thumbs\/Services-r0xqans0u5lkca4hxn5uk9b7m3qalhsk0pag1b8idc.jpg"},{"@type":"BreadcrumbList","@id":"https:\/\/www.colosseum-graz.at\/hu\/escort\/#breadcrumb","itemListElement":[{"@type":"ListItem","position":1,"name":"Startseite","item":"https:\/\/www.colosseum-graz.at\/hu\/home\/"},{"@type":"ListItem","position":2,"name":"Escort"}]},{"@type":"WebSite","@id":"https:\/\/www.colosseum-graz.at\/hu\/#website","url":"https:\/\/www.colosseum-graz.at\/hu\/","name":"Colosseum Graz","description":"Die Nummer-1-Partylocation in Graz","publisher":{"@id":"https:\/\/www.colosseum-graz.at\/hu\/#organization"},"potentialAction":[{"@type":"SearchAction","target":{"@type":"EntryPoint","urlTemplate":"https:\/\/www.colosseum-graz.at\/hu\/?s={search_term_string}"},"query-input":{"@type":"PropertyValueSpecification","valueRequired":true,"valueName":"search_term_string"}}],"inLanguage":"hu"},{"@type":"Organization","@id":"https:\/\/www.colosseum-graz.at\/hu\/#organization","name":"Colosseum Graz","alternateName":"Colosseum","url":"https:\/\/www.colosseum-graz.at\/hu\/","logo":{"@type":"ImageObject","inLanguage":"hu","@id":"https:\/\/www.colosseum-graz.at\/hu\/#\/schema\/logo\/image\/","url":"https:\/\/www.colosseum-graz.at\/wp-content\/uploads\/2024\/12\/Logo-Colosseum-Graz.jpg","contentUrl":"https:\/\/www.colosseum-graz.at\/wp-content\/uploads\/2024\/12\/Logo-Colosseum-Graz.jpg","width":200,"height":31,"caption":"Colosseum Graz"},"image":{"@id":"https:\/\/www.colosseum-graz.at\/hu\/#\/schema\/logo\/image\/"}}]}},"_links":{"self":[{"href":"https:\/\/www.colosseum-graz.at\/hu\/wp-json\/wp\/v2\/pages\/2282","targetHints":{"allow":["GET"]}}],"collection":[{"href":"https:\/\/www.colosseum-graz.at\/hu\/wp-json\/wp\/v2\/pages"}],"about":[{"href":"https:\/\/www.colosseum-graz.at\/hu\/wp-json\/wp\/v2\/types\/page"}],"author":[{"embeddable":true,"href":"https:\/\/www.colosseum-graz.at\/hu\/wp-json\/wp\/v2\/users\/1"}],"replies":[{"embeddable":true,"href":"https:\/\/www.colosseum-graz.at\/hu\/wp-json\/wp\/v2\/comments?post=2282"}],"version-history":[{"count":4,"href":"https:\/\/www.colosseum-graz.at\/hu\/wp-json\/wp\/v2\/pages\/2282\/revisions"}],"predecessor-version":[{"id":5757,"href":"https:\/\/www.colosseum-graz.at\/hu\/wp-json\/wp\/v2\/pages\/2282\/revisions\/5757"}],"wp:attachment":[{"href":"https:\/\/www.colosseum-graz.at\/hu\/wp-json\/wp\/v2\/media?parent=2282"}],"curies":[{"name":"wp","href":"https:\/\/api.w.org\/{rel}","templated":true}]}}