{"id":10567,"date":"2025-07-27T12:19:35","date_gmt":"2025-07-27T12:19:35","guid":{"rendered":"https:\/\/www.colosseum-graz.at\/feedback\/"},"modified":"2025-07-28T11:41:39","modified_gmt":"2025-07-28T11:41:39","slug":"feedback","status":"publish","type":"page","link":"https:\/\/www.colosseum-graz.at\/ro\/feedback\/","title":{"rendered":"Feedback"},"content":{"rendered":"\t\t<div data-elementor-type=\"wp-page\" data-elementor-id=\"10567\" class=\"elementor elementor-10567 elementor-10551\" data-elementor-post-type=\"page\">\n\t\t\t\t<div class=\"elementor-element elementor-element-fd32bbc e-flex e-con-boxed e-con e-parent\" data-id=\"fd32bbc\" data-element_type=\"container\" data-e-type=\"container\">\n\t\t\t\t\t<div class=\"e-con-inner\">\n\t\t\t\t<div class=\"elementor-element elementor-element-b013c5b g-text-1 elementor-widget elementor-widget-heading\" data-id=\"b013c5b\" data-element_type=\"widget\" data-e-type=\"widget\" data-settings=\"{&quot;_animation&quot;:&quot;none&quot;}\" data-widget_type=\"heading.default\">\n\t\t\t\t<div class=\"elementor-widget-container\">\n\t\t\t\t\t<h1 class=\"elementor-heading-title elementor-size-default\">Feedback<\/h1>\t\t\t\t<\/div>\n\t\t\t\t<\/div>\n\t\t<div class=\"elementor-element elementor-element-4d1beb8 e-con-full e-flex e-con e-child\" data-id=\"4d1beb8\" data-element_type=\"container\" data-e-type=\"container\">\n\t\t<div class=\"elementor-element elementor-element-725e74c e-con-full e-flex e-con e-child\" data-id=\"725e74c\" data-element_type=\"container\" data-e-type=\"container\">\n\t\t\t\t<div class=\"elementor-element elementor-element-b664c03 elementor-widget elementor-widget-heading\" data-id=\"b664c03\" data-element_type=\"widget\" data-e-type=\"widget\" data-widget_type=\"heading.default\">\n\t\t\t\t<div class=\"elementor-widget-container\">\n\t\t\t\t\t<h2 class=\"elementor-heading-title elementor-size-default\">Formular de feedback<\/h2>\t\t\t\t<\/div>\n\t\t\t\t<\/div>\n\t\t\t\t<div class=\"elementor-element elementor-element-c50e340 elementor-button-align-start elementor-mobile-button-align-center elementor-widget elementor-widget-form\" data-id=\"c50e340\" data-element_type=\"widget\" data-e-type=\"widget\" data-settings=\"{&quot;step_next_label&quot;:&quot;Urm\\u0103torul&quot;,&quot;step_previous_label&quot;:&quot;Articolul precedent&quot;,&quot;step_type&quot;:&quot;number&quot;,&quot;button_width&quot;:&quot;100&quot;,&quot;step_icon_shape&quot;:&quot;circle&quot;}\" data-widget_type=\"form.default\">\n\t\t\t\t<div class=\"elementor-widget-container\">\n\t\t\t\t\t\t\t<form class=\"elementor-form\" method=\"post\" name=\"Formular de contact\" aria-label=\"Formular de contact\">\n\t\t\t<input type=\"hidden\" name=\"post_id\" value=\"10567\"\/>\n\t\t\t<input type=\"hidden\" name=\"form_id\" value=\"c50e340\"\/>\n\t\t\t<input type=\"hidden\" name=\"referer_title\" value=\"Colosseum Graz\" \/>\n\n\t\t\t\n\t\t\t<div class=\"elementor-form-fields-wrapper elementor-labels-above\">\n\t\t\t\t\t\t\t\t<div class=\"elementor-field-type-step elementor-field-group elementor-column elementor-field-group-field_00135a3 elementor-col-100\">\n\t\t\t\t\t\t\t<div class=\"e-field-step elementor-hidden\" data-label=\"\" data-previousButton=\"\u00cenapoi\" data-nextButton=\"\u00cen continuare\" data-iconUrl=\"\" data-iconLibrary=\"fas fa-star\" data-icon=\"&lt;svg class=&quot;e-font-icon-svg e-fas-star&quot; viewBox=&quot;0 0 576 512&quot; xmlns=&quot;http:\/\/www.w3.org\/2000\/svg&quot;&gt;&lt;path d=&quot;M259.3 17.8L194 150.2 47.9 171.5c-26.2 3.8-36.7 36.1-17.7 54.6l105.7 103-25 145.5c-4.5 26.3 23.2 46 46.4 33.7L288 439.6l130.7 68.7c23.2 12.2 50.9-7.4 46.4-33.7l-25-145.5 105.7-103c19-18.5 8.5-50.8-17.7-54.6L382 150.2 316.7 17.8c-11.7-23.6-45.6-23.9-57.4 0z&quot;&gt;&lt;\/path&gt;&lt;\/svg&gt;\" ><\/div>\n\n\t\t\t\t\t\t<\/div>\n\t\t\t\t\t\t\t\t<div class=\"elementor-field-type-radio elementor-field-group elementor-column elementor-field-group-field_9875acd elementor-col-100 elementor-field-required\">\n\t\t\t\t\t\t\t\t\t\t\t\t<label for=\"form-field-field_9875acd\" class=\"elementor-field-label\">\n\t\t\t\t\t\t\t\tCum vi s-a p\u0103rut vizita dumneavoastr\u0103 la noi \u00een general?\t\t\t\t\t\t\t<\/label>\n\t\t\t\t\t\t<div class=\"elementor-field-subgroup  elementor-subgroup-inline\"><span class=\"elementor-field-option\"><input type=\"radio\" value=\"foarte bun\" id=\"form-field-field_9875acd-0\" name=\"form_fields[field_9875acd]\" required=\"required\"> <label for=\"form-field-field_9875acd-0\">foarte bun<\/label><\/span><span class=\"elementor-field-option\"><input type=\"radio\" value=\"bun\" id=\"form-field-field_9875acd-1\" name=\"form_fields[field_9875acd]\" required=\"required\"> <label for=\"form-field-field_9875acd-1\">bun<\/label><\/span><span class=\"elementor-field-option\"><input type=\"radio\" value=\"nu at\u00e2t de bun\" id=\"form-field-field_9875acd-2\" name=\"form_fields[field_9875acd]\" required=\"required\"> <label for=\"form-field-field_9875acd-2\">nu at\u00e2t de bun<\/label><\/span><span class=\"elementor-field-option\"><input type=\"radio\" value=\"deloc\" id=\"form-field-field_9875acd-3\" name=\"form_fields[field_9875acd]\" required=\"required\"> <label for=\"form-field-field_9875acd-3\">deloc<\/label><\/span><\/div>\t\t\t\t<\/div>\n\t\t\t\t\t\t\t\t<div class=\"elementor-field-type-step elementor-field-group elementor-column elementor-field-group-field_043b8b8 elementor-col-100\">\n\t\t\t\t\t\t\t<div class=\"e-field-step elementor-hidden\" data-label=\"\" data-previousButton=\"\u00cenapoi\" data-nextButton=\"\u00cen continuare\" data-iconUrl=\"\" data-iconLibrary=\"fas fa-star\" data-icon=\"&lt;svg class=&quot;e-font-icon-svg e-fas-star&quot; viewBox=&quot;0 0 576 512&quot; xmlns=&quot;http:\/\/www.w3.org\/2000\/svg&quot;&gt;&lt;path d=&quot;M259.3 17.8L194 150.2 47.9 171.5c-26.2 3.8-36.7 36.1-17.7 54.6l105.7 103-25 145.5c-4.5 26.3 23.2 46 46.4 33.7L288 439.6l130.7 68.7c23.2 12.2 50.9-7.4 46.4-33.7l-25-145.5 105.7-103c19-18.5 8.5-50.8-17.7-54.6L382 150.2 316.7 17.8c-11.7-23.6-45.6-23.9-57.4 0z&quot;&gt;&lt;\/path&gt;&lt;\/svg&gt;\" ><\/div>\n\n\t\t\t\t\t\t<\/div>\n\t\t\t\t\t\t\t\t<div class=\"elementor-field-type-radio elementor-field-group elementor-column elementor-field-group-field_be449bb elementor-col-100 elementor-field-required\">\n\t\t\t\t\t\t\t\t\t\t\t\t<label for=\"form-field-field_be449bb\" class=\"elementor-field-label\">\n\t\t\t\t\t\t\t\tC\u00e2t de mul\u021bumit a\u021bi fost de serviciile noastre?\t\t\t\t\t\t\t<\/label>\n\t\t\t\t\t\t<div class=\"elementor-field-subgroup  elementor-subgroup-inline\"><span class=\"elementor-field-option\"><input type=\"radio\" value=\"foarte mul\u021bumit\" id=\"form-field-field_be449bb-0\" name=\"form_fields[field_be449bb]\" required=\"required\"> <label for=\"form-field-field_be449bb-0\">foarte mul\u021bumit<\/label><\/span><span class=\"elementor-field-option\"><input type=\"radio\" value=\"este bine\" id=\"form-field-field_be449bb-1\" name=\"form_fields[field_be449bb]\" required=\"required\"> <label for=\"form-field-field_be449bb-1\">este bine<\/label><\/span><span class=\"elementor-field-option\"><input type=\"radio\" value=\"nu este mul\u021bumit\" id=\"form-field-field_be449bb-2\" name=\"form_fields[field_be449bb]\" required=\"required\"> <label for=\"form-field-field_be449bb-2\">nu este mul\u021bumit<\/label><\/span><\/div>\t\t\t\t<\/div>\n\t\t\t\t\t\t\t\t<div class=\"elementor-field-type-step elementor-field-group elementor-column elementor-field-group-field_6946f7e elementor-col-100\">\n\t\t\t\t\t\t\t<div class=\"e-field-step elementor-hidden\" data-label=\"\" data-previousButton=\"\u00cenapoi\" data-nextButton=\"\u00cen continuare\" data-iconUrl=\"\" data-iconLibrary=\"fas fa-star\" data-icon=\"&lt;svg class=&quot;e-font-icon-svg e-fas-star&quot; viewBox=&quot;0 0 576 512&quot; xmlns=&quot;http:\/\/www.w3.org\/2000\/svg&quot;&gt;&lt;path d=&quot;M259.3 17.8L194 150.2 47.9 171.5c-26.2 3.8-36.7 36.1-17.7 54.6l105.7 103-25 145.5c-4.5 26.3 23.2 46 46.4 33.7L288 439.6l130.7 68.7c23.2 12.2 50.9-7.4 46.4-33.7l-25-145.5 105.7-103c19-18.5 8.5-50.8-17.7-54.6L382 150.2 316.7 17.8c-11.7-23.6-45.6-23.9-57.4 0z&quot;&gt;&lt;\/path&gt;&lt;\/svg&gt;\" ><\/div>\n\n\t\t\t\t\t\t<\/div>\n\t\t\t\t\t\t\t\t<div class=\"elementor-field-type-radio elementor-field-group elementor-column elementor-field-group-field_6354535 elementor-col-100 elementor-field-required\">\n\t\t\t\t\t\t\t\t\t\t\t\t<label for=\"form-field-field_6354535\" class=\"elementor-field-label\">\n\t\t\t\t\t\t\t\tC\u00e2t de mul\u021bumit a\u021bi fost de amabilitatea personalului nostru de la recep\u021bie?\t\t\t\t\t\t\t<\/label>\n\t\t\t\t\t\t<div class=\"elementor-field-subgroup  elementor-subgroup-inline\"><span class=\"elementor-field-option\"><input type=\"radio\" value=\"foarte mul\u021bumit\" id=\"form-field-field_6354535-0\" name=\"form_fields[field_6354535]\" required=\"required\"> <label for=\"form-field-field_6354535-0\">foarte mul\u021bumit<\/label><\/span><span class=\"elementor-field-option\"><input type=\"radio\" value=\"este bine\" id=\"form-field-field_6354535-1\" name=\"form_fields[field_6354535]\" required=\"required\"> <label for=\"form-field-field_6354535-1\">este bine<\/label><\/span><span class=\"elementor-field-option\"><input type=\"radio\" value=\"nu este mul\u021bumit\" id=\"form-field-field_6354535-2\" name=\"form_fields[field_6354535]\" required=\"required\"> <label for=\"form-field-field_6354535-2\">nu este mul\u021bumit<\/label><\/span><\/div>\t\t\t\t<\/div>\n\t\t\t\t\t\t\t\t<div class=\"elementor-field-type-step elementor-field-group elementor-column elementor-field-group-field_d1ffc59 elementor-col-100\">\n\t\t\t\t\t\t\t<div class=\"e-field-step elementor-hidden\" data-label=\"\" data-previousButton=\"\u00cenapoi\" data-nextButton=\"\u00cen continuare\" data-iconUrl=\"\" data-iconLibrary=\"fas fa-star\" data-icon=\"&lt;svg class=&quot;e-font-icon-svg e-fas-star&quot; viewBox=&quot;0 0 576 512&quot; xmlns=&quot;http:\/\/www.w3.org\/2000\/svg&quot;&gt;&lt;path d=&quot;M259.3 17.8L194 150.2 47.9 171.5c-26.2 3.8-36.7 36.1-17.7 54.6l105.7 103-25 145.5c-4.5 26.3 23.2 46 46.4 33.7L288 439.6l130.7 68.7c23.2 12.2 50.9-7.4 46.4-33.7l-25-145.5 105.7-103c19-18.5 8.5-50.8-17.7-54.6L382 150.2 316.7 17.8c-11.7-23.6-45.6-23.9-57.4 0z&quot;&gt;&lt;\/path&gt;&lt;\/svg&gt;\" ><\/div>\n\n\t\t\t\t\t\t<\/div>\n\t\t\t\t\t\t\t\t<div class=\"elementor-field-type-radio elementor-field-group elementor-column elementor-field-group-field_503ee3a elementor-col-100 elementor-field-required\">\n\t\t\t\t\t\t\t\t\t\t\t\t<label for=\"form-field-field_503ee3a\" class=\"elementor-field-label\">\n\t\t\t\t\t\t\t\tC\u00e2t de mul\u021bumit a\u021bi fost de sfaturile \u0219i expertiza personalului nostru de la recep\u021bie?\t\t\t\t\t\t\t<\/label>\n\t\t\t\t\t\t<div class=\"elementor-field-subgroup  elementor-subgroup-inline\"><span class=\"elementor-field-option\"><input type=\"radio\" value=\"foarte mul\u021bumit\" id=\"form-field-field_503ee3a-0\" name=\"form_fields[field_503ee3a]\" required=\"required\"> <label for=\"form-field-field_503ee3a-0\">foarte mul\u021bumit<\/label><\/span><span class=\"elementor-field-option\"><input type=\"radio\" value=\"este bine\" id=\"form-field-field_503ee3a-1\" name=\"form_fields[field_503ee3a]\" required=\"required\"> <label for=\"form-field-field_503ee3a-1\">este bine<\/label><\/span><span class=\"elementor-field-option\"><input type=\"radio\" value=\"nu este mul\u021bumit\" id=\"form-field-field_503ee3a-2\" name=\"form_fields[field_503ee3a]\" required=\"required\"> <label for=\"form-field-field_503ee3a-2\">nu este mul\u021bumit<\/label><\/span><\/div>\t\t\t\t<\/div>\n\t\t\t\t\t\t\t\t<div class=\"elementor-field-type-step elementor-field-group elementor-column elementor-field-group-field_b94560e elementor-col-100\">\n\t\t\t\t\t\t\t<div class=\"e-field-step elementor-hidden\" data-label=\"\" data-previousButton=\"\u00cenapoi\" data-nextButton=\"\u00cen continuare\" data-iconUrl=\"\" data-iconLibrary=\"fas fa-star\" data-icon=\"&lt;svg class=&quot;e-font-icon-svg e-fas-star&quot; viewBox=&quot;0 0 576 512&quot; xmlns=&quot;http:\/\/www.w3.org\/2000\/svg&quot;&gt;&lt;path d=&quot;M259.3 17.8L194 150.2 47.9 171.5c-26.2 3.8-36.7 36.1-17.7 54.6l105.7 103-25 145.5c-4.5 26.3 23.2 46 46.4 33.7L288 439.6l130.7 68.7c23.2 12.2 50.9-7.4 46.4-33.7l-25-145.5 105.7-103c19-18.5 8.5-50.8-17.7-54.6L382 150.2 316.7 17.8c-11.7-23.6-45.6-23.9-57.4 0z&quot;&gt;&lt;\/path&gt;&lt;\/svg&gt;\" ><\/div>\n\n\t\t\t\t\t\t<\/div>\n\t\t\t\t\t\t\t\t<div class=\"elementor-field-type-textarea elementor-field-group elementor-column elementor-field-group-message elementor-col-80\">\n\t\t\t\t\t\t\t\t\t\t\t\t<label for=\"form-field-message\" class=\"elementor-field-label\">\n\t\t\t\t\t\t\t\tNote\t\t\t\t\t\t\t<\/label>\n\t\t\t\t\t\t<textarea class=\"elementor-field-textual elementor-field  elementor-size-md\" name=\"form_fields[message]\" id=\"form-field-message\" rows=\"4\" placeholder=\"Dori\u021bi s\u0103 ne mai spune\u021bi ceva?\"><\/textarea>\t\t\t\t<\/div>\n\t\t\t\t\t\t\t\t<div class=\"elementor-field-type-email elementor-field-group elementor-column elementor-field-group-field_db9f692 elementor-col-80\">\n\t\t\t\t\t\t\t\t\t\t\t\t<label for=\"form-field-field_db9f692\" class=\"elementor-field-label\">\n\t\t\t\t\t\t\t\tAdresa de e-mail\t\t\t\t\t\t\t<\/label>\n\t\t\t\t\t\t\t\t\t\t\t\t\t\t<input size=\"1\" type=\"email\" name=\"form_fields[field_db9f692]\" id=\"form-field-field_db9f692\" class=\"elementor-field elementor-size-md  elementor-field-textual\" placeholder=\"Adresa dvs. de e-mail\">\n\t\t\t\t\t\t\t\t\t\t\t<\/div>\n\t\t\t\t\t\t\t\t<div class=\"elementor-field-type-text\">\n\t\t\t\t\t<input size=\"1\" type=\"text\" name=\"form_fields[field_8436077]\" id=\"form-field-field_8436077\" class=\"elementor-field elementor-size-md \" style=\"display:none !important;\">\t\t\t\t<\/div>\n\t\t\t\t\t\t\t\t<div class=\"elementor-field-group elementor-column elementor-field-type-submit elementor-col-100 e-form__buttons\">\n\t\t\t\t\t<button class=\"elementor-button elementor-size-sm\" type=\"submit\">\n\t\t\t\t\t\t<span class=\"elementor-button-content-wrapper\">\n\t\t\t\t\t\t\t\t\t\t\t\t\t\t\t\t\t\t\t\t\t\t<span class=\"elementor-button-text\">Trimite\u021bi<\/span>\n\t\t\t\t\t\t\t\t\t\t\t\t\t<\/span>\n\t\t\t\t\t<\/button>\n\t\t\t\t<\/div>\n\t\t\t<\/div>\n\t\t<\/form>\n\t\t\t\t\t\t<\/div>\n\t\t\t\t<\/div>\n\t\t\t\t<\/div>\n\t\t<div class=\"elementor-element elementor-element-cfdd6ce e-con-full e-flex e-con e-child\" data-id=\"cfdd6ce\" data-element_type=\"container\" data-e-type=\"container\">\n\t\t\t\t<div class=\"elementor-element elementor-element-d9e372c elementor-widget elementor-widget-text-editor\" data-id=\"d9e372c\" data-element_type=\"widget\" data-e-type=\"widget\" data-widget_type=\"text-editor.default\">\n\t\t\t\t<div class=\"elementor-widget-container\">\n\t\t\t\t\t\t\t\t\tNe str\u0103duim \u00een mod constant s\u0103 ne \u00eembun\u0103t\u0103\u021bim serviciile \u0219i, prin urmare, am fi \u00eenc\u00e2nta\u021bi dac\u0103 a\u021bi putea \u00eemp\u0103rt\u0103\u0219i cu noi experien\u021ba dvs. de vizitare a Colosseumului!\n<br><br>Completa\u021bi formularul de feedback \u0219i spune\u021bi-ne cum v-a pl\u0103cut vizita la Colosseum! Ca o mic\u0103 mul\u021bumire, ve\u021bi primi intrare gratuit\u0103 la urm\u0103toarea vizit\u0103 &#8211; introduce\u021bi adresa dvs. de e-mail \u00een ultimul pas \u0219i v\u0103 vom contacta! \n<br><br>Desigur, feedback-ul dumneavoastr\u0103 va fi tratat cu discre\u021bie &#8211; nu vom publica datele dumneavoastr\u0103!\t\t\t\t\t\t\t\t<\/div>\n\t\t\t\t<\/div>\n\t\t\t\t<\/div>\n\t\t\t\t<\/div>\n\t\t\t\t\t<\/div>\n\t\t\t\t<\/div>\n\t\t\t\t<\/div>\n\t\t","protected":false},"excerpt":{"rendered":"<p>Feedback Formular de feedback Ne str\u0103duim \u00een mod constant s\u0103 ne \u00eembun\u0103t\u0103\u021bim serviciile \u0219i, prin urmare, am fi \u00eenc\u00e2nta\u021bi dac\u0103 a\u021bi putea \u00eemp\u0103rt\u0103\u0219i cu noi experien\u021ba dvs. de vizitare a Colosseumului! Completa\u021bi formularul de feedback \u0219i spune\u021bi-ne cum v-a pl\u0103cut vizita la Colosseum! Ca o mic\u0103 mul\u021bumire, ve\u021bi primi intrare gratuit\u0103 la urm\u0103toarea vizit\u0103 &#8211; [&hellip;]<\/p>\n","protected":false},"author":1,"featured_media":0,"parent":0,"menu_order":0,"comment_status":"closed","ping_status":"closed","template":"","meta":{"_acf_changed":false,"footnotes":""},"class_list":["post-10567","page","type-page","status-publish","hentry"],"acf":[],"yoast_head":"<!-- This site is optimized with the Yoast SEO plugin v27.4 - https:\/\/yoast.com\/product\/yoast-seo-wordpress\/ -->\n<title>Feedback | Colosseum Graz<\/title>\n<meta name=\"robots\" content=\"index, follow, max-snippet:-1, max-image-preview:large, max-video-preview:-1\" \/>\n<link rel=\"canonical\" href=\"https:\/\/www.colosseum-graz.at\/ro\/feedback\/\" \/>\n<meta property=\"og:locale\" content=\"ro_RO\" \/>\n<meta property=\"og:type\" content=\"article\" \/>\n<meta property=\"og:title\" content=\"Feedback | Colosseum Graz\" \/>\n<meta property=\"og:description\" content=\"Feedback Formular de feedback Ne str\u0103duim \u00een mod constant s\u0103 ne \u00eembun\u0103t\u0103\u021bim serviciile \u0219i, prin urmare, am fi \u00eenc\u00e2nta\u021bi dac\u0103 a\u021bi putea \u00eemp\u0103rt\u0103\u0219i cu noi experien\u021ba dvs. de vizitare a Colosseumului! Completa\u021bi formularul de feedback \u0219i spune\u021bi-ne cum v-a pl\u0103cut vizita la Colosseum! Ca o mic\u0103 mul\u021bumire, ve\u021bi primi intrare gratuit\u0103 la urm\u0103toarea vizit\u0103 &#8211; [&hellip;]\" \/>\n<meta property=\"og:url\" content=\"https:\/\/www.colosseum-graz.at\/ro\/feedback\/\" \/>\n<meta property=\"og:site_name\" content=\"Colosseum Graz\" \/>\n<meta property=\"article:modified_time\" content=\"2025-07-28T11:41:39+00:00\" \/>\n<meta name=\"twitter:card\" content=\"summary_large_image\" \/>\n<script type=\"application\/ld+json\" class=\"yoast-schema-graph\">{\"@context\":\"https:\\\/\\\/schema.org\",\"@graph\":[{\"@type\":\"WebPage\",\"@id\":\"https:\\\/\\\/www.colosseum-graz.at\\\/ro\\\/feedback\\\/\",\"url\":\"https:\\\/\\\/www.colosseum-graz.at\\\/ro\\\/feedback\\\/\",\"name\":\"Feedback | Colosseum Graz\",\"isPartOf\":{\"@id\":\"https:\\\/\\\/www.colosseum-graz.at\\\/ro\\\/#website\"},\"datePublished\":\"2025-07-27T12:19:35+00:00\",\"dateModified\":\"2025-07-28T11:41:39+00:00\",\"breadcrumb\":{\"@id\":\"https:\\\/\\\/www.colosseum-graz.at\\\/ro\\\/feedback\\\/#breadcrumb\"},\"inLanguage\":\"ro-RO\",\"potentialAction\":[{\"@type\":\"ReadAction\",\"target\":[\"https:\\\/\\\/www.colosseum-graz.at\\\/ro\\\/feedback\\\/\"]}]},{\"@type\":\"BreadcrumbList\",\"@id\":\"https:\\\/\\\/www.colosseum-graz.at\\\/ro\\\/feedback\\\/#breadcrumb\",\"itemListElement\":[{\"@type\":\"ListItem\",\"position\":1,\"name\":\"Startseite\",\"item\":\"https:\\\/\\\/www.colosseum-graz.at\\\/ro\\\/acasa\\\/\"},{\"@type\":\"ListItem\",\"position\":2,\"name\":\"Feedback\"}]},{\"@type\":\"WebSite\",\"@id\":\"https:\\\/\\\/www.colosseum-graz.at\\\/ro\\\/#website\",\"url\":\"https:\\\/\\\/www.colosseum-graz.at\\\/ro\\\/\",\"name\":\"Colosseum Graz\",\"description\":\"Die Nummer-1-Partylocation in Graz\",\"publisher\":{\"@id\":\"https:\\\/\\\/www.colosseum-graz.at\\\/ro\\\/#organization\"},\"potentialAction\":[{\"@type\":\"SearchAction\",\"target\":{\"@type\":\"EntryPoint\",\"urlTemplate\":\"https:\\\/\\\/www.colosseum-graz.at\\\/ro\\\/?s={search_term_string}\"},\"query-input\":{\"@type\":\"PropertyValueSpecification\",\"valueRequired\":true,\"valueName\":\"search_term_string\"}}],\"inLanguage\":\"ro-RO\"},{\"@type\":\"Organization\",\"@id\":\"https:\\\/\\\/www.colosseum-graz.at\\\/ro\\\/#organization\",\"name\":\"Colosseum Graz\",\"alternateName\":\"Colosseum\",\"url\":\"https:\\\/\\\/www.colosseum-graz.at\\\/ro\\\/\",\"logo\":{\"@type\":\"ImageObject\",\"inLanguage\":\"ro-RO\",\"@id\":\"https:\\\/\\\/www.colosseum-graz.at\\\/ro\\\/#\\\/schema\\\/logo\\\/image\\\/\",\"url\":\"https:\\\/\\\/www.colosseum-graz.at\\\/wp-content\\\/uploads\\\/2024\\\/12\\\/Logo-Colosseum-Graz.jpg\",\"contentUrl\":\"https:\\\/\\\/www.colosseum-graz.at\\\/wp-content\\\/uploads\\\/2024\\\/12\\\/Logo-Colosseum-Graz.jpg\",\"width\":200,\"height\":31,\"caption\":\"Colosseum Graz\"},\"image\":{\"@id\":\"https:\\\/\\\/www.colosseum-graz.at\\\/ro\\\/#\\\/schema\\\/logo\\\/image\\\/\"}}]}<\/script>\n<!-- \/ Yoast SEO plugin. -->","yoast_head_json":{"title":"Feedback | Colosseum Graz","robots":{"index":"index","follow":"follow","max-snippet":"max-snippet:-1","max-image-preview":"max-image-preview:large","max-video-preview":"max-video-preview:-1"},"canonical":"https:\/\/www.colosseum-graz.at\/ro\/feedback\/","og_locale":"ro_RO","og_type":"article","og_title":"Feedback | Colosseum Graz","og_description":"Feedback Formular de feedback Ne str\u0103duim \u00een mod constant s\u0103 ne \u00eembun\u0103t\u0103\u021bim serviciile \u0219i, prin urmare, am fi \u00eenc\u00e2nta\u021bi dac\u0103 a\u021bi putea \u00eemp\u0103rt\u0103\u0219i cu noi experien\u021ba dvs. de vizitare a Colosseumului! Completa\u021bi formularul de feedback \u0219i spune\u021bi-ne cum v-a pl\u0103cut vizita la Colosseum! Ca o mic\u0103 mul\u021bumire, ve\u021bi primi intrare gratuit\u0103 la urm\u0103toarea vizit\u0103 &#8211; [&hellip;]","og_url":"https:\/\/www.colosseum-graz.at\/ro\/feedback\/","og_site_name":"Colosseum Graz","article_modified_time":"2025-07-28T11:41:39+00:00","twitter_card":"summary_large_image","schema":{"@context":"https:\/\/schema.org","@graph":[{"@type":"WebPage","@id":"https:\/\/www.colosseum-graz.at\/ro\/feedback\/","url":"https:\/\/www.colosseum-graz.at\/ro\/feedback\/","name":"Feedback | Colosseum Graz","isPartOf":{"@id":"https:\/\/www.colosseum-graz.at\/ro\/#website"},"datePublished":"2025-07-27T12:19:35+00:00","dateModified":"2025-07-28T11:41:39+00:00","breadcrumb":{"@id":"https:\/\/www.colosseum-graz.at\/ro\/feedback\/#breadcrumb"},"inLanguage":"ro-RO","potentialAction":[{"@type":"ReadAction","target":["https:\/\/www.colosseum-graz.at\/ro\/feedback\/"]}]},{"@type":"BreadcrumbList","@id":"https:\/\/www.colosseum-graz.at\/ro\/feedback\/#breadcrumb","itemListElement":[{"@type":"ListItem","position":1,"name":"Startseite","item":"https:\/\/www.colosseum-graz.at\/ro\/acasa\/"},{"@type":"ListItem","position":2,"name":"Feedback"}]},{"@type":"WebSite","@id":"https:\/\/www.colosseum-graz.at\/ro\/#website","url":"https:\/\/www.colosseum-graz.at\/ro\/","name":"Colosseum Graz","description":"Die Nummer-1-Partylocation in Graz","publisher":{"@id":"https:\/\/www.colosseum-graz.at\/ro\/#organization"},"potentialAction":[{"@type":"SearchAction","target":{"@type":"EntryPoint","urlTemplate":"https:\/\/www.colosseum-graz.at\/ro\/?s={search_term_string}"},"query-input":{"@type":"PropertyValueSpecification","valueRequired":true,"valueName":"search_term_string"}}],"inLanguage":"ro-RO"},{"@type":"Organization","@id":"https:\/\/www.colosseum-graz.at\/ro\/#organization","name":"Colosseum Graz","alternateName":"Colosseum","url":"https:\/\/www.colosseum-graz.at\/ro\/","logo":{"@type":"ImageObject","inLanguage":"ro-RO","@id":"https:\/\/www.colosseum-graz.at\/ro\/#\/schema\/logo\/image\/","url":"https:\/\/www.colosseum-graz.at\/wp-content\/uploads\/2024\/12\/Logo-Colosseum-Graz.jpg","contentUrl":"https:\/\/www.colosseum-graz.at\/wp-content\/uploads\/2024\/12\/Logo-Colosseum-Graz.jpg","width":200,"height":31,"caption":"Colosseum Graz"},"image":{"@id":"https:\/\/www.colosseum-graz.at\/ro\/#\/schema\/logo\/image\/"}}]}},"_links":{"self":[{"href":"https:\/\/www.colosseum-graz.at\/ro\/wp-json\/wp\/v2\/pages\/10567","targetHints":{"allow":["GET"]}}],"collection":[{"href":"https:\/\/www.colosseum-graz.at\/ro\/wp-json\/wp\/v2\/pages"}],"about":[{"href":"https:\/\/www.colosseum-graz.at\/ro\/wp-json\/wp\/v2\/types\/page"}],"author":[{"embeddable":true,"href":"https:\/\/www.colosseum-graz.at\/ro\/wp-json\/wp\/v2\/users\/1"}],"replies":[{"embeddable":true,"href":"https:\/\/www.colosseum-graz.at\/ro\/wp-json\/wp\/v2\/comments?post=10567"}],"version-history":[{"count":4,"href":"https:\/\/www.colosseum-graz.at\/ro\/wp-json\/wp\/v2\/pages\/10567\/revisions"}],"predecessor-version":[{"id":10609,"href":"https:\/\/www.colosseum-graz.at\/ro\/wp-json\/wp\/v2\/pages\/10567\/revisions\/10609"}],"wp:attachment":[{"href":"https:\/\/www.colosseum-graz.at\/ro\/wp-json\/wp\/v2\/media?parent=10567"}],"curies":[{"name":"wp","href":"https:\/\/api.w.org\/{rel}","templated":true}]}}