{"id":2267,"date":"2024-12-23T21:09:00","date_gmt":"2024-12-23T21:09:00","guid":{"rendered":"https:\/\/test.colosseum-graz.at\/impressum\/"},"modified":"2025-12-01T11:30:34","modified_gmt":"2025-12-01T11:30:34","slug":"imprint","status":"publish","type":"page","link":"https:\/\/www.colosseum-graz.at\/ro\/imprint\/","title":{"rendered":"Imprint"},"content":{"rendered":"\t\t<div data-elementor-type=\"wp-page\" data-elementor-id=\"2267\" class=\"elementor elementor-2267 elementor-74\" data-elementor-post-type=\"page\">\n\t\t\t\t<div class=\"elementor-element elementor-element-4393c547 e-flex e-con-boxed e-con e-parent\" data-id=\"4393c547\" data-element_type=\"container\" data-e-type=\"container\">\n\t\t\t\t\t<div class=\"e-con-inner\">\n\t\t\t\t<div class=\"elementor-element elementor-element-521509a g-text-1 elementor-widget elementor-widget-heading\" data-id=\"521509a\" data-element_type=\"widget\" data-e-type=\"widget\" data-widget_type=\"heading.default\">\n\t\t\t\t<div class=\"elementor-widget-container\">\n\t\t\t\t\t<h1 class=\"elementor-heading-title elementor-size-default\">Imprint<\/h1>\t\t\t\t<\/div>\n\t\t\t\t<\/div>\n\t\t\t\t\t<\/div>\n\t\t\t\t<\/div>\n\t\t<div class=\"elementor-element elementor-element-3fda3462 e-flex e-con-boxed e-con e-parent\" data-id=\"3fda3462\" data-element_type=\"container\" data-e-type=\"container\">\n\t\t\t\t\t<div class=\"e-con-inner\">\n\t\t\t\t<div class=\"elementor-element elementor-element-1cf07a5c elementor-widget elementor-widget-heading\" data-id=\"1cf07a5c\" data-element_type=\"widget\" data-e-type=\"widget\" data-widget_type=\"heading.default\">\n\t\t\t\t<div class=\"elementor-widget-container\">\n\t\t\t\t\t<h2 class=\"elementor-heading-title elementor-size-default\">Informa\u021bii \u00een conformitate cu \u00a7 24 MedienG, \u00a7 5 ECG \u0219i \u00a7 14 UGB<\/h2>\t\t\t\t<\/div>\n\t\t\t\t<\/div>\n\t\t\t\t<div class=\"elementor-element elementor-element-6e9a75f elementor-widget elementor-widget-heading\" data-id=\"6e9a75f\" data-element_type=\"widget\" data-e-type=\"widget\" data-widget_type=\"heading.default\">\n\t\t\t\t<div class=\"elementor-widget-container\">\n\t\t\t\t\t<h3 class=\"elementor-heading-title elementor-size-default\">Proprietar al acestei pagini<\/h3>\t\t\t\t<\/div>\n\t\t\t\t<\/div>\n\t\t\t\t<div class=\"elementor-element elementor-element-51f584e1 elementor-widget elementor-widget-text-editor\" data-id=\"51f584e1\" data-element_type=\"widget\" data-e-type=\"widget\" data-widget_type=\"text-editor.default\">\n\t\t\t\t<div class=\"elementor-widget-container\">\n\t\t\t\t\t\t\t\t\tHS Holding GmbH\n<br>Adlerstra\u00dfe 1\n<br>4600 Wels\n<br>E-mail: info@hs-graz.at\n<br>UID-No.: ATU73756358\n<br><br>Webdesign: <a href=\"https:\/\/www.look-and-feel.at\" target=\"_blank\">Look &amp; Feel Marketing online<\/a>\t\t\t\t\t\t\t\t<\/div>\n\t\t\t\t<\/div>\n\t\t\t\t<div class=\"elementor-element elementor-element-f57b659 elementor-widget elementor-widget-heading\" data-id=\"f57b659\" data-element_type=\"widget\" data-e-type=\"widget\" data-widget_type=\"heading.default\">\n\t\t\t\t<div class=\"elementor-widget-container\">\n\t\t\t\t\t<h3 class=\"elementor-heading-title elementor-size-default\">Reglement\u0103ri aplicabile<\/h3>\t\t\t\t<\/div>\n\t\t\t\t<\/div>\n\t\t\t\t<div class=\"elementor-element elementor-element-016e40e elementor-widget elementor-widget-text-editor\" data-id=\"016e40e\" data-element_type=\"widget\" data-e-type=\"widget\" data-widget_type=\"text-editor.default\">\n\t\t\t\t<div class=\"elementor-widget-container\">\n\t\t\t\t\t\t\t\t\tLegea privind mass-media, Legea privind comer\u021bul electronic, Legea privind telecomunica\u021biile, Codul industrial &#8211; a se vedea Serviciul de informa\u021bii juridice al Cancelariei Federale: <a href=\"http:\/\/www.ris.bka.gv.at\" target=\"_blank\">www.ris.bka.gv.at<\/a>\t\t\t\t\t\t\t\t<\/div>\n\t\t\t\t<\/div>\n\t\t\t\t<div class=\"elementor-element elementor-element-c329139 elementor-widget elementor-widget-heading\" data-id=\"c329139\" data-element_type=\"widget\" data-e-type=\"widget\" data-widget_type=\"heading.default\">\n\t\t\t\t<div class=\"elementor-widget-container\">\n\t\t\t\t\t<h3 class=\"elementor-heading-title elementor-size-default\">Camer\u0103<\/h3>\t\t\t\t<\/div>\n\t\t\t\t<\/div>\n\t\t\t\t<div class=\"elementor-element elementor-element-8141265 elementor-widget elementor-widget-text-editor\" data-id=\"8141265\" data-element_type=\"widget\" data-e-type=\"widget\" data-widget_type=\"text-editor.default\">\n\t\t\t\t<div class=\"elementor-widget-container\">\n\t\t\t\t\t\t\t\t\tWKO Austria Superioar\u0103\/Styria\t\t\t\t\t\t\t\t<\/div>\n\t\t\t\t<\/div>\n\t\t\t\t<div class=\"elementor-element elementor-element-b8d36ca elementor-widget elementor-widget-heading\" data-id=\"b8d36ca\" data-element_type=\"widget\" data-e-type=\"widget\" data-widget_type=\"heading.default\">\n\t\t\t\t<div class=\"elementor-widget-container\">\n\t\t\t\t\t<h3 class=\"elementor-heading-title elementor-size-default\">Autoritatea de supraveghere\/autoritatea acc. Legea comer\u021bului electronic<\/h3>\t\t\t\t<\/div>\n\t\t\t\t<\/div>\n\t\t\t\t<div class=\"elementor-element elementor-element-583db2b elementor-widget elementor-widget-text-editor\" data-id=\"583db2b\" data-element_type=\"widget\" data-e-type=\"widget\" data-widget_type=\"text-editor.default\">\n\t\t\t\t<div class=\"elementor-widget-container\">\n\t\t\t\t\t\t\t\t\tMagistrat Wels\/Graz, \u00een cadrul Legii telecomunica\u021biilor Rundfunk und Telekom Regulierungs-GmbH (RTR) \u0219i Telekom-Control-Kommission (TKK), Mariahilfer Stra\u00dfe 77-79, 1060 Viena\t\t\t\t\t\t\t\t<\/div>\n\t\t\t\t<\/div>\n\t\t\t\t\t<\/div>\n\t\t\t\t<\/div>\n\t\t<div class=\"elementor-element elementor-element-f3f4f19 e-flex e-con-boxed e-con e-parent\" data-id=\"f3f4f19\" data-element_type=\"container\" data-e-type=\"container\">\n\t\t\t\t\t<div class=\"e-con-inner\">\n\t\t\t\t<div class=\"elementor-element elementor-element-f98600f elementor-widget elementor-widget-heading\" data-id=\"f98600f\" data-element_type=\"widget\" data-e-type=\"widget\" data-widget_type=\"heading.default\">\n\t\t\t\t<div class=\"elementor-widget-container\">\n\t\t\t\t\t<h2 class=\"elementor-heading-title elementor-size-default\">Divulgare \u00een conformitate cu \u00a725 din Legea privind mass-media<\/h2>\t\t\t\t<\/div>\n\t\t\t\t<\/div>\n\t\t\t\t<div class=\"elementor-element elementor-element-d271d1b elementor-widget elementor-widget-heading\" data-id=\"d271d1b\" data-element_type=\"widget\" data-e-type=\"widget\" data-widget_type=\"heading.default\">\n\t\t\t\t<div class=\"elementor-widget-container\">\n\t\t\t\t\t<h3 class=\"elementor-heading-title elementor-size-default\">Proprietar \u0219i editor media<\/h3>\t\t\t\t<\/div>\n\t\t\t\t<\/div>\n\t\t\t\t<div class=\"elementor-element elementor-element-f58847b elementor-widget elementor-widget-text-editor\" data-id=\"f58847b\" data-element_type=\"widget\" data-e-type=\"widget\" data-widget_type=\"text-editor.default\">\n\t\t\t\t<div class=\"elementor-widget-container\">\n\t\t\t\t\t\t\t\t\tHS Holding GmbH\n<br>Adlerstra\u00dfe 1\n<br>4600 Wels\n<br>Adresa de e-mail: info@hs-graz.at\n<br>Num\u0103rul UID: ATU73756358\t\t\t\t\t\t\t\t<\/div>\n\t\t\t\t<\/div>\n\t\t\t\t<div class=\"elementor-element elementor-element-61e3d88 elementor-widget elementor-widget-heading\" data-id=\"61e3d88\" data-element_type=\"widget\" data-e-type=\"widget\" data-widget_type=\"heading.default\">\n\t\t\t\t<div class=\"elementor-widget-container\">\n\t\t\t\t\t<h3 class=\"elementor-heading-title elementor-size-default\">Obiectul societ\u0103\u021bii<\/h3>\t\t\t\t<\/div>\n\t\t\t\t<\/div>\n\t\t\t\t<div class=\"elementor-element elementor-element-03f7372 elementor-widget elementor-widget-text-editor\" data-id=\"03f7372\" data-element_type=\"widget\" data-e-type=\"widget\" data-widget_type=\"text-editor.default\">\n\t\t\t\t<div class=\"elementor-widget-container\">\n\t\t\t\t\t\t\t\t\tExploatarea unui serviciu de escort\u0103\t\t\t\t\t\t\t\t<\/div>\n\t\t\t\t<\/div>\n\t\t\t\t<div class=\"elementor-element elementor-element-ce52ed5 elementor-widget elementor-widget-heading\" data-id=\"ce52ed5\" data-element_type=\"widget\" data-e-type=\"widget\" data-widget_type=\"heading.default\">\n\t\t\t\t<div class=\"elementor-widget-container\">\n\t\t\t\t\t<h3 class=\"elementor-heading-title elementor-size-default\">Direc\u021bia de baz\u0103 a mediului<\/h3>\t\t\t\t<\/div>\n\t\t\t\t<\/div>\n\t\t\t\t<div class=\"elementor-element elementor-element-6d01554 elementor-widget elementor-widget-text-editor\" data-id=\"6d01554\" data-element_type=\"widget\" data-e-type=\"widget\" data-widget_type=\"text-editor.default\">\n\t\t\t\t<div class=\"elementor-widget-container\">\n\t\t\t\t\t\t\t\t\tInforma\u021bii privind func\u021bionarea serviciului de escort\u0103.\t\t\t\t\t\t\t\t<\/div>\n\t\t\t\t<\/div>\n\t\t\t\t<div class=\"elementor-element elementor-element-5f8bf3f elementor-widget elementor-widget-heading\" data-id=\"5f8bf3f\" data-element_type=\"widget\" data-e-type=\"widget\" data-widget_type=\"heading.default\">\n\t\t\t\t<div class=\"elementor-widget-container\">\n\t\t\t\t\t<h3 class=\"elementor-heading-title elementor-size-default\">Drepturi de autor<\/h3>\t\t\t\t<\/div>\n\t\t\t\t<\/div>\n\t\t\t\t<div class=\"elementor-element elementor-element-7215c88 elementor-widget elementor-widget-text-editor\" data-id=\"7215c88\" data-element_type=\"widget\" data-e-type=\"widget\" data-widget_type=\"text-editor.default\">\n\t\t\t\t<div class=\"elementor-widget-container\">\n\t\t\t\t\t\t\t\t\tInforma\u021biile de pe acest site, inclusiv textele, imaginile \u0219i sunetele, nu pot fi reproduse, transferate, distribuite sau stocate f\u0103r\u0103 permisiunea scris\u0103 a editorului, cu excep\u021bia cazului \u00een care se prevede altfel \u00een mod expres. Modific\u0103rile aduse con\u021binutului acestui site sunt interzise \u00een mod expres.\t\t\t\t\t\t\t\t<\/div>\n\t\t\t\t<\/div>\n\t\t\t\t<div class=\"elementor-element elementor-element-089f13e elementor-widget elementor-widget-heading\" data-id=\"089f13e\" data-element_type=\"widget\" data-e-type=\"widget\" data-widget_type=\"heading.default\">\n\t\t\t\t<div class=\"elementor-widget-container\">\n\t\t\t\t\t<h3 class=\"elementor-heading-title elementor-size-default\">Disclaimer<\/h3>\t\t\t\t<\/div>\n\t\t\t\t<\/div>\n\t\t\t\t<div class=\"elementor-element elementor-element-50b83a0 elementor-widget elementor-widget-text-editor\" data-id=\"50b83a0\" data-element_type=\"widget\" data-e-type=\"widget\" data-widget_type=\"text-editor.default\">\n\t\t\t\t<div class=\"elementor-widget-container\">\n\t\t\t\t\t\t\t\t\tDe\u0219i s-a acordat cea mai mare aten\u021bie compil\u0103rii informa\u021biilor con\u021binute pe site-ul nostru, nu putem garanta c\u0103 acestea sunt actualizate, corecte sau complete. Preten\u021biile de r\u0103spundere \u00eempotriva noastr\u0103 referitoare la daune materiale sau imateriale cauzate de utilizarea sau neutilizarea informa\u021biilor furnizate sau de informa\u021bii incorecte sau incomplete sunt excluse \u00een mod fundamental. Ne rezerv\u0103m dreptul de a modifica informa\u021biile de pe acest server f\u0103r\u0103 notificare prealabil\u0103. Toate ofertele se pot modifica \u0219i nu sunt obligatorii.\t\t\t\t\t\t\t\t<\/div>\n\t\t\t\t<\/div>\n\t\t\t\t<div class=\"elementor-element elementor-element-1a3275a elementor-widget elementor-widget-heading\" data-id=\"1a3275a\" data-element_type=\"widget\" data-e-type=\"widget\" data-widget_type=\"heading.default\">\n\t\t\t\t<div class=\"elementor-widget-container\">\n\t\t\t\t\t<h3 class=\"elementor-heading-title elementor-size-default\">Leg\u0103turi<\/h3>\t\t\t\t<\/div>\n\t\t\t\t<\/div>\n\t\t\t\t<div class=\"elementor-element elementor-element-0f27131 elementor-widget elementor-widget-text-editor\" data-id=\"0f27131\" data-element_type=\"widget\" data-e-type=\"widget\" data-widget_type=\"text-editor.default\">\n\t\t\t\t<div class=\"elementor-widget-container\">\n\t\t\t\t\t\t\t\t\tSite-ul poate con\u021bine linkuri c\u0103tre site-uri externe. Deoarece aceste site-uri nu se afl\u0103 sub controlul nostru, nu putem accepta nicio responsabilitate pentru con\u021binutul \u0219i politica de protec\u021bie a datelor acestora. Informa\u021biile publicate nu reflect\u0103 neap\u0103rat opinia noastr\u0103.\t\t\t\t\t\t\t\t<\/div>\n\t\t\t\t<\/div>\n\t\t\t\t\t<\/div>\n\t\t\t\t<\/div>\n\t\t\t\t<\/div>\n\t\t","protected":false},"excerpt":{"rendered":"<p>Imprint Informa\u021bii \u00een conformitate cu \u00a7 24 MedienG, \u00a7 5 ECG \u0219i \u00a7 14 UGB Proprietar al acestei pagini HS Holding GmbH Adlerstra\u00dfe 1 4600 Wels E-mail: info@hs-graz.at UID-No.: ATU73756358 Webdesign: Look &amp; Feel Marketing online Reglement\u0103ri aplicabile Legea privind mass-media, Legea privind comer\u021bul electronic, Legea privind telecomunica\u021biile, Codul industrial &#8211; a se vedea Serviciul [&hellip;]<\/p>\n","protected":false},"author":1,"featured_media":0,"parent":0,"menu_order":0,"comment_status":"closed","ping_status":"closed","template":"","meta":{"_acf_changed":false,"footnotes":""},"class_list":["post-2267","page","type-page","status-publish","hentry"],"acf":[],"yoast_head":"<!-- This site is optimized with the Yoast SEO plugin v27.4 - https:\/\/yoast.com\/product\/yoast-seo-wordpress\/ -->\n<title>Imprint | Colosseum Graz<\/title>\n<meta name=\"robots\" content=\"index, follow, max-snippet:-1, max-image-preview:large, max-video-preview:-1\" \/>\n<link rel=\"canonical\" href=\"https:\/\/www.colosseum-graz.at\/ro\/imprint\/\" \/>\n<meta property=\"og:locale\" content=\"ro_RO\" \/>\n<meta property=\"og:type\" content=\"article\" \/>\n<meta property=\"og:title\" content=\"Imprint | Colosseum Graz\" \/>\n<meta property=\"og:description\" content=\"Imprint Informa\u021bii \u00een conformitate cu \u00a7 24 MedienG, \u00a7 5 ECG \u0219i \u00a7 14 UGB Proprietar al acestei pagini HS Holding GmbH Adlerstra\u00dfe 1 4600 Wels E-mail: info@hs-graz.at UID-No.: ATU73756358 Webdesign: Look &amp; Feel Marketing online Reglement\u0103ri aplicabile Legea privind mass-media, Legea privind comer\u021bul electronic, Legea privind telecomunica\u021biile, Codul industrial &#8211; a se vedea Serviciul [&hellip;]\" \/>\n<meta property=\"og:url\" content=\"https:\/\/www.colosseum-graz.at\/ro\/imprint\/\" \/>\n<meta property=\"og:site_name\" content=\"Colosseum Graz\" \/>\n<meta property=\"article:modified_time\" content=\"2025-12-01T11:30:34+00:00\" \/>\n<meta name=\"twitter:card\" content=\"summary_large_image\" \/>\n<meta name=\"twitter:label1\" content=\"Timp estimat pentru citire\" \/>\n\t<meta name=\"twitter:data1\" content=\"2 minutes\" \/>\n<script type=\"application\/ld+json\" class=\"yoast-schema-graph\">{\"@context\":\"https:\\\/\\\/schema.org\",\"@graph\":[{\"@type\":\"WebPage\",\"@id\":\"https:\\\/\\\/www.colosseum-graz.at\\\/ro\\\/imprint\\\/\",\"url\":\"https:\\\/\\\/www.colosseum-graz.at\\\/ro\\\/imprint\\\/\",\"name\":\"Imprint | Colosseum Graz\",\"isPartOf\":{\"@id\":\"https:\\\/\\\/www.colosseum-graz.at\\\/ro\\\/#website\"},\"datePublished\":\"2024-12-23T21:09:00+00:00\",\"dateModified\":\"2025-12-01T11:30:34+00:00\",\"breadcrumb\":{\"@id\":\"https:\\\/\\\/www.colosseum-graz.at\\\/ro\\\/imprint\\\/#breadcrumb\"},\"inLanguage\":\"ro-RO\",\"potentialAction\":[{\"@type\":\"ReadAction\",\"target\":[\"https:\\\/\\\/www.colosseum-graz.at\\\/ro\\\/imprint\\\/\"]}]},{\"@type\":\"BreadcrumbList\",\"@id\":\"https:\\\/\\\/www.colosseum-graz.at\\\/ro\\\/imprint\\\/#breadcrumb\",\"itemListElement\":[{\"@type\":\"ListItem\",\"position\":1,\"name\":\"Startseite\",\"item\":\"https:\\\/\\\/www.colosseum-graz.at\\\/ro\\\/acasa\\\/\"},{\"@type\":\"ListItem\",\"position\":2,\"name\":\"Imprint\"}]},{\"@type\":\"WebSite\",\"@id\":\"https:\\\/\\\/www.colosseum-graz.at\\\/ro\\\/#website\",\"url\":\"https:\\\/\\\/www.colosseum-graz.at\\\/ro\\\/\",\"name\":\"Colosseum Graz\",\"description\":\"Die Nummer-1-Partylocation in Graz\",\"publisher\":{\"@id\":\"https:\\\/\\\/www.colosseum-graz.at\\\/ro\\\/#organization\"},\"potentialAction\":[{\"@type\":\"SearchAction\",\"target\":{\"@type\":\"EntryPoint\",\"urlTemplate\":\"https:\\\/\\\/www.colosseum-graz.at\\\/ro\\\/?s={search_term_string}\"},\"query-input\":{\"@type\":\"PropertyValueSpecification\",\"valueRequired\":true,\"valueName\":\"search_term_string\"}}],\"inLanguage\":\"ro-RO\"},{\"@type\":\"Organization\",\"@id\":\"https:\\\/\\\/www.colosseum-graz.at\\\/ro\\\/#organization\",\"name\":\"Colosseum Graz\",\"alternateName\":\"Colosseum\",\"url\":\"https:\\\/\\\/www.colosseum-graz.at\\\/ro\\\/\",\"logo\":{\"@type\":\"ImageObject\",\"inLanguage\":\"ro-RO\",\"@id\":\"https:\\\/\\\/www.colosseum-graz.at\\\/ro\\\/#\\\/schema\\\/logo\\\/image\\\/\",\"url\":\"https:\\\/\\\/www.colosseum-graz.at\\\/wp-content\\\/uploads\\\/2024\\\/12\\\/Logo-Colosseum-Graz.jpg\",\"contentUrl\":\"https:\\\/\\\/www.colosseum-graz.at\\\/wp-content\\\/uploads\\\/2024\\\/12\\\/Logo-Colosseum-Graz.jpg\",\"width\":200,\"height\":31,\"caption\":\"Colosseum Graz\"},\"image\":{\"@id\":\"https:\\\/\\\/www.colosseum-graz.at\\\/ro\\\/#\\\/schema\\\/logo\\\/image\\\/\"}}]}<\/script>\n<!-- \/ Yoast SEO plugin. -->","yoast_head_json":{"title":"Imprint | Colosseum Graz","robots":{"index":"index","follow":"follow","max-snippet":"max-snippet:-1","max-image-preview":"max-image-preview:large","max-video-preview":"max-video-preview:-1"},"canonical":"https:\/\/www.colosseum-graz.at\/ro\/imprint\/","og_locale":"ro_RO","og_type":"article","og_title":"Imprint | Colosseum Graz","og_description":"Imprint Informa\u021bii \u00een conformitate cu \u00a7 24 MedienG, \u00a7 5 ECG \u0219i \u00a7 14 UGB Proprietar al acestei pagini HS Holding GmbH Adlerstra\u00dfe 1 4600 Wels E-mail: info@hs-graz.at UID-No.: ATU73756358 Webdesign: Look &amp; Feel Marketing online Reglement\u0103ri aplicabile Legea privind mass-media, Legea privind comer\u021bul electronic, Legea privind telecomunica\u021biile, Codul industrial &#8211; a se vedea Serviciul [&hellip;]","og_url":"https:\/\/www.colosseum-graz.at\/ro\/imprint\/","og_site_name":"Colosseum Graz","article_modified_time":"2025-12-01T11:30:34+00:00","twitter_card":"summary_large_image","twitter_misc":{"Timp estimat pentru citire":"2 minutes"},"schema":{"@context":"https:\/\/schema.org","@graph":[{"@type":"WebPage","@id":"https:\/\/www.colosseum-graz.at\/ro\/imprint\/","url":"https:\/\/www.colosseum-graz.at\/ro\/imprint\/","name":"Imprint | Colosseum Graz","isPartOf":{"@id":"https:\/\/www.colosseum-graz.at\/ro\/#website"},"datePublished":"2024-12-23T21:09:00+00:00","dateModified":"2025-12-01T11:30:34+00:00","breadcrumb":{"@id":"https:\/\/www.colosseum-graz.at\/ro\/imprint\/#breadcrumb"},"inLanguage":"ro-RO","potentialAction":[{"@type":"ReadAction","target":["https:\/\/www.colosseum-graz.at\/ro\/imprint\/"]}]},{"@type":"BreadcrumbList","@id":"https:\/\/www.colosseum-graz.at\/ro\/imprint\/#breadcrumb","itemListElement":[{"@type":"ListItem","position":1,"name":"Startseite","item":"https:\/\/www.colosseum-graz.at\/ro\/acasa\/"},{"@type":"ListItem","position":2,"name":"Imprint"}]},{"@type":"WebSite","@id":"https:\/\/www.colosseum-graz.at\/ro\/#website","url":"https:\/\/www.colosseum-graz.at\/ro\/","name":"Colosseum Graz","description":"Die Nummer-1-Partylocation in Graz","publisher":{"@id":"https:\/\/www.colosseum-graz.at\/ro\/#organization"},"potentialAction":[{"@type":"SearchAction","target":{"@type":"EntryPoint","urlTemplate":"https:\/\/www.colosseum-graz.at\/ro\/?s={search_term_string}"},"query-input":{"@type":"PropertyValueSpecification","valueRequired":true,"valueName":"search_term_string"}}],"inLanguage":"ro-RO"},{"@type":"Organization","@id":"https:\/\/www.colosseum-graz.at\/ro\/#organization","name":"Colosseum Graz","alternateName":"Colosseum","url":"https:\/\/www.colosseum-graz.at\/ro\/","logo":{"@type":"ImageObject","inLanguage":"ro-RO","@id":"https:\/\/www.colosseum-graz.at\/ro\/#\/schema\/logo\/image\/","url":"https:\/\/www.colosseum-graz.at\/wp-content\/uploads\/2024\/12\/Logo-Colosseum-Graz.jpg","contentUrl":"https:\/\/www.colosseum-graz.at\/wp-content\/uploads\/2024\/12\/Logo-Colosseum-Graz.jpg","width":200,"height":31,"caption":"Colosseum Graz"},"image":{"@id":"https:\/\/www.colosseum-graz.at\/ro\/#\/schema\/logo\/image\/"}}]}},"_links":{"self":[{"href":"https:\/\/www.colosseum-graz.at\/ro\/wp-json\/wp\/v2\/pages\/2267","targetHints":{"allow":["GET"]}}],"collection":[{"href":"https:\/\/www.colosseum-graz.at\/ro\/wp-json\/wp\/v2\/pages"}],"about":[{"href":"https:\/\/www.colosseum-graz.at\/ro\/wp-json\/wp\/v2\/types\/page"}],"author":[{"embeddable":true,"href":"https:\/\/www.colosseum-graz.at\/ro\/wp-json\/wp\/v2\/users\/1"}],"replies":[{"embeddable":true,"href":"https:\/\/www.colosseum-graz.at\/ro\/wp-json\/wp\/v2\/comments?post=2267"}],"version-history":[{"count":4,"href":"https:\/\/www.colosseum-graz.at\/ro\/wp-json\/wp\/v2\/pages\/2267\/revisions"}],"predecessor-version":[{"id":15430,"href":"https:\/\/www.colosseum-graz.at\/ro\/wp-json\/wp\/v2\/pages\/2267\/revisions\/15430"}],"wp:attachment":[{"href":"https:\/\/www.colosseum-graz.at\/ro\/wp-json\/wp\/v2\/media?parent=2267"}],"curies":[{"name":"wp","href":"https:\/\/api.w.org\/{rel}","templated":true}]}}