{"id":2283,"date":"2025-01-28T17:02:15","date_gmt":"2025-01-28T17:02:15","guid":{"rendered":"https:\/\/test.colosseum-graz.at\/escorta\/"},"modified":"2025-02-19T21:32:45","modified_gmt":"2025-02-19T21:32:45","slug":"escorta","status":"publish","type":"page","link":"https:\/\/www.colosseum-graz.at\/ro\/escorta\/","title":{"rendered":"Escort\u0103"},"content":{"rendered":"\t\t<div data-elementor-type=\"wp-page\" data-elementor-id=\"2283\" class=\"elementor elementor-2283 elementor-2127\" data-elementor-post-type=\"page\">\n\t\t\t\t<div class=\"elementor-element elementor-element-3a82bf6 e-flex e-con-boxed e-con e-parent\" data-id=\"3a82bf6\" data-element_type=\"container\" data-e-type=\"container\" data-settings=\"{&quot;background_background&quot;:&quot;classic&quot;,&quot;background_motion_fx_motion_fx_mouse&quot;:&quot;yes&quot;,&quot;background_motion_fx_mouseTrack_effect&quot;:&quot;yes&quot;,&quot;background_motion_fx_mouseTrack_speed&quot;:{&quot;unit&quot;:&quot;px&quot;,&quot;size&quot;:1,&quot;sizes&quot;:[]}}\">\n\t\t\t\t\t<div class=\"e-con-inner\">\n\t\t\t\t<div class=\"elementor-element elementor-element-8242f47 g-text-1 elementor-invisible elementor-widget elementor-widget-heading\" data-id=\"8242f47\" data-element_type=\"widget\" data-e-type=\"widget\" data-settings=\"{&quot;_animation&quot;:&quot;fadeInUp&quot;,&quot;_animation_mobile&quot;:&quot;fadeInDown&quot;}\" data-widget_type=\"heading.default\">\n\t\t\t\t<div class=\"elementor-widget-container\">\n\t\t\t\t\t<h1 class=\"elementor-heading-title elementor-size-default\">Servicii de escort\u0103<\/h1>\t\t\t\t<\/div>\n\t\t\t\t<\/div>\n\t\t\t\t\t<\/div>\n\t\t\t\t<\/div>\n\t\t<div class=\"elementor-element elementor-element-c0467f9 e-flex e-con-boxed e-con e-parent\" data-id=\"c0467f9\" data-element_type=\"container\" data-e-type=\"container\">\n\t\t\t\t\t<div class=\"e-con-inner\">\n\t\t\t\t<div class=\"elementor-element elementor-element-c508251 elementor-widget elementor-widget-heading\" data-id=\"c508251\" data-element_type=\"widget\" data-e-type=\"widget\" data-widget_type=\"heading.default\">\n\t\t\t\t<div class=\"elementor-widget-container\">\n\t\t\t\t\t<h2 class=\"elementor-heading-title elementor-size-default\">Serviciul cu acel ceva anume<\/h2>\t\t\t\t<\/div>\n\t\t\t\t<\/div>\n\t\t\t\t\t<\/div>\n\t\t\t\t<\/div>\n\t\t<div class=\"elementor-element elementor-element-6de205e e-flex e-con-boxed e-con e-parent\" data-id=\"6de205e\" data-element_type=\"container\" data-e-type=\"container\">\n\t\t\t\t\t<div class=\"e-con-inner\">\n\t\t<div class=\"elementor-element elementor-element-6e4b65c e-con-full e-flex e-con e-child\" data-id=\"6e4b65c\" data-element_type=\"container\" data-e-type=\"container\">\n\t\t\t\t<div class=\"elementor-element elementor-element-28a3705 elementor-widget elementor-widget-image\" data-id=\"28a3705\" data-element_type=\"widget\" data-e-type=\"widget\" data-widget_type=\"image.default\">\n\t\t\t\t<div class=\"elementor-widget-container\">\n\t\t\t\t\t\t\t\t\t\t\t\t\t\t\t<img fetchpriority=\"high\" decoding=\"async\" width=\"460\" height=\"460\" src=\"https:\/\/www.colosseum-graz.at\/wp-content\/uploads\/2025\/01\/Services-\u2013-Escort.jpg\" class=\"elementor-animation-float attachment-full size-full wp-image-2239\" alt=\"\" srcset=\"https:\/\/www.colosseum-graz.at\/wp-content\/uploads\/2025\/01\/Services-\u2013-Escort.jpg 460w, https:\/\/www.colosseum-graz.at\/wp-content\/uploads\/2025\/01\/Services-\u2013-Escort-300x300.jpg 300w, https:\/\/www.colosseum-graz.at\/wp-content\/uploads\/2025\/01\/Services-\u2013-Escort-150x150.jpg 150w\" sizes=\"(max-width: 460px) 100vw, 460px\" \/>\t\t\t\t\t\t\t\t\t\t\t\t\t\t\t<\/div>\n\t\t\t\t<\/div>\n\t\t\t\t<\/div>\n\t\t<div class=\"elementor-element elementor-element-7c49a85 e-con-full e-flex e-con e-child\" data-id=\"7c49a85\" data-element_type=\"container\" data-e-type=\"container\">\n\t\t\t\t<div class=\"elementor-element elementor-element-4ceb4c9 elementor-widget elementor-widget-text-editor\" data-id=\"4ceb4c9\" data-element_type=\"widget\" data-e-type=\"widget\" data-widget_type=\"text-editor.default\">\n\t\t\t\t<div class=\"elementor-widget-container\">\n\t\t\t\t\t\t\t\t\t<p>V\u0103 oferim zilnic 24&nbsp;h servicii de escort\u0103 la cel mai \u00eenalt nivel &#8211; desigur 100&nbsp;% discret \u0219i serios.<\/p>\n<p>Bucura\u021bi-v\u0103 de o \u00eent\u00e2lnire erotic\u0103 plin\u0103 de dorin\u021b\u0103 \u0219i senza\u021bii de furnic\u0103turi cu o doamn\u0103 frumoas\u0103 pe care nu o ve\u021bi uita prea cur\u00e2nd \ud83d\ude09<\/p>\nAve\u021bi \u00eentreb\u0103ri despre serviciile noastre de escort\u0103 sau dori\u021bi s\u0103 rezerva\u021bi o domni\u0219oar\u0103? Atunci lua\u021bi leg\u0103tura cu noi imediat, vom fi bucuro\u0219i s\u0103 v\u0103 ajut\u0103m!\t\t\t\t\t\t\t\t<\/div>\n\t\t\t\t<\/div>\n\t\t\t\t<div class=\"elementor-element elementor-element-27a4b90 gradient-btn  elementor-align-left elementor-mobile-align-center elementor-widget elementor-widget-button\" data-id=\"27a4b90\" data-element_type=\"widget\" data-e-type=\"widget\" data-widget_type=\"button.default\">\n\t\t\t\t<div class=\"elementor-widget-container\">\n\t\t\t\t\t\t\t\t\t<div class=\"elementor-button-wrapper\">\n\t\t\t\t\t<a class=\"elementor-button elementor-button-link elementor-size-sm\" href=\"https:\/\/www.colosseum-graz.at\/ro\/contactati-ne\/\">\n\t\t\t\t\t\t<span class=\"elementor-button-content-wrapper\">\n\t\t\t\t\t\t\t\t\t<span class=\"elementor-button-text\">Contacta\u021bi-ne<\/span>\n\t\t\t\t\t<\/span>\n\t\t\t\t\t<\/a>\n\t\t\t\t<\/div>\n\t\t\t\t\t\t\t\t<\/div>\n\t\t\t\t<\/div>\n\t\t\t\t<\/div>\n\t\t\t\t\t<\/div>\n\t\t\t\t<\/div>\n\t\t<div class=\"elementor-element elementor-element-80f14ba e-flex e-con-boxed e-con e-parent\" data-id=\"80f14ba\" data-element_type=\"container\" data-e-type=\"container\">\n\t\t\t\t\t<div class=\"e-con-inner\">\n\t\t\t\t<div class=\"elementor-element elementor-element-c490375 elementor-widget elementor-widget-heading\" data-id=\"c490375\" data-element_type=\"widget\" data-e-type=\"widget\" data-widget_type=\"heading.default\">\n\t\t\t\t<div class=\"elementor-widget-container\">\n\t\t\t\t\t<h2 class=\"elementor-heading-title elementor-size-default\">Servicii suplimentare<\/h2>\t\t\t\t<\/div>\n\t\t\t\t<\/div>\n\t\t\t\t<div class=\"elementor-element elementor-element-ab4b63d elementor-widget elementor-widget-image\" data-id=\"ab4b63d\" data-element_type=\"widget\" data-e-type=\"widget\" data-widget_type=\"image.default\">\n\t\t\t\t<div class=\"elementor-widget-container\">\n\t\t\t\t\t\t\t\t\t\t\t\t\t\t\t\t<a href=\"https:\/\/www.colosseum-graz.at\/services\/\">\n\t\t\t\t\t\t\t<img decoding=\"async\" src=\"https:\/\/www.colosseum-graz.at\/wp-content\/uploads\/elementor\/thumbs\/Services-r0xqans0u5lkca4hxn5uk9b7m3qalhsk0pag1b8idc.jpg\" title=\"Servicii\" alt=\"Servicii\" class=\"elementor-animation-float\" loading=\"lazy\" \/>\t\t\t\t\t\t\t\t<\/a>\n\t\t\t\t\t\t\t\t\t\t\t\t\t\t\t<\/div>\n\t\t\t\t<\/div>\n\t\t\t\t<div class=\"elementor-element elementor-element-9ab2dbe elementor-widget elementor-widget-text-editor\" data-id=\"9ab2dbe\" data-element_type=\"widget\" data-e-type=\"widget\" data-widget_type=\"text-editor.default\">\n\t\t\t\t<div class=\"elementor-widget-container\">\n\t\t\t\t\t\t\t\t\tCele mai frumoase fete din Graz v\u0103 ofer\u0103 servicii extinse la cel mai \u00eenalt nivel. Ave\u021bi vreo cerere special\u0103? &nbsp;Apoi, profita\u021bi de ofertele noastre speciale, cum ar fi limuzina special\u0103 la !\n<br><br>Aici ve\u021bi g\u0103si o prezentare general\u0103 a tuturor serviciilor noastre.\t\t\t\t\t\t\t\t<\/div>\n\t\t\t\t<\/div>\n\t\t\t\t<div class=\"elementor-element elementor-element-e750c5a gradient-btn  elementor-widget elementor-widget-button\" data-id=\"e750c5a\" data-element_type=\"widget\" data-e-type=\"widget\" data-widget_type=\"button.default\">\n\t\t\t\t<div class=\"elementor-widget-container\">\n\t\t\t\t\t\t\t\t\t<div class=\"elementor-button-wrapper\">\n\t\t\t\t\t<a class=\"elementor-button elementor-button-link elementor-size-sm\" href=\"https:\/\/www.colosseum-graz.at\/ro\/servicii\/\">\n\t\t\t\t\t\t<span class=\"elementor-button-content-wrapper\">\n\t\t\t\t\t\t\t\t\t<span class=\"elementor-button-text\">Serviciile noastre<\/span>\n\t\t\t\t\t<\/span>\n\t\t\t\t\t<\/a>\n\t\t\t\t<\/div>\n\t\t\t\t\t\t\t\t<\/div>\n\t\t\t\t<\/div>\n\t\t\t\t\t<\/div>\n\t\t\t\t<\/div>\n\t\t\t\t<\/div>\n\t\t","protected":false},"excerpt":{"rendered":"<p>Servicii de escort\u0103 Serviciul cu acel ceva anume V\u0103 oferim zilnic 24&nbsp;h servicii de escort\u0103 la cel mai \u00eenalt nivel &#8211; desigur 100&nbsp;% discret \u0219i serios. Bucura\u021bi-v\u0103 de o \u00eent\u00e2lnire erotic\u0103 plin\u0103 de dorin\u021b\u0103 \u0219i senza\u021bii de furnic\u0103turi cu o doamn\u0103 frumoas\u0103 pe care nu o ve\u021bi uita prea cur\u00e2nd \ud83d\ude09 Ave\u021bi \u00eentreb\u0103ri despre serviciile [&hellip;]<\/p>\n","protected":false},"author":1,"featured_media":0,"parent":0,"menu_order":0,"comment_status":"closed","ping_status":"closed","template":"","meta":{"_acf_changed":false,"footnotes":""},"class_list":["post-2283","page","type-page","status-publish","hentry"],"acf":[],"yoast_head":"<!-- This site is optimized with the Yoast SEO plugin v27.4 - https:\/\/yoast.com\/product\/yoast-seo-wordpress\/ -->\n<title>Escort\u0103 | Colosseum Graz<\/title>\n<meta name=\"robots\" content=\"index, follow, max-snippet:-1, max-image-preview:large, max-video-preview:-1\" \/>\n<link rel=\"canonical\" href=\"https:\/\/www.colosseum-graz.at\/ro\/escorta\/\" \/>\n<meta property=\"og:locale\" content=\"ro_RO\" \/>\n<meta property=\"og:type\" content=\"article\" \/>\n<meta property=\"og:title\" content=\"Escort\u0103 | Colosseum Graz\" \/>\n<meta property=\"og:description\" content=\"Servicii de escort\u0103 Serviciul cu acel ceva anume V\u0103 oferim zilnic 24&nbsp;h servicii de escort\u0103 la cel mai \u00eenalt nivel &#8211; desigur 100&nbsp;% discret \u0219i serios. Bucura\u021bi-v\u0103 de o \u00eent\u00e2lnire erotic\u0103 plin\u0103 de dorin\u021b\u0103 \u0219i senza\u021bii de furnic\u0103turi cu o doamn\u0103 frumoas\u0103 pe care nu o ve\u021bi uita prea cur\u00e2nd \ud83d\ude09 Ave\u021bi \u00eentreb\u0103ri despre serviciile [&hellip;]\" \/>\n<meta property=\"og:url\" content=\"https:\/\/www.colosseum-graz.at\/ro\/escorta\/\" \/>\n<meta property=\"og:site_name\" content=\"Colosseum Graz\" \/>\n<meta property=\"article:modified_time\" content=\"2025-02-19T21:32:45+00:00\" \/>\n<meta property=\"og:image\" content=\"https:\/\/www.colosseum-graz.at\/wp-content\/uploads\/elementor\/thumbs\/Services-r0xqans0u5lkca4hxn5uk9b7m3qalhsk0pag1b8idc.jpg\" \/>\n<meta name=\"twitter:card\" content=\"summary_large_image\" \/>\n<meta name=\"twitter:label1\" content=\"Timp estimat pentru citire\" \/>\n\t<meta name=\"twitter:data1\" content=\"1 minute\" \/>\n<script type=\"application\/ld+json\" class=\"yoast-schema-graph\">{\"@context\":\"https:\\\/\\\/schema.org\",\"@graph\":[{\"@type\":\"WebPage\",\"@id\":\"https:\\\/\\\/www.colosseum-graz.at\\\/ro\\\/escorta\\\/\",\"url\":\"https:\\\/\\\/www.colosseum-graz.at\\\/ro\\\/escorta\\\/\",\"name\":\"Escort\u0103 | Colosseum Graz\",\"isPartOf\":{\"@id\":\"https:\\\/\\\/www.colosseum-graz.at\\\/ro\\\/#website\"},\"primaryImageOfPage\":{\"@id\":\"https:\\\/\\\/www.colosseum-graz.at\\\/ro\\\/escorta\\\/#primaryimage\"},\"image\":{\"@id\":\"https:\\\/\\\/www.colosseum-graz.at\\\/ro\\\/escorta\\\/#primaryimage\"},\"thumbnailUrl\":\"https:\\\/\\\/www.colosseum-graz.at\\\/wp-content\\\/uploads\\\/elementor\\\/thumbs\\\/Services-r0xqans0u5lkca4hxn5uk9b7m3qalhsk0pag1b8idc.jpg\",\"datePublished\":\"2025-01-28T17:02:15+00:00\",\"dateModified\":\"2025-02-19T21:32:45+00:00\",\"breadcrumb\":{\"@id\":\"https:\\\/\\\/www.colosseum-graz.at\\\/ro\\\/escorta\\\/#breadcrumb\"},\"inLanguage\":\"ro-RO\",\"potentialAction\":[{\"@type\":\"ReadAction\",\"target\":[\"https:\\\/\\\/www.colosseum-graz.at\\\/ro\\\/escorta\\\/\"]}]},{\"@type\":\"ImageObject\",\"inLanguage\":\"ro-RO\",\"@id\":\"https:\\\/\\\/www.colosseum-graz.at\\\/ro\\\/escorta\\\/#primaryimage\",\"url\":\"https:\\\/\\\/www.colosseum-graz.at\\\/wp-content\\\/uploads\\\/elementor\\\/thumbs\\\/Services-r0xqans0u5lkca4hxn5uk9b7m3qalhsk0pag1b8idc.jpg\",\"contentUrl\":\"https:\\\/\\\/www.colosseum-graz.at\\\/wp-content\\\/uploads\\\/elementor\\\/thumbs\\\/Services-r0xqans0u5lkca4hxn5uk9b7m3qalhsk0pag1b8idc.jpg\"},{\"@type\":\"BreadcrumbList\",\"@id\":\"https:\\\/\\\/www.colosseum-graz.at\\\/ro\\\/escorta\\\/#breadcrumb\",\"itemListElement\":[{\"@type\":\"ListItem\",\"position\":1,\"name\":\"Startseite\",\"item\":\"https:\\\/\\\/www.colosseum-graz.at\\\/ro\\\/acasa\\\/\"},{\"@type\":\"ListItem\",\"position\":2,\"name\":\"Escort\u0103\"}]},{\"@type\":\"WebSite\",\"@id\":\"https:\\\/\\\/www.colosseum-graz.at\\\/ro\\\/#website\",\"url\":\"https:\\\/\\\/www.colosseum-graz.at\\\/ro\\\/\",\"name\":\"Colosseum Graz\",\"description\":\"Die Nummer-1-Partylocation in Graz\",\"publisher\":{\"@id\":\"https:\\\/\\\/www.colosseum-graz.at\\\/ro\\\/#organization\"},\"potentialAction\":[{\"@type\":\"SearchAction\",\"target\":{\"@type\":\"EntryPoint\",\"urlTemplate\":\"https:\\\/\\\/www.colosseum-graz.at\\\/ro\\\/?s={search_term_string}\"},\"query-input\":{\"@type\":\"PropertyValueSpecification\",\"valueRequired\":true,\"valueName\":\"search_term_string\"}}],\"inLanguage\":\"ro-RO\"},{\"@type\":\"Organization\",\"@id\":\"https:\\\/\\\/www.colosseum-graz.at\\\/ro\\\/#organization\",\"name\":\"Colosseum Graz\",\"alternateName\":\"Colosseum\",\"url\":\"https:\\\/\\\/www.colosseum-graz.at\\\/ro\\\/\",\"logo\":{\"@type\":\"ImageObject\",\"inLanguage\":\"ro-RO\",\"@id\":\"https:\\\/\\\/www.colosseum-graz.at\\\/ro\\\/#\\\/schema\\\/logo\\\/image\\\/\",\"url\":\"https:\\\/\\\/www.colosseum-graz.at\\\/wp-content\\\/uploads\\\/2024\\\/12\\\/Logo-Colosseum-Graz.jpg\",\"contentUrl\":\"https:\\\/\\\/www.colosseum-graz.at\\\/wp-content\\\/uploads\\\/2024\\\/12\\\/Logo-Colosseum-Graz.jpg\",\"width\":200,\"height\":31,\"caption\":\"Colosseum Graz\"},\"image\":{\"@id\":\"https:\\\/\\\/www.colosseum-graz.at\\\/ro\\\/#\\\/schema\\\/logo\\\/image\\\/\"}}]}<\/script>\n<!-- \/ Yoast SEO plugin. -->","yoast_head_json":{"title":"Escort\u0103 | Colosseum Graz","robots":{"index":"index","follow":"follow","max-snippet":"max-snippet:-1","max-image-preview":"max-image-preview:large","max-video-preview":"max-video-preview:-1"},"canonical":"https:\/\/www.colosseum-graz.at\/ro\/escorta\/","og_locale":"ro_RO","og_type":"article","og_title":"Escort\u0103 | Colosseum Graz","og_description":"Servicii de escort\u0103 Serviciul cu acel ceva anume V\u0103 oferim zilnic 24&nbsp;h servicii de escort\u0103 la cel mai \u00eenalt nivel &#8211; desigur 100&nbsp;% discret \u0219i serios. Bucura\u021bi-v\u0103 de o \u00eent\u00e2lnire erotic\u0103 plin\u0103 de dorin\u021b\u0103 \u0219i senza\u021bii de furnic\u0103turi cu o doamn\u0103 frumoas\u0103 pe care nu o ve\u021bi uita prea cur\u00e2nd \ud83d\ude09 Ave\u021bi \u00eentreb\u0103ri despre serviciile [&hellip;]","og_url":"https:\/\/www.colosseum-graz.at\/ro\/escorta\/","og_site_name":"Colosseum Graz","article_modified_time":"2025-02-19T21:32:45+00:00","og_image":[{"url":"https:\/\/www.colosseum-graz.at\/wp-content\/uploads\/elementor\/thumbs\/Services-r0xqans0u5lkca4hxn5uk9b7m3qalhsk0pag1b8idc.jpg","type":"","width":"","height":""}],"twitter_card":"summary_large_image","twitter_misc":{"Timp estimat pentru citire":"1 minute"},"schema":{"@context":"https:\/\/schema.org","@graph":[{"@type":"WebPage","@id":"https:\/\/www.colosseum-graz.at\/ro\/escorta\/","url":"https:\/\/www.colosseum-graz.at\/ro\/escorta\/","name":"Escort\u0103 | Colosseum Graz","isPartOf":{"@id":"https:\/\/www.colosseum-graz.at\/ro\/#website"},"primaryImageOfPage":{"@id":"https:\/\/www.colosseum-graz.at\/ro\/escorta\/#primaryimage"},"image":{"@id":"https:\/\/www.colosseum-graz.at\/ro\/escorta\/#primaryimage"},"thumbnailUrl":"https:\/\/www.colosseum-graz.at\/wp-content\/uploads\/elementor\/thumbs\/Services-r0xqans0u5lkca4hxn5uk9b7m3qalhsk0pag1b8idc.jpg","datePublished":"2025-01-28T17:02:15+00:00","dateModified":"2025-02-19T21:32:45+00:00","breadcrumb":{"@id":"https:\/\/www.colosseum-graz.at\/ro\/escorta\/#breadcrumb"},"inLanguage":"ro-RO","potentialAction":[{"@type":"ReadAction","target":["https:\/\/www.colosseum-graz.at\/ro\/escorta\/"]}]},{"@type":"ImageObject","inLanguage":"ro-RO","@id":"https:\/\/www.colosseum-graz.at\/ro\/escorta\/#primaryimage","url":"https:\/\/www.colosseum-graz.at\/wp-content\/uploads\/elementor\/thumbs\/Services-r0xqans0u5lkca4hxn5uk9b7m3qalhsk0pag1b8idc.jpg","contentUrl":"https:\/\/www.colosseum-graz.at\/wp-content\/uploads\/elementor\/thumbs\/Services-r0xqans0u5lkca4hxn5uk9b7m3qalhsk0pag1b8idc.jpg"},{"@type":"BreadcrumbList","@id":"https:\/\/www.colosseum-graz.at\/ro\/escorta\/#breadcrumb","itemListElement":[{"@type":"ListItem","position":1,"name":"Startseite","item":"https:\/\/www.colosseum-graz.at\/ro\/acasa\/"},{"@type":"ListItem","position":2,"name":"Escort\u0103"}]},{"@type":"WebSite","@id":"https:\/\/www.colosseum-graz.at\/ro\/#website","url":"https:\/\/www.colosseum-graz.at\/ro\/","name":"Colosseum Graz","description":"Die Nummer-1-Partylocation in Graz","publisher":{"@id":"https:\/\/www.colosseum-graz.at\/ro\/#organization"},"potentialAction":[{"@type":"SearchAction","target":{"@type":"EntryPoint","urlTemplate":"https:\/\/www.colosseum-graz.at\/ro\/?s={search_term_string}"},"query-input":{"@type":"PropertyValueSpecification","valueRequired":true,"valueName":"search_term_string"}}],"inLanguage":"ro-RO"},{"@type":"Organization","@id":"https:\/\/www.colosseum-graz.at\/ro\/#organization","name":"Colosseum Graz","alternateName":"Colosseum","url":"https:\/\/www.colosseum-graz.at\/ro\/","logo":{"@type":"ImageObject","inLanguage":"ro-RO","@id":"https:\/\/www.colosseum-graz.at\/ro\/#\/schema\/logo\/image\/","url":"https:\/\/www.colosseum-graz.at\/wp-content\/uploads\/2024\/12\/Logo-Colosseum-Graz.jpg","contentUrl":"https:\/\/www.colosseum-graz.at\/wp-content\/uploads\/2024\/12\/Logo-Colosseum-Graz.jpg","width":200,"height":31,"caption":"Colosseum Graz"},"image":{"@id":"https:\/\/www.colosseum-graz.at\/ro\/#\/schema\/logo\/image\/"}}]}},"_links":{"self":[{"href":"https:\/\/www.colosseum-graz.at\/ro\/wp-json\/wp\/v2\/pages\/2283","targetHints":{"allow":["GET"]}}],"collection":[{"href":"https:\/\/www.colosseum-graz.at\/ro\/wp-json\/wp\/v2\/pages"}],"about":[{"href":"https:\/\/www.colosseum-graz.at\/ro\/wp-json\/wp\/v2\/types\/page"}],"author":[{"embeddable":true,"href":"https:\/\/www.colosseum-graz.at\/ro\/wp-json\/wp\/v2\/users\/1"}],"replies":[{"embeddable":true,"href":"https:\/\/www.colosseum-graz.at\/ro\/wp-json\/wp\/v2\/comments?post=2283"}],"version-history":[{"count":4,"href":"https:\/\/www.colosseum-graz.at\/ro\/wp-json\/wp\/v2\/pages\/2283\/revisions"}],"predecessor-version":[{"id":5756,"href":"https:\/\/www.colosseum-graz.at\/ro\/wp-json\/wp\/v2\/pages\/2283\/revisions\/5756"}],"wp:attachment":[{"href":"https:\/\/www.colosseum-graz.at\/ro\/wp-json\/wp\/v2\/media?parent=2283"}],"curies":[{"name":"wp","href":"https:\/\/api.w.org\/{rel}","templated":true}]}}