{"id":2268,"date":"2024-12-23T21:09:00","date_gmt":"2024-12-23T21:09:00","guid":{"rendered":"https:\/\/test.colosseum-graz.at\/impressum\/"},"modified":"2025-12-01T11:30:38","modified_gmt":"2025-12-01T11:30:38","slug":"imprint","status":"publish","type":"page","link":"https:\/\/www.colosseum-graz.at\/sk\/imprint\/","title":{"rendered":"Odtla\u010dok"},"content":{"rendered":"\t\t<div data-elementor-type=\"wp-page\" data-elementor-id=\"2268\" class=\"elementor elementor-2268 elementor-74\" data-elementor-post-type=\"page\">\n\t\t\t\t<div class=\"elementor-element elementor-element-4393c547 e-flex e-con-boxed e-con e-parent\" data-id=\"4393c547\" data-element_type=\"container\" data-e-type=\"container\">\n\t\t\t\t\t<div class=\"e-con-inner\">\n\t\t\t\t<div class=\"elementor-element elementor-element-521509a g-text-1 elementor-widget elementor-widget-heading\" data-id=\"521509a\" data-element_type=\"widget\" data-e-type=\"widget\" data-widget_type=\"heading.default\">\n\t\t\t\t<div class=\"elementor-widget-container\">\n\t\t\t\t\t<h1 class=\"elementor-heading-title elementor-size-default\">Odtla\u010dok<\/h1>\t\t\t\t<\/div>\n\t\t\t\t<\/div>\n\t\t\t\t\t<\/div>\n\t\t\t\t<\/div>\n\t\t<div class=\"elementor-element elementor-element-3fda3462 e-flex e-con-boxed e-con e-parent\" data-id=\"3fda3462\" data-element_type=\"container\" data-e-type=\"container\">\n\t\t\t\t\t<div class=\"e-con-inner\">\n\t\t\t\t<div class=\"elementor-element elementor-element-1cf07a5c elementor-widget elementor-widget-heading\" data-id=\"1cf07a5c\" data-element_type=\"widget\" data-e-type=\"widget\" data-widget_type=\"heading.default\">\n\t\t\t\t<div class=\"elementor-widget-container\">\n\t\t\t\t\t<h2 class=\"elementor-heading-title elementor-size-default\">Inform\u00e1cie pod\u013ea \u00a7 24 MedienG, \u00a7 5 ECG a \u00a7 14 UGB<\/h2>\t\t\t\t<\/div>\n\t\t\t\t<\/div>\n\t\t\t\t<div class=\"elementor-element elementor-element-6e9a75f elementor-widget elementor-widget-heading\" data-id=\"6e9a75f\" data-element_type=\"widget\" data-e-type=\"widget\" data-widget_type=\"heading.default\">\n\t\t\t\t<div class=\"elementor-widget-container\">\n\t\t\t\t\t<h3 class=\"elementor-heading-title elementor-size-default\">Vlastn\u00edk tejto str\u00e1nky<\/h3>\t\t\t\t<\/div>\n\t\t\t\t<\/div>\n\t\t\t\t<div class=\"elementor-element elementor-element-51f584e1 elementor-widget elementor-widget-text-editor\" data-id=\"51f584e1\" data-element_type=\"widget\" data-e-type=\"widget\" data-widget_type=\"text-editor.default\">\n\t\t\t\t<div class=\"elementor-widget-container\">\n\t\t\t\t\t\t\t\t\tHS Holding GmbH\n<br>Adlerstra\u00dfe 1\n<br>4600 Wels\n<br>E-mailov\u00e1 adresa: info@hs-graz.at\n<br>UID-\u010d\u00edslo: ATU73756358\n<br><br>Webdesign: <a href=\"https:\/\/www.look-and-feel.at\" target=\"_blank\">Look &amp; Feel Online Marketing<\/a>\t\t\t\t\t\t\t\t<\/div>\n\t\t\t\t<\/div>\n\t\t\t\t<div class=\"elementor-element elementor-element-f57b659 elementor-widget elementor-widget-heading\" data-id=\"f57b659\" data-element_type=\"widget\" data-e-type=\"widget\" data-widget_type=\"heading.default\">\n\t\t\t\t<div class=\"elementor-widget-container\">\n\t\t\t\t\t<h3 class=\"elementor-heading-title elementor-size-default\">Uplatnite\u013en\u00e9 predpisy<\/h3>\t\t\t\t<\/div>\n\t\t\t\t<\/div>\n\t\t\t\t<div class=\"elementor-element elementor-element-016e40e elementor-widget elementor-widget-text-editor\" data-id=\"016e40e\" data-element_type=\"widget\" data-e-type=\"widget\" data-widget_type=\"text-editor.default\">\n\t\t\t\t<div class=\"elementor-widget-container\">\n\t\t\t\t\t\t\t\t\tZ\u00e1kon o m\u00e9di\u00e1ch, z\u00e1kon o elektronickom obchode, z\u00e1kon o telekomunik\u00e1ci\u00e1ch, priemyseln\u00fd z\u00e1konn\u00edk &#8211; pozri Pr\u00e1vnu informa\u010dn\u00fa slu\u017ebu Spolkovej kancel\u00e1rie: <a href=\"http:\/\/www.ris.bka.gv.at\" target=\"_blank\">www.ris.bka.gv.at<\/a>\t\t\t\t\t\t\t\t<\/div>\n\t\t\t\t<\/div>\n\t\t\t\t<div class=\"elementor-element elementor-element-c329139 elementor-widget elementor-widget-heading\" data-id=\"c329139\" data-element_type=\"widget\" data-e-type=\"widget\" data-widget_type=\"heading.default\">\n\t\t\t\t<div class=\"elementor-widget-container\">\n\t\t\t\t\t<h3 class=\"elementor-heading-title elementor-size-default\">Komora<\/h3>\t\t\t\t<\/div>\n\t\t\t\t<\/div>\n\t\t\t\t<div class=\"elementor-element elementor-element-8141265 elementor-widget elementor-widget-text-editor\" data-id=\"8141265\" data-element_type=\"widget\" data-e-type=\"widget\" data-widget_type=\"text-editor.default\">\n\t\t\t\t<div class=\"elementor-widget-container\">\n\t\t\t\t\t\t\t\t\tWKO Horn\u00e9 Rak\u00fasko\/\u0160t\u00fdrsko\t\t\t\t\t\t\t\t<\/div>\n\t\t\t\t<\/div>\n\t\t\t\t<div class=\"elementor-element elementor-element-b8d36ca elementor-widget elementor-widget-heading\" data-id=\"b8d36ca\" data-element_type=\"widget\" data-e-type=\"widget\" data-widget_type=\"heading.default\">\n\t\t\t\t<div class=\"elementor-widget-container\">\n\t\t\t\t\t<h3 class=\"elementor-heading-title elementor-size-default\">Dozorn\u00fd org\u00e1n\/autorita acc. Z\u00e1kon o elektronickom obchode<\/h3>\t\t\t\t<\/div>\n\t\t\t\t<\/div>\n\t\t\t\t<div class=\"elementor-element elementor-element-583db2b elementor-widget elementor-widget-text-editor\" data-id=\"583db2b\" data-element_type=\"widget\" data-e-type=\"widget\" data-widget_type=\"text-editor.default\">\n\t\t\t\t<div class=\"elementor-widget-container\">\n\t\t\t\t\t\t\t\t\tMagistrat Wels\/Graz, v r\u00e1mci telekomunika\u010dn\u00e9ho z\u00e1kona Rundfunk und Telekom Regulierungs-GmbH (RTR) a Telekom-Control-Kommission (TKK), Mariahilfer Stra\u00dfe 77-79, 1060 Viede\u0148\t\t\t\t\t\t\t\t<\/div>\n\t\t\t\t<\/div>\n\t\t\t\t\t<\/div>\n\t\t\t\t<\/div>\n\t\t<div class=\"elementor-element elementor-element-f3f4f19 e-flex e-con-boxed e-con e-parent\" data-id=\"f3f4f19\" data-element_type=\"container\" data-e-type=\"container\">\n\t\t\t\t\t<div class=\"e-con-inner\">\n\t\t\t\t<div class=\"elementor-element elementor-element-f98600f elementor-widget elementor-widget-heading\" data-id=\"f98600f\" data-element_type=\"widget\" data-e-type=\"widget\" data-widget_type=\"heading.default\">\n\t\t\t\t<div class=\"elementor-widget-container\">\n\t\t\t\t\t<h2 class=\"elementor-heading-title elementor-size-default\">Zverej\u0148ovanie inform\u00e1ci\u00ed pod\u013ea \u00a7 25 z\u00e1kona o m\u00e9di\u00e1ch<\/h2>\t\t\t\t<\/div>\n\t\t\t\t<\/div>\n\t\t\t\t<div class=\"elementor-element elementor-element-d271d1b elementor-widget elementor-widget-heading\" data-id=\"d271d1b\" data-element_type=\"widget\" data-e-type=\"widget\" data-widget_type=\"heading.default\">\n\t\t\t\t<div class=\"elementor-widget-container\">\n\t\t\t\t\t<h3 class=\"elementor-heading-title elementor-size-default\">Vlastn\u00edk a vydavate\u013e m\u00e9di\u00ed<\/h3>\t\t\t\t<\/div>\n\t\t\t\t<\/div>\n\t\t\t\t<div class=\"elementor-element elementor-element-f58847b elementor-widget elementor-widget-text-editor\" data-id=\"f58847b\" data-element_type=\"widget\" data-e-type=\"widget\" data-widget_type=\"text-editor.default\">\n\t\t\t\t<div class=\"elementor-widget-container\">\n\t\t\t\t\t\t\t\t\tHS Holding GmbH\n<br>Adlerstra\u00dfe 1\n<br>4600 Wels\n<br>E-mailov\u00e1 adresa: info@hs-graz.at\n<br>UID \u010d.: ATU73756358\t\t\t\t\t\t\t\t<\/div>\n\t\t\t\t<\/div>\n\t\t\t\t<div class=\"elementor-element elementor-element-61e3d88 elementor-widget elementor-widget-heading\" data-id=\"61e3d88\" data-element_type=\"widget\" data-e-type=\"widget\" data-widget_type=\"heading.default\">\n\t\t\t\t<div class=\"elementor-widget-container\">\n\t\t\t\t\t<h3 class=\"elementor-heading-title elementor-size-default\">Predmet \u010dinnosti spolo\u010dnosti<\/h3>\t\t\t\t<\/div>\n\t\t\t\t<\/div>\n\t\t\t\t<div class=\"elementor-element elementor-element-03f7372 elementor-widget elementor-widget-text-editor\" data-id=\"03f7372\" data-element_type=\"widget\" data-e-type=\"widget\" data-widget_type=\"text-editor.default\">\n\t\t\t\t<div class=\"elementor-widget-container\">\n\t\t\t\t\t\t\t\t\tPrev\u00e1dzkovanie eskortnej slu\u017eby\t\t\t\t\t\t\t\t<\/div>\n\t\t\t\t<\/div>\n\t\t\t\t<div class=\"elementor-element elementor-element-ce52ed5 elementor-widget elementor-widget-heading\" data-id=\"ce52ed5\" data-element_type=\"widget\" data-e-type=\"widget\" data-widget_type=\"heading.default\">\n\t\t\t\t<div class=\"elementor-widget-container\">\n\t\t\t\t\t<h3 class=\"elementor-heading-title elementor-size-default\">Z\u00e1kladn\u00fd smer m\u00e9dia<\/h3>\t\t\t\t<\/div>\n\t\t\t\t<\/div>\n\t\t\t\t<div class=\"elementor-element elementor-element-6d01554 elementor-widget elementor-widget-text-editor\" data-id=\"6d01554\" data-element_type=\"widget\" data-e-type=\"widget\" data-widget_type=\"text-editor.default\">\n\t\t\t\t<div class=\"elementor-widget-container\">\n\t\t\t\t\t\t\t\t\tInform\u00e1cie o prev\u00e1dzke eskortnej slu\u017eby.\t\t\t\t\t\t\t\t<\/div>\n\t\t\t\t<\/div>\n\t\t\t\t<div class=\"elementor-element elementor-element-5f8bf3f elementor-widget elementor-widget-heading\" data-id=\"5f8bf3f\" data-element_type=\"widget\" data-e-type=\"widget\" data-widget_type=\"heading.default\">\n\t\t\t\t<div class=\"elementor-widget-container\">\n\t\t\t\t\t<h3 class=\"elementor-heading-title elementor-size-default\">Autorsk\u00e9 pr\u00e1va<\/h3>\t\t\t\t<\/div>\n\t\t\t\t<\/div>\n\t\t\t\t<div class=\"elementor-element elementor-element-7215c88 elementor-widget elementor-widget-text-editor\" data-id=\"7215c88\" data-element_type=\"widget\" data-e-type=\"widget\" data-widget_type=\"text-editor.default\">\n\t\t\t\t<div class=\"elementor-widget-container\">\n\t\t\t\t\t\t\t\t\tInform\u00e1cie na tejto webovej str\u00e1nke vr\u00e1tane textov, obr\u00e1zkov a zvukov sa nesm\u00fa reprodukova\u0165, pren\u00e1\u0161a\u0165, \u0161\u00edri\u0165 ani uchov\u00e1va\u0165 bez p\u00edsomn\u00e9ho s\u00fahlasu vydavate\u013ea, pokia\u013e nie je v\u00fdslovne uveden\u00e9 inak. \u00dapravy obsahu tejto webovej str\u00e1nky s\u00fa v\u00fdslovne zak\u00e1zan\u00e9.\t\t\t\t\t\t\t\t<\/div>\n\t\t\t\t<\/div>\n\t\t\t\t<div class=\"elementor-element elementor-element-089f13e elementor-widget elementor-widget-heading\" data-id=\"089f13e\" data-element_type=\"widget\" data-e-type=\"widget\" data-widget_type=\"heading.default\">\n\t\t\t\t<div class=\"elementor-widget-container\">\n\t\t\t\t\t<h3 class=\"elementor-heading-title elementor-size-default\">Zrieknutie sa zodpovednosti<\/h3>\t\t\t\t<\/div>\n\t\t\t\t<\/div>\n\t\t\t\t<div class=\"elementor-element elementor-element-50b83a0 elementor-widget elementor-widget-text-editor\" data-id=\"50b83a0\" data-element_type=\"widget\" data-e-type=\"widget\" data-widget_type=\"text-editor.default\">\n\t\t\t\t<div class=\"elementor-widget-container\">\n\t\t\t\t\t\t\t\t\tNapriek tomu, \u017ee sme pri zostavovan\u00ed inform\u00e1ci\u00ed uveden\u00fdch na na\u0161ej webovej str\u00e1nke vynalo\u017eili maxim\u00e1lnu starostlivos\u0165, nem\u00f4\u017eeme zaru\u010di\u0165 ich aktu\u00e1lnos\u0165, spr\u00e1vnos\u0165 a \u00faplnos\u0165. N\u00e1roky na zodpovednos\u0165 vo\u010di n\u00e1m t\u00fdkaj\u00face sa materi\u00e1lnych alebo nemateri\u00e1lnych \u0161k\u00f4d sp\u00f4soben\u00fdch pou\u017eit\u00edm alebo nepou\u017eit\u00edm poskytnut\u00fdch inform\u00e1ci\u00ed alebo nespr\u00e1vnymi \u010di ne\u00fapln\u00fdmi inform\u00e1ciami s\u00fa z\u00e1sadne vyl\u00fa\u010den\u00e9. Vyhradzujeme si pr\u00e1vo zmeni\u0165 inform\u00e1cie na tomto serveri bez predch\u00e1dzaj\u00faceho upozornenia. V\u0161etky ponuky sa m\u00f4\u017eu zmeni\u0165 a nie s\u00fa z\u00e1v\u00e4zn\u00e9.\t\t\t\t\t\t\t\t<\/div>\n\t\t\t\t<\/div>\n\t\t\t\t<div class=\"elementor-element elementor-element-1a3275a elementor-widget elementor-widget-heading\" data-id=\"1a3275a\" data-element_type=\"widget\" data-e-type=\"widget\" data-widget_type=\"heading.default\">\n\t\t\t\t<div class=\"elementor-widget-container\">\n\t\t\t\t\t<h3 class=\"elementor-heading-title elementor-size-default\">Odkazy<\/h3>\t\t\t\t<\/div>\n\t\t\t\t<\/div>\n\t\t\t\t<div class=\"elementor-element elementor-element-0f27131 elementor-widget elementor-widget-text-editor\" data-id=\"0f27131\" data-element_type=\"widget\" data-e-type=\"widget\" data-widget_type=\"text-editor.default\">\n\t\t\t\t<div class=\"elementor-widget-container\">\n\t\t\t\t\t\t\t\t\tWebov\u00e9 str\u00e1nky m\u00f4\u017eu obsahova\u0165 odkazy na extern\u00e9 webov\u00e9 str\u00e1nky. Ke\u010f\u017ee tieto webov\u00e9 str\u00e1nky nie s\u00fa pod na\u0161ou kontrolou, nem\u00f4\u017eeme prevzia\u0165 \u017eiadnu zodpovednos\u0165 za ich obsah a z\u00e1sady ochrany \u00fadajov. Uverejnen\u00e9 inform\u00e1cie nemusia nevyhnutne odr\u00e1\u017ea\u0165 n\u00e1\u0161 n\u00e1zor.\t\t\t\t\t\t\t\t<\/div>\n\t\t\t\t<\/div>\n\t\t\t\t\t<\/div>\n\t\t\t\t<\/div>\n\t\t\t\t<\/div>\n\t\t","protected":false},"excerpt":{"rendered":"<p>Odtla\u010dok Inform\u00e1cie pod\u013ea \u00a7 24 MedienG, \u00a7 5 ECG a \u00a7 14 UGB Vlastn\u00edk tejto str\u00e1nky HS Holding GmbH Adlerstra\u00dfe 1 4600 Wels E-mailov\u00e1 adresa: info@hs-graz.at UID-\u010d\u00edslo: ATU73756358 Webdesign: Look &amp; Feel Online Marketing Uplatnite\u013en\u00e9 predpisy Z\u00e1kon o m\u00e9di\u00e1ch, z\u00e1kon o elektronickom obchode, z\u00e1kon o telekomunik\u00e1ci\u00e1ch, priemyseln\u00fd z\u00e1konn\u00edk &#8211; pozri Pr\u00e1vnu informa\u010dn\u00fa slu\u017ebu Spolkovej kancel\u00e1rie: [&hellip;]<\/p>\n","protected":false},"author":1,"featured_media":0,"parent":0,"menu_order":0,"comment_status":"closed","ping_status":"closed","template":"","meta":{"_acf_changed":false,"footnotes":""},"class_list":["post-2268","page","type-page","status-publish","hentry"],"acf":[],"yoast_head":"<!-- This site is optimized with the Yoast SEO plugin v27.4 - https:\/\/yoast.com\/product\/yoast-seo-wordpress\/ -->\n<title>Odtla\u010dok | Colosseum Graz<\/title>\n<meta name=\"robots\" content=\"index, follow, max-snippet:-1, max-image-preview:large, max-video-preview:-1\" \/>\n<link rel=\"canonical\" href=\"https:\/\/www.colosseum-graz.at\/sk\/imprint\/\" \/>\n<meta property=\"og:locale\" content=\"sk_SK\" \/>\n<meta property=\"og:type\" content=\"article\" \/>\n<meta property=\"og:title\" content=\"Odtla\u010dok | Colosseum Graz\" \/>\n<meta property=\"og:description\" content=\"Odtla\u010dok Inform\u00e1cie pod\u013ea \u00a7 24 MedienG, \u00a7 5 ECG a \u00a7 14 UGB Vlastn\u00edk tejto str\u00e1nky HS Holding GmbH Adlerstra\u00dfe 1 4600 Wels E-mailov\u00e1 adresa: info@hs-graz.at UID-\u010d\u00edslo: ATU73756358 Webdesign: Look &amp; Feel Online Marketing Uplatnite\u013en\u00e9 predpisy Z\u00e1kon o m\u00e9di\u00e1ch, z\u00e1kon o elektronickom obchode, z\u00e1kon o telekomunik\u00e1ci\u00e1ch, priemyseln\u00fd z\u00e1konn\u00edk &#8211; pozri Pr\u00e1vnu informa\u010dn\u00fa slu\u017ebu Spolkovej kancel\u00e1rie: [&hellip;]\" \/>\n<meta property=\"og:url\" content=\"https:\/\/www.colosseum-graz.at\/sk\/imprint\/\" \/>\n<meta property=\"og:site_name\" content=\"Colosseum Graz\" \/>\n<meta property=\"article:modified_time\" content=\"2025-12-01T11:30:38+00:00\" \/>\n<meta name=\"twitter:card\" content=\"summary_large_image\" \/>\n<meta name=\"twitter:label1\" content=\"Predpokladan\u00fd \u010das \u010d\u00edtania\" \/>\n\t<meta name=\"twitter:data1\" content=\"2 min\u00faty\" \/>\n<script type=\"application\/ld+json\" class=\"yoast-schema-graph\">{\"@context\":\"https:\\\/\\\/schema.org\",\"@graph\":[{\"@type\":\"WebPage\",\"@id\":\"https:\\\/\\\/www.colosseum-graz.at\\\/sk\\\/imprint\\\/\",\"url\":\"https:\\\/\\\/www.colosseum-graz.at\\\/sk\\\/imprint\\\/\",\"name\":\"Odtla\u010dok | Colosseum Graz\",\"isPartOf\":{\"@id\":\"https:\\\/\\\/www.colosseum-graz.at\\\/sk\\\/#website\"},\"datePublished\":\"2024-12-23T21:09:00+00:00\",\"dateModified\":\"2025-12-01T11:30:38+00:00\",\"breadcrumb\":{\"@id\":\"https:\\\/\\\/www.colosseum-graz.at\\\/sk\\\/imprint\\\/#breadcrumb\"},\"inLanguage\":\"sk-SK\",\"potentialAction\":[{\"@type\":\"ReadAction\",\"target\":[\"https:\\\/\\\/www.colosseum-graz.at\\\/sk\\\/imprint\\\/\"]}]},{\"@type\":\"BreadcrumbList\",\"@id\":\"https:\\\/\\\/www.colosseum-graz.at\\\/sk\\\/imprint\\\/#breadcrumb\",\"itemListElement\":[{\"@type\":\"ListItem\",\"position\":1,\"name\":\"Startseite\",\"item\":\"https:\\\/\\\/www.colosseum-graz.at\\\/sk\\\/domov\\\/\"},{\"@type\":\"ListItem\",\"position\":2,\"name\":\"Odtla\u010dok\"}]},{\"@type\":\"WebSite\",\"@id\":\"https:\\\/\\\/www.colosseum-graz.at\\\/sk\\\/#website\",\"url\":\"https:\\\/\\\/www.colosseum-graz.at\\\/sk\\\/\",\"name\":\"Colosseum Graz\",\"description\":\"Die Nummer-1-Partylocation in Graz\",\"publisher\":{\"@id\":\"https:\\\/\\\/www.colosseum-graz.at\\\/sk\\\/#organization\"},\"potentialAction\":[{\"@type\":\"SearchAction\",\"target\":{\"@type\":\"EntryPoint\",\"urlTemplate\":\"https:\\\/\\\/www.colosseum-graz.at\\\/sk\\\/?s={search_term_string}\"},\"query-input\":{\"@type\":\"PropertyValueSpecification\",\"valueRequired\":true,\"valueName\":\"search_term_string\"}}],\"inLanguage\":\"sk-SK\"},{\"@type\":\"Organization\",\"@id\":\"https:\\\/\\\/www.colosseum-graz.at\\\/sk\\\/#organization\",\"name\":\"Colosseum Graz\",\"alternateName\":\"Colosseum\",\"url\":\"https:\\\/\\\/www.colosseum-graz.at\\\/sk\\\/\",\"logo\":{\"@type\":\"ImageObject\",\"inLanguage\":\"sk-SK\",\"@id\":\"https:\\\/\\\/www.colosseum-graz.at\\\/sk\\\/#\\\/schema\\\/logo\\\/image\\\/\",\"url\":\"https:\\\/\\\/www.colosseum-graz.at\\\/wp-content\\\/uploads\\\/2024\\\/12\\\/Logo-Colosseum-Graz.jpg\",\"contentUrl\":\"https:\\\/\\\/www.colosseum-graz.at\\\/wp-content\\\/uploads\\\/2024\\\/12\\\/Logo-Colosseum-Graz.jpg\",\"width\":200,\"height\":31,\"caption\":\"Colosseum Graz\"},\"image\":{\"@id\":\"https:\\\/\\\/www.colosseum-graz.at\\\/sk\\\/#\\\/schema\\\/logo\\\/image\\\/\"}}]}<\/script>\n<!-- \/ Yoast SEO plugin. -->","yoast_head_json":{"title":"Odtla\u010dok | Colosseum Graz","robots":{"index":"index","follow":"follow","max-snippet":"max-snippet:-1","max-image-preview":"max-image-preview:large","max-video-preview":"max-video-preview:-1"},"canonical":"https:\/\/www.colosseum-graz.at\/sk\/imprint\/","og_locale":"sk_SK","og_type":"article","og_title":"Odtla\u010dok | Colosseum Graz","og_description":"Odtla\u010dok Inform\u00e1cie pod\u013ea \u00a7 24 MedienG, \u00a7 5 ECG a \u00a7 14 UGB Vlastn\u00edk tejto str\u00e1nky HS Holding GmbH Adlerstra\u00dfe 1 4600 Wels E-mailov\u00e1 adresa: info@hs-graz.at UID-\u010d\u00edslo: ATU73756358 Webdesign: Look &amp; Feel Online Marketing Uplatnite\u013en\u00e9 predpisy Z\u00e1kon o m\u00e9di\u00e1ch, z\u00e1kon o elektronickom obchode, z\u00e1kon o telekomunik\u00e1ci\u00e1ch, priemyseln\u00fd z\u00e1konn\u00edk &#8211; pozri Pr\u00e1vnu informa\u010dn\u00fa slu\u017ebu Spolkovej kancel\u00e1rie: [&hellip;]","og_url":"https:\/\/www.colosseum-graz.at\/sk\/imprint\/","og_site_name":"Colosseum Graz","article_modified_time":"2025-12-01T11:30:38+00:00","twitter_card":"summary_large_image","twitter_misc":{"Predpokladan\u00fd \u010das \u010d\u00edtania":"2 min\u00faty"},"schema":{"@context":"https:\/\/schema.org","@graph":[{"@type":"WebPage","@id":"https:\/\/www.colosseum-graz.at\/sk\/imprint\/","url":"https:\/\/www.colosseum-graz.at\/sk\/imprint\/","name":"Odtla\u010dok | Colosseum Graz","isPartOf":{"@id":"https:\/\/www.colosseum-graz.at\/sk\/#website"},"datePublished":"2024-12-23T21:09:00+00:00","dateModified":"2025-12-01T11:30:38+00:00","breadcrumb":{"@id":"https:\/\/www.colosseum-graz.at\/sk\/imprint\/#breadcrumb"},"inLanguage":"sk-SK","potentialAction":[{"@type":"ReadAction","target":["https:\/\/www.colosseum-graz.at\/sk\/imprint\/"]}]},{"@type":"BreadcrumbList","@id":"https:\/\/www.colosseum-graz.at\/sk\/imprint\/#breadcrumb","itemListElement":[{"@type":"ListItem","position":1,"name":"Startseite","item":"https:\/\/www.colosseum-graz.at\/sk\/domov\/"},{"@type":"ListItem","position":2,"name":"Odtla\u010dok"}]},{"@type":"WebSite","@id":"https:\/\/www.colosseum-graz.at\/sk\/#website","url":"https:\/\/www.colosseum-graz.at\/sk\/","name":"Colosseum Graz","description":"Die Nummer-1-Partylocation in Graz","publisher":{"@id":"https:\/\/www.colosseum-graz.at\/sk\/#organization"},"potentialAction":[{"@type":"SearchAction","target":{"@type":"EntryPoint","urlTemplate":"https:\/\/www.colosseum-graz.at\/sk\/?s={search_term_string}"},"query-input":{"@type":"PropertyValueSpecification","valueRequired":true,"valueName":"search_term_string"}}],"inLanguage":"sk-SK"},{"@type":"Organization","@id":"https:\/\/www.colosseum-graz.at\/sk\/#organization","name":"Colosseum Graz","alternateName":"Colosseum","url":"https:\/\/www.colosseum-graz.at\/sk\/","logo":{"@type":"ImageObject","inLanguage":"sk-SK","@id":"https:\/\/www.colosseum-graz.at\/sk\/#\/schema\/logo\/image\/","url":"https:\/\/www.colosseum-graz.at\/wp-content\/uploads\/2024\/12\/Logo-Colosseum-Graz.jpg","contentUrl":"https:\/\/www.colosseum-graz.at\/wp-content\/uploads\/2024\/12\/Logo-Colosseum-Graz.jpg","width":200,"height":31,"caption":"Colosseum Graz"},"image":{"@id":"https:\/\/www.colosseum-graz.at\/sk\/#\/schema\/logo\/image\/"}}]}},"_links":{"self":[{"href":"https:\/\/www.colosseum-graz.at\/sk\/wp-json\/wp\/v2\/pages\/2268","targetHints":{"allow":["GET"]}}],"collection":[{"href":"https:\/\/www.colosseum-graz.at\/sk\/wp-json\/wp\/v2\/pages"}],"about":[{"href":"https:\/\/www.colosseum-graz.at\/sk\/wp-json\/wp\/v2\/types\/page"}],"author":[{"embeddable":true,"href":"https:\/\/www.colosseum-graz.at\/sk\/wp-json\/wp\/v2\/users\/1"}],"replies":[{"embeddable":true,"href":"https:\/\/www.colosseum-graz.at\/sk\/wp-json\/wp\/v2\/comments?post=2268"}],"version-history":[{"count":4,"href":"https:\/\/www.colosseum-graz.at\/sk\/wp-json\/wp\/v2\/pages\/2268\/revisions"}],"predecessor-version":[{"id":15432,"href":"https:\/\/www.colosseum-graz.at\/sk\/wp-json\/wp\/v2\/pages\/2268\/revisions\/15432"}],"wp:attachment":[{"href":"https:\/\/www.colosseum-graz.at\/sk\/wp-json\/wp\/v2\/media?parent=2268"}],"curies":[{"name":"wp","href":"https:\/\/api.w.org\/{rel}","templated":true}]}}