{"id":2284,"date":"2025-01-28T17:02:15","date_gmt":"2025-01-28T17:02:15","guid":{"rendered":"https:\/\/test.colosseum-graz.at\/sprevadzanie\/"},"modified":"2025-02-19T21:32:45","modified_gmt":"2025-02-19T21:32:45","slug":"sprevadzanie","status":"publish","type":"page","link":"https:\/\/www.colosseum-graz.at\/sk\/sprevadzanie\/","title":{"rendered":"Sprev\u00e1dzanie"},"content":{"rendered":"\t\t<div data-elementor-type=\"wp-page\" data-elementor-id=\"2284\" class=\"elementor elementor-2284 elementor-2127\" data-elementor-post-type=\"page\">\n\t\t\t\t<div class=\"elementor-element elementor-element-3a82bf6 e-flex e-con-boxed e-con e-parent\" data-id=\"3a82bf6\" data-element_type=\"container\" data-e-type=\"container\" data-settings=\"{&quot;background_background&quot;:&quot;classic&quot;,&quot;background_motion_fx_motion_fx_mouse&quot;:&quot;yes&quot;,&quot;background_motion_fx_mouseTrack_effect&quot;:&quot;yes&quot;,&quot;background_motion_fx_mouseTrack_speed&quot;:{&quot;unit&quot;:&quot;px&quot;,&quot;size&quot;:1,&quot;sizes&quot;:[]}}\">\n\t\t\t\t\t<div class=\"e-con-inner\">\n\t\t\t\t<div class=\"elementor-element elementor-element-8242f47 g-text-1 elementor-invisible elementor-widget elementor-widget-heading\" data-id=\"8242f47\" data-element_type=\"widget\" data-e-type=\"widget\" data-settings=\"{&quot;_animation&quot;:&quot;fadeInUp&quot;,&quot;_animation_mobile&quot;:&quot;fadeInDown&quot;}\" data-widget_type=\"heading.default\">\n\t\t\t\t<div class=\"elementor-widget-container\">\n\t\t\t\t\t<h1 class=\"elementor-heading-title elementor-size-default\">Slu\u017eba sprev\u00e1dzania<\/h1>\t\t\t\t<\/div>\n\t\t\t\t<\/div>\n\t\t\t\t\t<\/div>\n\t\t\t\t<\/div>\n\t\t<div class=\"elementor-element elementor-element-c0467f9 e-flex e-con-boxed e-con e-parent\" data-id=\"c0467f9\" data-element_type=\"container\" data-e-type=\"container\">\n\t\t\t\t\t<div class=\"e-con-inner\">\n\t\t\t\t<div class=\"elementor-element elementor-element-c508251 elementor-widget elementor-widget-heading\" data-id=\"c508251\" data-element_type=\"widget\" data-e-type=\"widget\" data-widget_type=\"heading.default\">\n\t\t\t\t<div class=\"elementor-widget-container\">\n\t\t\t\t\t<h2 class=\"elementor-heading-title elementor-size-default\">Slu\u017eba, ktor\u00e1 m\u00e1 nie\u010do do seba<\/h2>\t\t\t\t<\/div>\n\t\t\t\t<\/div>\n\t\t\t\t\t<\/div>\n\t\t\t\t<\/div>\n\t\t<div class=\"elementor-element elementor-element-6de205e e-flex e-con-boxed e-con e-parent\" data-id=\"6de205e\" data-element_type=\"container\" data-e-type=\"container\">\n\t\t\t\t\t<div class=\"e-con-inner\">\n\t\t<div class=\"elementor-element elementor-element-6e4b65c e-con-full e-flex e-con e-child\" data-id=\"6e4b65c\" data-element_type=\"container\" data-e-type=\"container\">\n\t\t\t\t<div class=\"elementor-element elementor-element-28a3705 elementor-widget elementor-widget-image\" data-id=\"28a3705\" data-element_type=\"widget\" data-e-type=\"widget\" data-widget_type=\"image.default\">\n\t\t\t\t<div class=\"elementor-widget-container\">\n\t\t\t\t\t\t\t\t\t\t\t\t\t\t\t<img fetchpriority=\"high\" decoding=\"async\" width=\"460\" height=\"460\" src=\"https:\/\/www.colosseum-graz.at\/wp-content\/uploads\/2025\/01\/Services-\u2013-Escort.jpg\" class=\"elementor-animation-float attachment-full size-full wp-image-2251\" alt=\"\" srcset=\"https:\/\/www.colosseum-graz.at\/wp-content\/uploads\/2025\/01\/Services-\u2013-Escort.jpg 460w, https:\/\/www.colosseum-graz.at\/wp-content\/uploads\/2025\/01\/Services-\u2013-Escort-300x300.jpg 300w, https:\/\/www.colosseum-graz.at\/wp-content\/uploads\/2025\/01\/Services-\u2013-Escort-150x150.jpg 150w\" sizes=\"(max-width: 460px) 100vw, 460px\" \/>\t\t\t\t\t\t\t\t\t\t\t\t\t\t\t<\/div>\n\t\t\t\t<\/div>\n\t\t\t\t<\/div>\n\t\t<div class=\"elementor-element elementor-element-7c49a85 e-con-full e-flex e-con e-child\" data-id=\"7c49a85\" data-element_type=\"container\" data-e-type=\"container\">\n\t\t\t\t<div class=\"elementor-element elementor-element-4ceb4c9 elementor-widget elementor-widget-text-editor\" data-id=\"4ceb4c9\" data-element_type=\"widget\" data-e-type=\"widget\" data-widget_type=\"text-editor.default\">\n\t\t\t\t<div class=\"elementor-widget-container\">\n\t\t\t\t\t\t\t\t\t<p>Pon\u00fakame v\u00e1m denne 24&nbsp;h eskortn\u00e9 slu\u017eby na najvy\u0161\u0161ej \u00farovni &#8211; samozrejme 100&nbsp;% diskr\u00e9tne a seri\u00f3zne.<\/p>\n<p>U\u017eite si erotick\u00e9 stretnutie pln\u00e9 t\u00fa\u017eby a mrav\u010denia s kr\u00e1snou d\u00e1mou, na ktor\u00e9 tak skoro nezabudnete \ud83d\ude09<\/p>\nM\u00e1te nejak\u00e9 ot\u00e1zky o na\u0161ich eskortn\u00fdch slu\u017eb\u00e1ch alebo si chcete objedna\u0165 d\u00e1mu? Potom n\u00e1s ihne\u010f kontaktujte, radi v\u00e1m pom\u00f4\u017eeme!\t\t\t\t\t\t\t\t<\/div>\n\t\t\t\t<\/div>\n\t\t\t\t<div class=\"elementor-element elementor-element-27a4b90 gradient-btn  elementor-align-left elementor-mobile-align-center elementor-widget elementor-widget-button\" data-id=\"27a4b90\" data-element_type=\"widget\" data-e-type=\"widget\" data-widget_type=\"button.default\">\n\t\t\t\t<div class=\"elementor-widget-container\">\n\t\t\t\t\t\t\t\t\t<div class=\"elementor-button-wrapper\">\n\t\t\t\t\t<a class=\"elementor-button elementor-button-link elementor-size-sm\" href=\"https:\/\/www.colosseum-graz.at\/sk\/kontaktujte-nas\/\">\n\t\t\t\t\t\t<span class=\"elementor-button-content-wrapper\">\n\t\t\t\t\t\t\t\t\t<span class=\"elementor-button-text\">Kontaktujte n\u00e1s<\/span>\n\t\t\t\t\t<\/span>\n\t\t\t\t\t<\/a>\n\t\t\t\t<\/div>\n\t\t\t\t\t\t\t\t<\/div>\n\t\t\t\t<\/div>\n\t\t\t\t<\/div>\n\t\t\t\t\t<\/div>\n\t\t\t\t<\/div>\n\t\t<div class=\"elementor-element elementor-element-80f14ba e-flex e-con-boxed e-con e-parent\" data-id=\"80f14ba\" data-element_type=\"container\" data-e-type=\"container\">\n\t\t\t\t\t<div class=\"e-con-inner\">\n\t\t\t\t<div class=\"elementor-element elementor-element-c490375 elementor-widget elementor-widget-heading\" data-id=\"c490375\" data-element_type=\"widget\" data-e-type=\"widget\" data-widget_type=\"heading.default\">\n\t\t\t\t<div class=\"elementor-widget-container\">\n\t\t\t\t\t<h2 class=\"elementor-heading-title elementor-size-default\">\u010eal\u0161ie slu\u017eby<\/h2>\t\t\t\t<\/div>\n\t\t\t\t<\/div>\n\t\t\t\t<div class=\"elementor-element elementor-element-ab4b63d elementor-widget elementor-widget-image\" data-id=\"ab4b63d\" data-element_type=\"widget\" data-e-type=\"widget\" data-widget_type=\"image.default\">\n\t\t\t\t<div class=\"elementor-widget-container\">\n\t\t\t\t\t\t\t\t\t\t\t\t\t\t\t\t<a href=\"https:\/\/www.colosseum-graz.at\/services\/\">\n\t\t\t\t\t\t\t<img decoding=\"async\" src=\"https:\/\/www.colosseum-graz.at\/wp-content\/uploads\/elementor\/thumbs\/Services-r0xqans0u5lkca4hxn5uk9b7m3qalhsk0pag1b8idc.jpg\" title=\"Slu\u017eby\" alt=\"Slu\u017eby\" class=\"elementor-animation-float\" loading=\"lazy\" \/>\t\t\t\t\t\t\t\t<\/a>\n\t\t\t\t\t\t\t\t\t\t\t\t\t\t\t<\/div>\n\t\t\t\t<\/div>\n\t\t\t\t<div class=\"elementor-element elementor-element-9ab2dbe elementor-widget elementor-widget-text-editor\" data-id=\"9ab2dbe\" data-element_type=\"widget\" data-e-type=\"widget\" data-widget_type=\"text-editor.default\">\n\t\t\t\t<div class=\"elementor-widget-container\">\n\t\t\t\t\t\t\t\t\tNajkraj\u0161ie diev\u010dat\u00e1 v Grazi v\u00e1m pon\u00fakaj\u00fa rozsiahle slu\u017eby na najvy\u0161\u0161ej \u00farovni. M\u00e1te nejak\u00e9 \u0161peci\u00e1lne po\u017eiadavky? &nbsp;Potom vyu\u017eite na\u0161e \u0161peci\u00e1lne ponuky, ako napr\u00edklad \u0161peci\u00e1lnu ponuku limuz\u00edn na !\n<br><br>Tu n\u00e1jdete preh\u013ead v\u0161etk\u00fdch na\u0161ich slu\u017eieb.\t\t\t\t\t\t\t\t<\/div>\n\t\t\t\t<\/div>\n\t\t\t\t<div class=\"elementor-element elementor-element-e750c5a gradient-btn  elementor-widget elementor-widget-button\" data-id=\"e750c5a\" data-element_type=\"widget\" data-e-type=\"widget\" data-widget_type=\"button.default\">\n\t\t\t\t<div class=\"elementor-widget-container\">\n\t\t\t\t\t\t\t\t\t<div class=\"elementor-button-wrapper\">\n\t\t\t\t\t<a class=\"elementor-button elementor-button-link elementor-size-sm\" href=\"https:\/\/www.colosseum-graz.at\/sk\/sluzby\/\">\n\t\t\t\t\t\t<span class=\"elementor-button-content-wrapper\">\n\t\t\t\t\t\t\t\t\t<span class=\"elementor-button-text\">Na\u0161e slu\u017eby<\/span>\n\t\t\t\t\t<\/span>\n\t\t\t\t\t<\/a>\n\t\t\t\t<\/div>\n\t\t\t\t\t\t\t\t<\/div>\n\t\t\t\t<\/div>\n\t\t\t\t\t<\/div>\n\t\t\t\t<\/div>\n\t\t\t\t<\/div>\n\t\t","protected":false},"excerpt":{"rendered":"<p>Slu\u017eba sprev\u00e1dzania Slu\u017eba, ktor\u00e1 m\u00e1 nie\u010do do seba Pon\u00fakame v\u00e1m denne 24&nbsp;h eskortn\u00e9 slu\u017eby na najvy\u0161\u0161ej \u00farovni &#8211; samozrejme 100&nbsp;% diskr\u00e9tne a seri\u00f3zne. U\u017eite si erotick\u00e9 stretnutie pln\u00e9 t\u00fa\u017eby a mrav\u010denia s kr\u00e1snou d\u00e1mou, na ktor\u00e9 tak skoro nezabudnete \ud83d\ude09 M\u00e1te nejak\u00e9 ot\u00e1zky o na\u0161ich eskortn\u00fdch slu\u017eb\u00e1ch alebo si chcete objedna\u0165 d\u00e1mu? Potom n\u00e1s ihne\u010f [&hellip;]<\/p>\n","protected":false},"author":1,"featured_media":0,"parent":0,"menu_order":0,"comment_status":"closed","ping_status":"closed","template":"","meta":{"_acf_changed":false,"footnotes":""},"class_list":["post-2284","page","type-page","status-publish","hentry"],"acf":[],"yoast_head":"<!-- This site is optimized with the Yoast SEO plugin v27.4 - https:\/\/yoast.com\/product\/yoast-seo-wordpress\/ -->\n<title>Sprev\u00e1dzanie | Colosseum Graz<\/title>\n<meta name=\"robots\" content=\"index, follow, max-snippet:-1, max-image-preview:large, max-video-preview:-1\" \/>\n<link rel=\"canonical\" href=\"https:\/\/www.colosseum-graz.at\/sk\/sprevadzanie\/\" \/>\n<meta property=\"og:locale\" content=\"sk_SK\" \/>\n<meta property=\"og:type\" content=\"article\" \/>\n<meta property=\"og:title\" content=\"Sprev\u00e1dzanie | Colosseum Graz\" \/>\n<meta property=\"og:description\" content=\"Slu\u017eba sprev\u00e1dzania Slu\u017eba, ktor\u00e1 m\u00e1 nie\u010do do seba Pon\u00fakame v\u00e1m denne 24&nbsp;h eskortn\u00e9 slu\u017eby na najvy\u0161\u0161ej \u00farovni &#8211; samozrejme 100&nbsp;% diskr\u00e9tne a seri\u00f3zne. U\u017eite si erotick\u00e9 stretnutie pln\u00e9 t\u00fa\u017eby a mrav\u010denia s kr\u00e1snou d\u00e1mou, na ktor\u00e9 tak skoro nezabudnete \ud83d\ude09 M\u00e1te nejak\u00e9 ot\u00e1zky o na\u0161ich eskortn\u00fdch slu\u017eb\u00e1ch alebo si chcete objedna\u0165 d\u00e1mu? Potom n\u00e1s ihne\u010f [&hellip;]\" \/>\n<meta property=\"og:url\" content=\"https:\/\/www.colosseum-graz.at\/sk\/sprevadzanie\/\" \/>\n<meta property=\"og:site_name\" content=\"Colosseum Graz\" \/>\n<meta property=\"article:modified_time\" content=\"2025-02-19T21:32:45+00:00\" \/>\n<meta property=\"og:image\" content=\"https:\/\/www.colosseum-graz.at\/wp-content\/uploads\/elementor\/thumbs\/Services-r0xqans0u5lkca4hxn5uk9b7m3qalhsk0pag1b8idc.jpg\" \/>\n<meta name=\"twitter:card\" content=\"summary_large_image\" \/>\n<meta name=\"twitter:label1\" content=\"Predpokladan\u00fd \u010das \u010d\u00edtania\" \/>\n\t<meta name=\"twitter:data1\" content=\"1 min\u00fata\" \/>\n<script type=\"application\/ld+json\" class=\"yoast-schema-graph\">{\"@context\":\"https:\\\/\\\/schema.org\",\"@graph\":[{\"@type\":\"WebPage\",\"@id\":\"https:\\\/\\\/www.colosseum-graz.at\\\/sk\\\/sprevadzanie\\\/\",\"url\":\"https:\\\/\\\/www.colosseum-graz.at\\\/sk\\\/sprevadzanie\\\/\",\"name\":\"Sprev\u00e1dzanie | Colosseum Graz\",\"isPartOf\":{\"@id\":\"https:\\\/\\\/www.colosseum-graz.at\\\/sk\\\/#website\"},\"primaryImageOfPage\":{\"@id\":\"https:\\\/\\\/www.colosseum-graz.at\\\/sk\\\/sprevadzanie\\\/#primaryimage\"},\"image\":{\"@id\":\"https:\\\/\\\/www.colosseum-graz.at\\\/sk\\\/sprevadzanie\\\/#primaryimage\"},\"thumbnailUrl\":\"https:\\\/\\\/www.colosseum-graz.at\\\/wp-content\\\/uploads\\\/elementor\\\/thumbs\\\/Services-r0xqans0u5lkca4hxn5uk9b7m3qalhsk0pag1b8idc.jpg\",\"datePublished\":\"2025-01-28T17:02:15+00:00\",\"dateModified\":\"2025-02-19T21:32:45+00:00\",\"breadcrumb\":{\"@id\":\"https:\\\/\\\/www.colosseum-graz.at\\\/sk\\\/sprevadzanie\\\/#breadcrumb\"},\"inLanguage\":\"sk-SK\",\"potentialAction\":[{\"@type\":\"ReadAction\",\"target\":[\"https:\\\/\\\/www.colosseum-graz.at\\\/sk\\\/sprevadzanie\\\/\"]}]},{\"@type\":\"ImageObject\",\"inLanguage\":\"sk-SK\",\"@id\":\"https:\\\/\\\/www.colosseum-graz.at\\\/sk\\\/sprevadzanie\\\/#primaryimage\",\"url\":\"https:\\\/\\\/www.colosseum-graz.at\\\/wp-content\\\/uploads\\\/elementor\\\/thumbs\\\/Services-r0xqans0u5lkca4hxn5uk9b7m3qalhsk0pag1b8idc.jpg\",\"contentUrl\":\"https:\\\/\\\/www.colosseum-graz.at\\\/wp-content\\\/uploads\\\/elementor\\\/thumbs\\\/Services-r0xqans0u5lkca4hxn5uk9b7m3qalhsk0pag1b8idc.jpg\"},{\"@type\":\"BreadcrumbList\",\"@id\":\"https:\\\/\\\/www.colosseum-graz.at\\\/sk\\\/sprevadzanie\\\/#breadcrumb\",\"itemListElement\":[{\"@type\":\"ListItem\",\"position\":1,\"name\":\"Startseite\",\"item\":\"https:\\\/\\\/www.colosseum-graz.at\\\/sk\\\/domov\\\/\"},{\"@type\":\"ListItem\",\"position\":2,\"name\":\"Sprev\u00e1dzanie\"}]},{\"@type\":\"WebSite\",\"@id\":\"https:\\\/\\\/www.colosseum-graz.at\\\/sk\\\/#website\",\"url\":\"https:\\\/\\\/www.colosseum-graz.at\\\/sk\\\/\",\"name\":\"Colosseum Graz\",\"description\":\"Die Nummer-1-Partylocation in Graz\",\"publisher\":{\"@id\":\"https:\\\/\\\/www.colosseum-graz.at\\\/sk\\\/#organization\"},\"potentialAction\":[{\"@type\":\"SearchAction\",\"target\":{\"@type\":\"EntryPoint\",\"urlTemplate\":\"https:\\\/\\\/www.colosseum-graz.at\\\/sk\\\/?s={search_term_string}\"},\"query-input\":{\"@type\":\"PropertyValueSpecification\",\"valueRequired\":true,\"valueName\":\"search_term_string\"}}],\"inLanguage\":\"sk-SK\"},{\"@type\":\"Organization\",\"@id\":\"https:\\\/\\\/www.colosseum-graz.at\\\/sk\\\/#organization\",\"name\":\"Colosseum Graz\",\"alternateName\":\"Colosseum\",\"url\":\"https:\\\/\\\/www.colosseum-graz.at\\\/sk\\\/\",\"logo\":{\"@type\":\"ImageObject\",\"inLanguage\":\"sk-SK\",\"@id\":\"https:\\\/\\\/www.colosseum-graz.at\\\/sk\\\/#\\\/schema\\\/logo\\\/image\\\/\",\"url\":\"https:\\\/\\\/www.colosseum-graz.at\\\/wp-content\\\/uploads\\\/2024\\\/12\\\/Logo-Colosseum-Graz.jpg\",\"contentUrl\":\"https:\\\/\\\/www.colosseum-graz.at\\\/wp-content\\\/uploads\\\/2024\\\/12\\\/Logo-Colosseum-Graz.jpg\",\"width\":200,\"height\":31,\"caption\":\"Colosseum Graz\"},\"image\":{\"@id\":\"https:\\\/\\\/www.colosseum-graz.at\\\/sk\\\/#\\\/schema\\\/logo\\\/image\\\/\"}}]}<\/script>\n<!-- \/ Yoast SEO plugin. -->","yoast_head_json":{"title":"Sprev\u00e1dzanie | Colosseum Graz","robots":{"index":"index","follow":"follow","max-snippet":"max-snippet:-1","max-image-preview":"max-image-preview:large","max-video-preview":"max-video-preview:-1"},"canonical":"https:\/\/www.colosseum-graz.at\/sk\/sprevadzanie\/","og_locale":"sk_SK","og_type":"article","og_title":"Sprev\u00e1dzanie | Colosseum Graz","og_description":"Slu\u017eba sprev\u00e1dzania Slu\u017eba, ktor\u00e1 m\u00e1 nie\u010do do seba Pon\u00fakame v\u00e1m denne 24&nbsp;h eskortn\u00e9 slu\u017eby na najvy\u0161\u0161ej \u00farovni &#8211; samozrejme 100&nbsp;% diskr\u00e9tne a seri\u00f3zne. U\u017eite si erotick\u00e9 stretnutie pln\u00e9 t\u00fa\u017eby a mrav\u010denia s kr\u00e1snou d\u00e1mou, na ktor\u00e9 tak skoro nezabudnete \ud83d\ude09 M\u00e1te nejak\u00e9 ot\u00e1zky o na\u0161ich eskortn\u00fdch slu\u017eb\u00e1ch alebo si chcete objedna\u0165 d\u00e1mu? Potom n\u00e1s ihne\u010f [&hellip;]","og_url":"https:\/\/www.colosseum-graz.at\/sk\/sprevadzanie\/","og_site_name":"Colosseum Graz","article_modified_time":"2025-02-19T21:32:45+00:00","og_image":[{"url":"https:\/\/www.colosseum-graz.at\/wp-content\/uploads\/elementor\/thumbs\/Services-r0xqans0u5lkca4hxn5uk9b7m3qalhsk0pag1b8idc.jpg","type":"","width":"","height":""}],"twitter_card":"summary_large_image","twitter_misc":{"Predpokladan\u00fd \u010das \u010d\u00edtania":"1 min\u00fata"},"schema":{"@context":"https:\/\/schema.org","@graph":[{"@type":"WebPage","@id":"https:\/\/www.colosseum-graz.at\/sk\/sprevadzanie\/","url":"https:\/\/www.colosseum-graz.at\/sk\/sprevadzanie\/","name":"Sprev\u00e1dzanie | Colosseum Graz","isPartOf":{"@id":"https:\/\/www.colosseum-graz.at\/sk\/#website"},"primaryImageOfPage":{"@id":"https:\/\/www.colosseum-graz.at\/sk\/sprevadzanie\/#primaryimage"},"image":{"@id":"https:\/\/www.colosseum-graz.at\/sk\/sprevadzanie\/#primaryimage"},"thumbnailUrl":"https:\/\/www.colosseum-graz.at\/wp-content\/uploads\/elementor\/thumbs\/Services-r0xqans0u5lkca4hxn5uk9b7m3qalhsk0pag1b8idc.jpg","datePublished":"2025-01-28T17:02:15+00:00","dateModified":"2025-02-19T21:32:45+00:00","breadcrumb":{"@id":"https:\/\/www.colosseum-graz.at\/sk\/sprevadzanie\/#breadcrumb"},"inLanguage":"sk-SK","potentialAction":[{"@type":"ReadAction","target":["https:\/\/www.colosseum-graz.at\/sk\/sprevadzanie\/"]}]},{"@type":"ImageObject","inLanguage":"sk-SK","@id":"https:\/\/www.colosseum-graz.at\/sk\/sprevadzanie\/#primaryimage","url":"https:\/\/www.colosseum-graz.at\/wp-content\/uploads\/elementor\/thumbs\/Services-r0xqans0u5lkca4hxn5uk9b7m3qalhsk0pag1b8idc.jpg","contentUrl":"https:\/\/www.colosseum-graz.at\/wp-content\/uploads\/elementor\/thumbs\/Services-r0xqans0u5lkca4hxn5uk9b7m3qalhsk0pag1b8idc.jpg"},{"@type":"BreadcrumbList","@id":"https:\/\/www.colosseum-graz.at\/sk\/sprevadzanie\/#breadcrumb","itemListElement":[{"@type":"ListItem","position":1,"name":"Startseite","item":"https:\/\/www.colosseum-graz.at\/sk\/domov\/"},{"@type":"ListItem","position":2,"name":"Sprev\u00e1dzanie"}]},{"@type":"WebSite","@id":"https:\/\/www.colosseum-graz.at\/sk\/#website","url":"https:\/\/www.colosseum-graz.at\/sk\/","name":"Colosseum Graz","description":"Die Nummer-1-Partylocation in Graz","publisher":{"@id":"https:\/\/www.colosseum-graz.at\/sk\/#organization"},"potentialAction":[{"@type":"SearchAction","target":{"@type":"EntryPoint","urlTemplate":"https:\/\/www.colosseum-graz.at\/sk\/?s={search_term_string}"},"query-input":{"@type":"PropertyValueSpecification","valueRequired":true,"valueName":"search_term_string"}}],"inLanguage":"sk-SK"},{"@type":"Organization","@id":"https:\/\/www.colosseum-graz.at\/sk\/#organization","name":"Colosseum Graz","alternateName":"Colosseum","url":"https:\/\/www.colosseum-graz.at\/sk\/","logo":{"@type":"ImageObject","inLanguage":"sk-SK","@id":"https:\/\/www.colosseum-graz.at\/sk\/#\/schema\/logo\/image\/","url":"https:\/\/www.colosseum-graz.at\/wp-content\/uploads\/2024\/12\/Logo-Colosseum-Graz.jpg","contentUrl":"https:\/\/www.colosseum-graz.at\/wp-content\/uploads\/2024\/12\/Logo-Colosseum-Graz.jpg","width":200,"height":31,"caption":"Colosseum Graz"},"image":{"@id":"https:\/\/www.colosseum-graz.at\/sk\/#\/schema\/logo\/image\/"}}]}},"_links":{"self":[{"href":"https:\/\/www.colosseum-graz.at\/sk\/wp-json\/wp\/v2\/pages\/2284","targetHints":{"allow":["GET"]}}],"collection":[{"href":"https:\/\/www.colosseum-graz.at\/sk\/wp-json\/wp\/v2\/pages"}],"about":[{"href":"https:\/\/www.colosseum-graz.at\/sk\/wp-json\/wp\/v2\/types\/page"}],"author":[{"embeddable":true,"href":"https:\/\/www.colosseum-graz.at\/sk\/wp-json\/wp\/v2\/users\/1"}],"replies":[{"embeddable":true,"href":"https:\/\/www.colosseum-graz.at\/sk\/wp-json\/wp\/v2\/comments?post=2284"}],"version-history":[{"count":4,"href":"https:\/\/www.colosseum-graz.at\/sk\/wp-json\/wp\/v2\/pages\/2284\/revisions"}],"predecessor-version":[{"id":5755,"href":"https:\/\/www.colosseum-graz.at\/sk\/wp-json\/wp\/v2\/pages\/2284\/revisions\/5755"}],"wp:attachment":[{"href":"https:\/\/www.colosseum-graz.at\/sk\/wp-json\/wp\/v2\/media?parent=2284"}],"curies":[{"name":"wp","href":"https:\/\/api.w.org\/{rel}","templated":true}]}}