{"id":10563,"date":"2025-07-27T12:19:35","date_gmt":"2025-07-27T12:19:35","guid":{"rendered":"https:\/\/www.colosseum-graz.at\/povratne-informacije\/"},"modified":"2025-07-28T11:41:52","modified_gmt":"2025-07-28T11:41:52","slug":"povratne-informacije","status":"publish","type":"page","link":"https:\/\/www.colosseum-graz.at\/sl\/povratne-informacije\/","title":{"rendered":"Povratne informacije"},"content":{"rendered":"\t\t<div data-elementor-type=\"wp-page\" data-elementor-id=\"10563\" class=\"elementor elementor-10563 elementor-10551\" data-elementor-post-type=\"page\">\n\t\t\t\t<div class=\"elementor-element elementor-element-fd32bbc e-flex e-con-boxed e-con e-parent\" data-id=\"fd32bbc\" data-element_type=\"container\" data-e-type=\"container\">\n\t\t\t\t\t<div class=\"e-con-inner\">\n\t\t\t\t<div class=\"elementor-element elementor-element-b013c5b g-text-1 elementor-widget elementor-widget-heading\" data-id=\"b013c5b\" data-element_type=\"widget\" data-e-type=\"widget\" data-settings=\"{&quot;_animation&quot;:&quot;none&quot;}\" data-widget_type=\"heading.default\">\n\t\t\t\t<div class=\"elementor-widget-container\">\n\t\t\t\t\t<h1 class=\"elementor-heading-title elementor-size-default\">Povratne informacije<\/h1>\t\t\t\t<\/div>\n\t\t\t\t<\/div>\n\t\t<div class=\"elementor-element elementor-element-4d1beb8 e-con-full e-flex e-con e-child\" data-id=\"4d1beb8\" data-element_type=\"container\" data-e-type=\"container\">\n\t\t<div class=\"elementor-element elementor-element-725e74c e-con-full e-flex e-con e-child\" data-id=\"725e74c\" data-element_type=\"container\" data-e-type=\"container\">\n\t\t\t\t<div class=\"elementor-element elementor-element-b664c03 elementor-widget elementor-widget-heading\" data-id=\"b664c03\" data-element_type=\"widget\" data-e-type=\"widget\" data-widget_type=\"heading.default\">\n\t\t\t\t<div class=\"elementor-widget-container\">\n\t\t\t\t\t<h2 class=\"elementor-heading-title elementor-size-default\">Obrazec za povratne informacije<\/h2>\t\t\t\t<\/div>\n\t\t\t\t<\/div>\n\t\t\t\t<div class=\"elementor-element elementor-element-c50e340 elementor-button-align-start elementor-mobile-button-align-center elementor-widget elementor-widget-form\" data-id=\"c50e340\" data-element_type=\"widget\" data-e-type=\"widget\" data-settings=\"{&quot;step_next_label&quot;:&quot;Naslednji&quot;,&quot;step_previous_label&quot;:&quot;Prej\\u0161nji&quot;,&quot;step_type&quot;:&quot;number&quot;,&quot;button_width&quot;:&quot;100&quot;,&quot;step_icon_shape&quot;:&quot;circle&quot;}\" data-widget_type=\"form.default\">\n\t\t\t\t<div class=\"elementor-widget-container\">\n\t\t\t\t\t\t\t<form class=\"elementor-form\" method=\"post\" name=\"Kontaktni obrazec\" aria-label=\"Kontaktni obrazec\">\n\t\t\t<input type=\"hidden\" name=\"post_id\" value=\"10563\"\/>\n\t\t\t<input type=\"hidden\" name=\"form_id\" value=\"c50e340\"\/>\n\t\t\t<input type=\"hidden\" name=\"referer_title\" value=\"Colosseum Graz\" \/>\n\n\t\t\t\n\t\t\t<div class=\"elementor-form-fields-wrapper elementor-labels-above\">\n\t\t\t\t\t\t\t\t<div class=\"elementor-field-type-step elementor-field-group elementor-column elementor-field-group-field_00135a3 elementor-col-100\">\n\t\t\t\t\t\t\t<div class=\"e-field-step elementor-hidden\" data-label=\"\" data-previousButton=\"Nazaj\" data-nextButton=\"Dodatno\" data-iconUrl=\"\" data-iconLibrary=\"fas fa-star\" data-icon=\"&lt;svg class=&quot;e-font-icon-svg e-fas-star&quot; viewBox=&quot;0 0 576 512&quot; xmlns=&quot;http:\/\/www.w3.org\/2000\/svg&quot;&gt;&lt;path d=&quot;M259.3 17.8L194 150.2 47.9 171.5c-26.2 3.8-36.7 36.1-17.7 54.6l105.7 103-25 145.5c-4.5 26.3 23.2 46 46.4 33.7L288 439.6l130.7 68.7c23.2 12.2 50.9-7.4 46.4-33.7l-25-145.5 105.7-103c19-18.5 8.5-50.8-17.7-54.6L382 150.2 316.7 17.8c-11.7-23.6-45.6-23.9-57.4 0z&quot;&gt;&lt;\/path&gt;&lt;\/svg&gt;\" ><\/div>\n\n\t\t\t\t\t\t<\/div>\n\t\t\t\t\t\t\t\t<div class=\"elementor-field-type-radio elementor-field-group elementor-column elementor-field-group-field_9875acd elementor-col-100 elementor-field-required\">\n\t\t\t\t\t\t\t\t\t\t\t\t<label for=\"form-field-field_9875acd\" class=\"elementor-field-label\">\n\t\t\t\t\t\t\t\tKako vam je bil obisk pri nas na splo\u0161no v\u0161e\u010d?\t\t\t\t\t\t\t<\/label>\n\t\t\t\t\t\t<div class=\"elementor-field-subgroup  elementor-subgroup-inline\"><span class=\"elementor-field-option\"><input type=\"radio\" value=\"zelo dobro\" id=\"form-field-field_9875acd-0\" name=\"form_fields[field_9875acd]\" required=\"required\"> <label for=\"form-field-field_9875acd-0\">zelo dobro<\/label><\/span><span class=\"elementor-field-option\"><input type=\"radio\" value=\"dobro\" id=\"form-field-field_9875acd-1\" name=\"form_fields[field_9875acd]\" required=\"required\"> <label for=\"form-field-field_9875acd-1\">dobro<\/label><\/span><span class=\"elementor-field-option\"><input type=\"radio\" value=\"ne tako dobro\" id=\"form-field-field_9875acd-2\" name=\"form_fields[field_9875acd]\" required=\"required\"> <label for=\"form-field-field_9875acd-2\">ne tako dobro<\/label><\/span><span class=\"elementor-field-option\"><input type=\"radio\" value=\"sploh ne\" id=\"form-field-field_9875acd-3\" name=\"form_fields[field_9875acd]\" required=\"required\"> <label for=\"form-field-field_9875acd-3\">sploh ne<\/label><\/span><\/div>\t\t\t\t<\/div>\n\t\t\t\t\t\t\t\t<div class=\"elementor-field-type-step elementor-field-group elementor-column elementor-field-group-field_043b8b8 elementor-col-100\">\n\t\t\t\t\t\t\t<div class=\"e-field-step elementor-hidden\" data-label=\"\" data-previousButton=\"Nazaj\" data-nextButton=\"Dodatno\" data-iconUrl=\"\" data-iconLibrary=\"fas fa-star\" data-icon=\"&lt;svg class=&quot;e-font-icon-svg e-fas-star&quot; viewBox=&quot;0 0 576 512&quot; xmlns=&quot;http:\/\/www.w3.org\/2000\/svg&quot;&gt;&lt;path d=&quot;M259.3 17.8L194 150.2 47.9 171.5c-26.2 3.8-36.7 36.1-17.7 54.6l105.7 103-25 145.5c-4.5 26.3 23.2 46 46.4 33.7L288 439.6l130.7 68.7c23.2 12.2 50.9-7.4 46.4-33.7l-25-145.5 105.7-103c19-18.5 8.5-50.8-17.7-54.6L382 150.2 316.7 17.8c-11.7-23.6-45.6-23.9-57.4 0z&quot;&gt;&lt;\/path&gt;&lt;\/svg&gt;\" ><\/div>\n\n\t\t\t\t\t\t<\/div>\n\t\t\t\t\t\t\t\t<div class=\"elementor-field-type-radio elementor-field-group elementor-column elementor-field-group-field_be449bb elementor-col-100 elementor-field-required\">\n\t\t\t\t\t\t\t\t\t\t\t\t<label for=\"form-field-field_be449bb\" class=\"elementor-field-label\">\n\t\t\t\t\t\t\t\tKako zadovoljni ste bili z na\u0161o storitvijo?\t\t\t\t\t\t\t<\/label>\n\t\t\t\t\t\t<div class=\"elementor-field-subgroup  elementor-subgroup-inline\"><span class=\"elementor-field-option\"><input type=\"radio\" value=\"zelo zadovoljen\" id=\"form-field-field_be449bb-0\" name=\"form_fields[field_be449bb]\" required=\"required\"> <label for=\"form-field-field_be449bb-0\">zelo zadovoljen<\/label><\/span><span class=\"elementor-field-option\"><input type=\"radio\" value=\"je v redu\" id=\"form-field-field_be449bb-1\" name=\"form_fields[field_be449bb]\" required=\"required\"> <label for=\"form-field-field_be449bb-1\">je v redu<\/label><\/span><span class=\"elementor-field-option\"><input type=\"radio\" value=\"ni zadovoljen\" id=\"form-field-field_be449bb-2\" name=\"form_fields[field_be449bb]\" required=\"required\"> <label for=\"form-field-field_be449bb-2\">ni zadovoljen<\/label><\/span><\/div>\t\t\t\t<\/div>\n\t\t\t\t\t\t\t\t<div class=\"elementor-field-type-step elementor-field-group elementor-column elementor-field-group-field_6946f7e elementor-col-100\">\n\t\t\t\t\t\t\t<div class=\"e-field-step elementor-hidden\" data-label=\"\" data-previousButton=\"Nazaj\" data-nextButton=\"Dodatno\" data-iconUrl=\"\" data-iconLibrary=\"fas fa-star\" data-icon=\"&lt;svg class=&quot;e-font-icon-svg e-fas-star&quot; viewBox=&quot;0 0 576 512&quot; xmlns=&quot;http:\/\/www.w3.org\/2000\/svg&quot;&gt;&lt;path d=&quot;M259.3 17.8L194 150.2 47.9 171.5c-26.2 3.8-36.7 36.1-17.7 54.6l105.7 103-25 145.5c-4.5 26.3 23.2 46 46.4 33.7L288 439.6l130.7 68.7c23.2 12.2 50.9-7.4 46.4-33.7l-25-145.5 105.7-103c19-18.5 8.5-50.8-17.7-54.6L382 150.2 316.7 17.8c-11.7-23.6-45.6-23.9-57.4 0z&quot;&gt;&lt;\/path&gt;&lt;\/svg&gt;\" ><\/div>\n\n\t\t\t\t\t\t<\/div>\n\t\t\t\t\t\t\t\t<div class=\"elementor-field-type-radio elementor-field-group elementor-column elementor-field-group-field_6354535 elementor-col-100 elementor-field-required\">\n\t\t\t\t\t\t\t\t\t\t\t\t<label for=\"form-field-field_6354535\" class=\"elementor-field-label\">\n\t\t\t\t\t\t\t\tKako ste bili zadovoljni s prijaznostjo osebja na recepciji?\t\t\t\t\t\t\t<\/label>\n\t\t\t\t\t\t<div class=\"elementor-field-subgroup  elementor-subgroup-inline\"><span class=\"elementor-field-option\"><input type=\"radio\" value=\"zelo zadovoljen\" id=\"form-field-field_6354535-0\" name=\"form_fields[field_6354535]\" required=\"required\"> <label for=\"form-field-field_6354535-0\">zelo zadovoljen<\/label><\/span><span class=\"elementor-field-option\"><input type=\"radio\" value=\"je v redu\" id=\"form-field-field_6354535-1\" name=\"form_fields[field_6354535]\" required=\"required\"> <label for=\"form-field-field_6354535-1\">je v redu<\/label><\/span><span class=\"elementor-field-option\"><input type=\"radio\" value=\"ni zadovoljen\" id=\"form-field-field_6354535-2\" name=\"form_fields[field_6354535]\" required=\"required\"> <label for=\"form-field-field_6354535-2\">ni zadovoljen<\/label><\/span><\/div>\t\t\t\t<\/div>\n\t\t\t\t\t\t\t\t<div class=\"elementor-field-type-step elementor-field-group elementor-column elementor-field-group-field_d1ffc59 elementor-col-100\">\n\t\t\t\t\t\t\t<div class=\"e-field-step elementor-hidden\" data-label=\"\" data-previousButton=\"Nazaj\" data-nextButton=\"Dodatno\" data-iconUrl=\"\" data-iconLibrary=\"fas fa-star\" data-icon=\"&lt;svg class=&quot;e-font-icon-svg e-fas-star&quot; viewBox=&quot;0 0 576 512&quot; xmlns=&quot;http:\/\/www.w3.org\/2000\/svg&quot;&gt;&lt;path d=&quot;M259.3 17.8L194 150.2 47.9 171.5c-26.2 3.8-36.7 36.1-17.7 54.6l105.7 103-25 145.5c-4.5 26.3 23.2 46 46.4 33.7L288 439.6l130.7 68.7c23.2 12.2 50.9-7.4 46.4-33.7l-25-145.5 105.7-103c19-18.5 8.5-50.8-17.7-54.6L382 150.2 316.7 17.8c-11.7-23.6-45.6-23.9-57.4 0z&quot;&gt;&lt;\/path&gt;&lt;\/svg&gt;\" ><\/div>\n\n\t\t\t\t\t\t<\/div>\n\t\t\t\t\t\t\t\t<div class=\"elementor-field-type-radio elementor-field-group elementor-column elementor-field-group-field_503ee3a elementor-col-100 elementor-field-required\">\n\t\t\t\t\t\t\t\t\t\t\t\t<label for=\"form-field-field_503ee3a\" class=\"elementor-field-label\">\n\t\t\t\t\t\t\t\tKako zadovoljni ste bili z nasveti in strokovnim znanjem na\u0161ega osebja na recepciji?\t\t\t\t\t\t\t<\/label>\n\t\t\t\t\t\t<div class=\"elementor-field-subgroup  elementor-subgroup-inline\"><span class=\"elementor-field-option\"><input type=\"radio\" value=\"zelo zadovoljen\" id=\"form-field-field_503ee3a-0\" name=\"form_fields[field_503ee3a]\" required=\"required\"> <label for=\"form-field-field_503ee3a-0\">zelo zadovoljen<\/label><\/span><span class=\"elementor-field-option\"><input type=\"radio\" value=\"je v redu\" id=\"form-field-field_503ee3a-1\" name=\"form_fields[field_503ee3a]\" required=\"required\"> <label for=\"form-field-field_503ee3a-1\">je v redu<\/label><\/span><span class=\"elementor-field-option\"><input type=\"radio\" value=\"ni zadovoljen\" id=\"form-field-field_503ee3a-2\" name=\"form_fields[field_503ee3a]\" required=\"required\"> <label for=\"form-field-field_503ee3a-2\">ni zadovoljen<\/label><\/span><\/div>\t\t\t\t<\/div>\n\t\t\t\t\t\t\t\t<div class=\"elementor-field-type-step elementor-field-group elementor-column elementor-field-group-field_b94560e elementor-col-100\">\n\t\t\t\t\t\t\t<div class=\"e-field-step elementor-hidden\" data-label=\"\" data-previousButton=\"Nazaj\" data-nextButton=\"Dodatno\" data-iconUrl=\"\" data-iconLibrary=\"fas fa-star\" data-icon=\"&lt;svg class=&quot;e-font-icon-svg e-fas-star&quot; viewBox=&quot;0 0 576 512&quot; xmlns=&quot;http:\/\/www.w3.org\/2000\/svg&quot;&gt;&lt;path d=&quot;M259.3 17.8L194 150.2 47.9 171.5c-26.2 3.8-36.7 36.1-17.7 54.6l105.7 103-25 145.5c-4.5 26.3 23.2 46 46.4 33.7L288 439.6l130.7 68.7c23.2 12.2 50.9-7.4 46.4-33.7l-25-145.5 105.7-103c19-18.5 8.5-50.8-17.7-54.6L382 150.2 316.7 17.8c-11.7-23.6-45.6-23.9-57.4 0z&quot;&gt;&lt;\/path&gt;&lt;\/svg&gt;\" ><\/div>\n\n\t\t\t\t\t\t<\/div>\n\t\t\t\t\t\t\t\t<div class=\"elementor-field-type-textarea elementor-field-group elementor-column elementor-field-group-message elementor-col-80\">\n\t\t\t\t\t\t\t\t\t\t\t\t<label for=\"form-field-message\" class=\"elementor-field-label\">\n\t\t\t\t\t\t\t\tOpombe\t\t\t\t\t\t\t<\/label>\n\t\t\t\t\t\t<textarea class=\"elementor-field-textual elementor-field  elementor-size-md\" name=\"form_fields[message]\" id=\"form-field-message\" rows=\"4\" placeholder=\"Bi nam radi povedali \u0161e kaj drugega?\"><\/textarea>\t\t\t\t<\/div>\n\t\t\t\t\t\t\t\t<div class=\"elementor-field-type-email elementor-field-group elementor-column elementor-field-group-field_db9f692 elementor-col-80\">\n\t\t\t\t\t\t\t\t\t\t\t\t<label for=\"form-field-field_db9f692\" class=\"elementor-field-label\">\n\t\t\t\t\t\t\t\tE-po\u0161tni naslov\t\t\t\t\t\t\t<\/label>\n\t\t\t\t\t\t\t\t\t\t\t\t\t\t<input size=\"1\" type=\"email\" name=\"form_fields[field_db9f692]\" id=\"form-field-field_db9f692\" class=\"elementor-field elementor-size-md  elementor-field-textual\" placeholder=\"Va\u0161 e-po\u0161tni naslov\">\n\t\t\t\t\t\t\t\t\t\t\t<\/div>\n\t\t\t\t\t\t\t\t<div class=\"elementor-field-type-text\">\n\t\t\t\t\t<input size=\"1\" type=\"text\" name=\"form_fields[field_8436077]\" id=\"form-field-field_8436077\" class=\"elementor-field elementor-size-md \" style=\"display:none !important;\">\t\t\t\t<\/div>\n\t\t\t\t\t\t\t\t<div class=\"elementor-field-group elementor-column elementor-field-type-submit elementor-col-100 e-form__buttons\">\n\t\t\t\t\t<button class=\"elementor-button elementor-size-sm\" type=\"submit\">\n\t\t\t\t\t\t<span class=\"elementor-button-content-wrapper\">\n\t\t\t\t\t\t\t\t\t\t\t\t\t\t\t\t\t\t\t\t\t\t<span class=\"elementor-button-text\">Po\u0161lji<\/span>\n\t\t\t\t\t\t\t\t\t\t\t\t\t<\/span>\n\t\t\t\t\t<\/button>\n\t\t\t\t<\/div>\n\t\t\t<\/div>\n\t\t<\/form>\n\t\t\t\t\t\t<\/div>\n\t\t\t\t<\/div>\n\t\t\t\t<\/div>\n\t\t<div class=\"elementor-element elementor-element-cfdd6ce e-con-full e-flex e-con e-child\" data-id=\"cfdd6ce\" data-element_type=\"container\" data-e-type=\"container\">\n\t\t\t\t<div class=\"elementor-element elementor-element-d9e372c elementor-widget elementor-widget-text-editor\" data-id=\"d9e372c\" data-element_type=\"widget\" data-e-type=\"widget\" data-widget_type=\"text-editor.default\">\n\t\t\t\t<div class=\"elementor-widget-container\">\n\t\t\t\t\t\t\t\t\tNenehno si prizadevamo za izbolj\u0161anje na\u0161ih storitev, zato bomo veseli, \u010de boste z nami delili svoje izku\u0161nje z obiskom Koloseja!\n<br><br>Izpolnite obrazec za povratne informacije in nam povejte, kako ste u\u017eivali ob obisku Koloseja! V majhno zahvalo boste ob naslednjem obisku prejeli brezpla\u010den vstop &#8211; v zadnjem koraku vpi\u0161ite svoj e-po\u0161tni naslov in kontaktirali vas bomo! \n<br><br>Va\u0161e povratne informacije bomo seveda obravnavali diskretno &#8211; va\u0161ih podatkov ne bomo objavili!\t\t\t\t\t\t\t\t<\/div>\n\t\t\t\t<\/div>\n\t\t\t\t<\/div>\n\t\t\t\t<\/div>\n\t\t\t\t\t<\/div>\n\t\t\t\t<\/div>\n\t\t\t\t<\/div>\n\t\t","protected":false},"excerpt":{"rendered":"<p>Povratne informacije Obrazec za povratne informacije Nenehno si prizadevamo za izbolj\u0161anje na\u0161ih storitev, zato bomo veseli, \u010de boste z nami delili svoje izku\u0161nje z obiskom Koloseja! Izpolnite obrazec za povratne informacije in nam povejte, kako ste u\u017eivali ob obisku Koloseja! V majhno zahvalo boste ob naslednjem obisku prejeli brezpla\u010den vstop &#8211; v zadnjem koraku vpi\u0161ite [&hellip;]<\/p>\n","protected":false},"author":1,"featured_media":0,"parent":0,"menu_order":0,"comment_status":"closed","ping_status":"closed","template":"","meta":{"_acf_changed":false,"footnotes":""},"class_list":["post-10563","page","type-page","status-publish","hentry"],"acf":[],"yoast_head":"<!-- This site is optimized with the Yoast SEO plugin v27.4 - https:\/\/yoast.com\/product\/yoast-seo-wordpress\/ -->\n<title>Povratne informacije | Colosseum Graz<\/title>\n<meta name=\"robots\" content=\"index, follow, max-snippet:-1, max-image-preview:large, max-video-preview:-1\" \/>\n<link rel=\"canonical\" href=\"https:\/\/www.colosseum-graz.at\/sl\/povratne-informacije\/\" \/>\n<meta property=\"og:locale\" content=\"sl_SI\" \/>\n<meta property=\"og:type\" content=\"article\" \/>\n<meta property=\"og:title\" content=\"Povratne informacije | Colosseum Graz\" \/>\n<meta property=\"og:description\" content=\"Povratne informacije Obrazec za povratne informacije Nenehno si prizadevamo za izbolj\u0161anje na\u0161ih storitev, zato bomo veseli, \u010de boste z nami delili svoje izku\u0161nje z obiskom Koloseja! Izpolnite obrazec za povratne informacije in nam povejte, kako ste u\u017eivali ob obisku Koloseja! V majhno zahvalo boste ob naslednjem obisku prejeli brezpla\u010den vstop &#8211; v zadnjem koraku vpi\u0161ite [&hellip;]\" \/>\n<meta property=\"og:url\" content=\"https:\/\/www.colosseum-graz.at\/sl\/povratne-informacije\/\" \/>\n<meta property=\"og:site_name\" content=\"Colosseum Graz\" \/>\n<meta property=\"article:modified_time\" content=\"2025-07-28T11:41:52+00:00\" \/>\n<meta name=\"twitter:card\" content=\"summary_large_image\" \/>\n<script type=\"application\/ld+json\" class=\"yoast-schema-graph\">{\"@context\":\"https:\\\/\\\/schema.org\",\"@graph\":[{\"@type\":\"WebPage\",\"@id\":\"https:\\\/\\\/www.colosseum-graz.at\\\/sl\\\/povratne-informacije\\\/\",\"url\":\"https:\\\/\\\/www.colosseum-graz.at\\\/sl\\\/povratne-informacije\\\/\",\"name\":\"Povratne informacije | Colosseum Graz\",\"isPartOf\":{\"@id\":\"https:\\\/\\\/www.colosseum-graz.at\\\/sl\\\/#website\"},\"datePublished\":\"2025-07-27T12:19:35+00:00\",\"dateModified\":\"2025-07-28T11:41:52+00:00\",\"breadcrumb\":{\"@id\":\"https:\\\/\\\/www.colosseum-graz.at\\\/sl\\\/povratne-informacije\\\/#breadcrumb\"},\"inLanguage\":\"sl-SI\",\"potentialAction\":[{\"@type\":\"ReadAction\",\"target\":[\"https:\\\/\\\/www.colosseum-graz.at\\\/sl\\\/povratne-informacije\\\/\"]}]},{\"@type\":\"BreadcrumbList\",\"@id\":\"https:\\\/\\\/www.colosseum-graz.at\\\/sl\\\/povratne-informacije\\\/#breadcrumb\",\"itemListElement\":[{\"@type\":\"ListItem\",\"position\":1,\"name\":\"Startseite\",\"item\":\"https:\\\/\\\/www.colosseum-graz.at\\\/sl\\\/domov\\\/\"},{\"@type\":\"ListItem\",\"position\":2,\"name\":\"Povratne informacije\"}]},{\"@type\":\"WebSite\",\"@id\":\"https:\\\/\\\/www.colosseum-graz.at\\\/sl\\\/#website\",\"url\":\"https:\\\/\\\/www.colosseum-graz.at\\\/sl\\\/\",\"name\":\"Colosseum Graz\",\"description\":\"Die Nummer-1-Partylocation in Graz\",\"publisher\":{\"@id\":\"https:\\\/\\\/www.colosseum-graz.at\\\/sl\\\/#organization\"},\"potentialAction\":[{\"@type\":\"SearchAction\",\"target\":{\"@type\":\"EntryPoint\",\"urlTemplate\":\"https:\\\/\\\/www.colosseum-graz.at\\\/sl\\\/?s={search_term_string}\"},\"query-input\":{\"@type\":\"PropertyValueSpecification\",\"valueRequired\":true,\"valueName\":\"search_term_string\"}}],\"inLanguage\":\"sl-SI\"},{\"@type\":\"Organization\",\"@id\":\"https:\\\/\\\/www.colosseum-graz.at\\\/sl\\\/#organization\",\"name\":\"Colosseum Graz\",\"alternateName\":\"Colosseum\",\"url\":\"https:\\\/\\\/www.colosseum-graz.at\\\/sl\\\/\",\"logo\":{\"@type\":\"ImageObject\",\"inLanguage\":\"sl-SI\",\"@id\":\"https:\\\/\\\/www.colosseum-graz.at\\\/sl\\\/#\\\/schema\\\/logo\\\/image\\\/\",\"url\":\"https:\\\/\\\/www.colosseum-graz.at\\\/wp-content\\\/uploads\\\/2024\\\/12\\\/Logo-Colosseum-Graz.jpg\",\"contentUrl\":\"https:\\\/\\\/www.colosseum-graz.at\\\/wp-content\\\/uploads\\\/2024\\\/12\\\/Logo-Colosseum-Graz.jpg\",\"width\":200,\"height\":31,\"caption\":\"Colosseum Graz\"},\"image\":{\"@id\":\"https:\\\/\\\/www.colosseum-graz.at\\\/sl\\\/#\\\/schema\\\/logo\\\/image\\\/\"}}]}<\/script>\n<!-- \/ Yoast SEO plugin. -->","yoast_head_json":{"title":"Povratne informacije | Colosseum Graz","robots":{"index":"index","follow":"follow","max-snippet":"max-snippet:-1","max-image-preview":"max-image-preview:large","max-video-preview":"max-video-preview:-1"},"canonical":"https:\/\/www.colosseum-graz.at\/sl\/povratne-informacije\/","og_locale":"sl_SI","og_type":"article","og_title":"Povratne informacije | Colosseum Graz","og_description":"Povratne informacije Obrazec za povratne informacije Nenehno si prizadevamo za izbolj\u0161anje na\u0161ih storitev, zato bomo veseli, \u010de boste z nami delili svoje izku\u0161nje z obiskom Koloseja! Izpolnite obrazec za povratne informacije in nam povejte, kako ste u\u017eivali ob obisku Koloseja! V majhno zahvalo boste ob naslednjem obisku prejeli brezpla\u010den vstop &#8211; v zadnjem koraku vpi\u0161ite [&hellip;]","og_url":"https:\/\/www.colosseum-graz.at\/sl\/povratne-informacije\/","og_site_name":"Colosseum Graz","article_modified_time":"2025-07-28T11:41:52+00:00","twitter_card":"summary_large_image","schema":{"@context":"https:\/\/schema.org","@graph":[{"@type":"WebPage","@id":"https:\/\/www.colosseum-graz.at\/sl\/povratne-informacije\/","url":"https:\/\/www.colosseum-graz.at\/sl\/povratne-informacije\/","name":"Povratne informacije | Colosseum Graz","isPartOf":{"@id":"https:\/\/www.colosseum-graz.at\/sl\/#website"},"datePublished":"2025-07-27T12:19:35+00:00","dateModified":"2025-07-28T11:41:52+00:00","breadcrumb":{"@id":"https:\/\/www.colosseum-graz.at\/sl\/povratne-informacije\/#breadcrumb"},"inLanguage":"sl-SI","potentialAction":[{"@type":"ReadAction","target":["https:\/\/www.colosseum-graz.at\/sl\/povratne-informacije\/"]}]},{"@type":"BreadcrumbList","@id":"https:\/\/www.colosseum-graz.at\/sl\/povratne-informacije\/#breadcrumb","itemListElement":[{"@type":"ListItem","position":1,"name":"Startseite","item":"https:\/\/www.colosseum-graz.at\/sl\/domov\/"},{"@type":"ListItem","position":2,"name":"Povratne informacije"}]},{"@type":"WebSite","@id":"https:\/\/www.colosseum-graz.at\/sl\/#website","url":"https:\/\/www.colosseum-graz.at\/sl\/","name":"Colosseum Graz","description":"Die Nummer-1-Partylocation in Graz","publisher":{"@id":"https:\/\/www.colosseum-graz.at\/sl\/#organization"},"potentialAction":[{"@type":"SearchAction","target":{"@type":"EntryPoint","urlTemplate":"https:\/\/www.colosseum-graz.at\/sl\/?s={search_term_string}"},"query-input":{"@type":"PropertyValueSpecification","valueRequired":true,"valueName":"search_term_string"}}],"inLanguage":"sl-SI"},{"@type":"Organization","@id":"https:\/\/www.colosseum-graz.at\/sl\/#organization","name":"Colosseum Graz","alternateName":"Colosseum","url":"https:\/\/www.colosseum-graz.at\/sl\/","logo":{"@type":"ImageObject","inLanguage":"sl-SI","@id":"https:\/\/www.colosseum-graz.at\/sl\/#\/schema\/logo\/image\/","url":"https:\/\/www.colosseum-graz.at\/wp-content\/uploads\/2024\/12\/Logo-Colosseum-Graz.jpg","contentUrl":"https:\/\/www.colosseum-graz.at\/wp-content\/uploads\/2024\/12\/Logo-Colosseum-Graz.jpg","width":200,"height":31,"caption":"Colosseum Graz"},"image":{"@id":"https:\/\/www.colosseum-graz.at\/sl\/#\/schema\/logo\/image\/"}}]}},"_links":{"self":[{"href":"https:\/\/www.colosseum-graz.at\/sl\/wp-json\/wp\/v2\/pages\/10563","targetHints":{"allow":["GET"]}}],"collection":[{"href":"https:\/\/www.colosseum-graz.at\/sl\/wp-json\/wp\/v2\/pages"}],"about":[{"href":"https:\/\/www.colosseum-graz.at\/sl\/wp-json\/wp\/v2\/types\/page"}],"author":[{"embeddable":true,"href":"https:\/\/www.colosseum-graz.at\/sl\/wp-json\/wp\/v2\/users\/1"}],"replies":[{"embeddable":true,"href":"https:\/\/www.colosseum-graz.at\/sl\/wp-json\/wp\/v2\/comments?post=10563"}],"version-history":[{"count":4,"href":"https:\/\/www.colosseum-graz.at\/sl\/wp-json\/wp\/v2\/pages\/10563\/revisions"}],"predecessor-version":[{"id":10610,"href":"https:\/\/www.colosseum-graz.at\/sl\/wp-json\/wp\/v2\/pages\/10563\/revisions\/10610"}],"wp:attachment":[{"href":"https:\/\/www.colosseum-graz.at\/sl\/wp-json\/wp\/v2\/media?parent=10563"}],"curies":[{"name":"wp","href":"https:\/\/api.w.org\/{rel}","templated":true}]}}