{"id":2269,"date":"2024-12-23T21:09:00","date_gmt":"2024-12-23T21:09:00","guid":{"rendered":"https:\/\/test.colosseum-graz.at\/impressum\/"},"modified":"2025-12-01T11:30:39","modified_gmt":"2025-12-01T11:30:39","slug":"imprint","status":"publish","type":"page","link":"https:\/\/www.colosseum-graz.at\/sl\/imprint\/","title":{"rendered":"Odtis"},"content":{"rendered":"\t\t<div data-elementor-type=\"wp-page\" data-elementor-id=\"2269\" class=\"elementor elementor-2269 elementor-74\" data-elementor-post-type=\"page\">\n\t\t\t\t<div class=\"elementor-element elementor-element-4393c547 e-flex e-con-boxed e-con e-parent\" data-id=\"4393c547\" data-element_type=\"container\" data-e-type=\"container\">\n\t\t\t\t\t<div class=\"e-con-inner\">\n\t\t\t\t<div class=\"elementor-element elementor-element-521509a g-text-1 elementor-widget elementor-widget-heading\" data-id=\"521509a\" data-element_type=\"widget\" data-e-type=\"widget\" data-widget_type=\"heading.default\">\n\t\t\t\t<div class=\"elementor-widget-container\">\n\t\t\t\t\t<h1 class=\"elementor-heading-title elementor-size-default\">Odtis<\/h1>\t\t\t\t<\/div>\n\t\t\t\t<\/div>\n\t\t\t\t\t<\/div>\n\t\t\t\t<\/div>\n\t\t<div class=\"elementor-element elementor-element-3fda3462 e-flex e-con-boxed e-con e-parent\" data-id=\"3fda3462\" data-element_type=\"container\" data-e-type=\"container\">\n\t\t\t\t\t<div class=\"e-con-inner\">\n\t\t\t\t<div class=\"elementor-element elementor-element-1cf07a5c elementor-widget elementor-widget-heading\" data-id=\"1cf07a5c\" data-element_type=\"widget\" data-e-type=\"widget\" data-widget_type=\"heading.default\">\n\t\t\t\t<div class=\"elementor-widget-container\">\n\t\t\t\t\t<h2 class=\"elementor-heading-title elementor-size-default\">Informacije v skladu s \u00a7 24 MedienG, \u00a7 5 ECG in \u00a7 14 UGB<\/h2>\t\t\t\t<\/div>\n\t\t\t\t<\/div>\n\t\t\t\t<div class=\"elementor-element elementor-element-6e9a75f elementor-widget elementor-widget-heading\" data-id=\"6e9a75f\" data-element_type=\"widget\" data-e-type=\"widget\" data-widget_type=\"heading.default\">\n\t\t\t\t<div class=\"elementor-widget-container\">\n\t\t\t\t\t<h3 class=\"elementor-heading-title elementor-size-default\">Lastnik te strani<\/h3>\t\t\t\t<\/div>\n\t\t\t\t<\/div>\n\t\t\t\t<div class=\"elementor-element elementor-element-51f584e1 elementor-widget elementor-widget-text-editor\" data-id=\"51f584e1\" data-element_type=\"widget\" data-e-type=\"widget\" data-widget_type=\"text-editor.default\">\n\t\t\t\t<div class=\"elementor-widget-container\">\n\t\t\t\t\t\t\t\t\tHS Holding GmbH\n<br>Adlerstra\u00dfe 1\n<br>4600 Wels\n<br>E-po\u0161tni naslov: info@hs-graz.at\n<br>UID-\u0161tevilka: ATU73756358\n<br><br>Oblikovanje spletnih strani: <a href=\"https:\/\/www.look-and-feel.at\" target=\"_blank\">Look &amp; Feel Online Marketing<\/a>\t\t\t\t\t\t\t\t<\/div>\n\t\t\t\t<\/div>\n\t\t\t\t<div class=\"elementor-element elementor-element-f57b659 elementor-widget elementor-widget-heading\" data-id=\"f57b659\" data-element_type=\"widget\" data-e-type=\"widget\" data-widget_type=\"heading.default\">\n\t\t\t\t<div class=\"elementor-widget-container\">\n\t\t\t\t\t<h3 class=\"elementor-heading-title elementor-size-default\">Veljavni predpisi<\/h3>\t\t\t\t<\/div>\n\t\t\t\t<\/div>\n\t\t\t\t<div class=\"elementor-element elementor-element-016e40e elementor-widget elementor-widget-text-editor\" data-id=\"016e40e\" data-element_type=\"widget\" data-e-type=\"widget\" data-widget_type=\"text-editor.default\">\n\t\t\t\t<div class=\"elementor-widget-container\">\n\t\t\t\t\t\t\t\t\tZakon o medijih, Zakon o elektronskem poslovanju, Zakon o telekomunikacijah, Industrijski zakonik &#8211; glej Pravno-informacijsko slu\u017ebo Zvezne pisarne: <a href=\"http:\/\/www.ris.bka.gv.at\" target=\"_blank\">www.ris.bka.gv.at<\/a>\t\t\t\t\t\t\t\t<\/div>\n\t\t\t\t<\/div>\n\t\t\t\t<div class=\"elementor-element elementor-element-c329139 elementor-widget elementor-widget-heading\" data-id=\"c329139\" data-element_type=\"widget\" data-e-type=\"widget\" data-widget_type=\"heading.default\">\n\t\t\t\t<div class=\"elementor-widget-container\">\n\t\t\t\t\t<h3 class=\"elementor-heading-title elementor-size-default\">Komora<\/h3>\t\t\t\t<\/div>\n\t\t\t\t<\/div>\n\t\t\t\t<div class=\"elementor-element elementor-element-8141265 elementor-widget elementor-widget-text-editor\" data-id=\"8141265\" data-element_type=\"widget\" data-e-type=\"widget\" data-widget_type=\"text-editor.default\">\n\t\t\t\t<div class=\"elementor-widget-container\">\n\t\t\t\t\t\t\t\t\tWKO Zgornja Avstrija\/\u0160tajerska\t\t\t\t\t\t\t\t<\/div>\n\t\t\t\t<\/div>\n\t\t\t\t<div class=\"elementor-element elementor-element-b8d36ca elementor-widget elementor-widget-heading\" data-id=\"b8d36ca\" data-element_type=\"widget\" data-e-type=\"widget\" data-widget_type=\"heading.default\">\n\t\t\t\t<div class=\"elementor-widget-container\">\n\t\t\t\t\t<h3 class=\"elementor-heading-title elementor-size-default\">Nadzorni organ\/Avtority acc. Zakon o elektronskem poslovanju<\/h3>\t\t\t\t<\/div>\n\t\t\t\t<\/div>\n\t\t\t\t<div class=\"elementor-element elementor-element-583db2b elementor-widget elementor-widget-text-editor\" data-id=\"583db2b\" data-element_type=\"widget\" data-e-type=\"widget\" data-widget_type=\"text-editor.default\">\n\t\t\t\t<div class=\"elementor-widget-container\">\n\t\t\t\t\t\t\t\t\tMagistrat Wels\/Graz, v okviru Zakona o telekomunikacijah Rundfunk und Telekom Regulierungs-GmbH (RTR) in Telekom-Control-Kommission (TKK), Mariahilfer Stra\u00dfe 77-79, 1060 Dunaj\t\t\t\t\t\t\t\t<\/div>\n\t\t\t\t<\/div>\n\t\t\t\t\t<\/div>\n\t\t\t\t<\/div>\n\t\t<div class=\"elementor-element elementor-element-f3f4f19 e-flex e-con-boxed e-con e-parent\" data-id=\"f3f4f19\" data-element_type=\"container\" data-e-type=\"container\">\n\t\t\t\t\t<div class=\"e-con-inner\">\n\t\t\t\t<div class=\"elementor-element elementor-element-f98600f elementor-widget elementor-widget-heading\" data-id=\"f98600f\" data-element_type=\"widget\" data-e-type=\"widget\" data-widget_type=\"heading.default\">\n\t\t\t\t<div class=\"elementor-widget-container\">\n\t\t\t\t\t<h2 class=\"elementor-heading-title elementor-size-default\">Razkritje v skladu s 25. \u010dlenom Zakona o medijih<\/h2>\t\t\t\t<\/div>\n\t\t\t\t<\/div>\n\t\t\t\t<div class=\"elementor-element elementor-element-d271d1b elementor-widget elementor-widget-heading\" data-id=\"d271d1b\" data-element_type=\"widget\" data-e-type=\"widget\" data-widget_type=\"heading.default\">\n\t\t\t\t<div class=\"elementor-widget-container\">\n\t\t\t\t\t<h3 class=\"elementor-heading-title elementor-size-default\">Lastnik in izdajatelj medijev<\/h3>\t\t\t\t<\/div>\n\t\t\t\t<\/div>\n\t\t\t\t<div class=\"elementor-element elementor-element-f58847b elementor-widget elementor-widget-text-editor\" data-id=\"f58847b\" data-element_type=\"widget\" data-e-type=\"widget\" data-widget_type=\"text-editor.default\">\n\t\t\t\t<div class=\"elementor-widget-container\">\n\t\t\t\t\t\t\t\t\tHS Holding GmbH\n<br>Adlerstra\u00dfe 1\n<br>4600 Wels\n<br>E-naslov: info@hs-graz.at\n<br>\u0160tevilka UID: ATU73756358\t\t\t\t\t\t\t\t<\/div>\n\t\t\t\t<\/div>\n\t\t\t\t<div class=\"elementor-element elementor-element-61e3d88 elementor-widget elementor-widget-heading\" data-id=\"61e3d88\" data-element_type=\"widget\" data-e-type=\"widget\" data-widget_type=\"heading.default\">\n\t\t\t\t<div class=\"elementor-widget-container\">\n\t\t\t\t\t<h3 class=\"elementor-heading-title elementor-size-default\">Predmet podjetja<\/h3>\t\t\t\t<\/div>\n\t\t\t\t<\/div>\n\t\t\t\t<div class=\"elementor-element elementor-element-03f7372 elementor-widget elementor-widget-text-editor\" data-id=\"03f7372\" data-element_type=\"widget\" data-e-type=\"widget\" data-widget_type=\"text-editor.default\">\n\t\t\t\t<div class=\"elementor-widget-container\">\n\t\t\t\t\t\t\t\t\tOpravljanje storitev spremstva\t\t\t\t\t\t\t\t<\/div>\n\t\t\t\t<\/div>\n\t\t\t\t<div class=\"elementor-element elementor-element-ce52ed5 elementor-widget elementor-widget-heading\" data-id=\"ce52ed5\" data-element_type=\"widget\" data-e-type=\"widget\" data-widget_type=\"heading.default\">\n\t\t\t\t<div class=\"elementor-widget-container\">\n\t\t\t\t\t<h3 class=\"elementor-heading-title elementor-size-default\">Osnovna smer medija<\/h3>\t\t\t\t<\/div>\n\t\t\t\t<\/div>\n\t\t\t\t<div class=\"elementor-element elementor-element-6d01554 elementor-widget elementor-widget-text-editor\" data-id=\"6d01554\" data-element_type=\"widget\" data-e-type=\"widget\" data-widget_type=\"text-editor.default\">\n\t\t\t\t<div class=\"elementor-widget-container\">\n\t\t\t\t\t\t\t\t\tInformacije o delovanju storitve spremstva.\t\t\t\t\t\t\t\t<\/div>\n\t\t\t\t<\/div>\n\t\t\t\t<div class=\"elementor-element elementor-element-5f8bf3f elementor-widget elementor-widget-heading\" data-id=\"5f8bf3f\" data-element_type=\"widget\" data-e-type=\"widget\" data-widget_type=\"heading.default\">\n\t\t\t\t<div class=\"elementor-widget-container\">\n\t\t\t\t\t<h3 class=\"elementor-heading-title elementor-size-default\">Avtorske pravice<\/h3>\t\t\t\t<\/div>\n\t\t\t\t<\/div>\n\t\t\t\t<div class=\"elementor-element elementor-element-7215c88 elementor-widget elementor-widget-text-editor\" data-id=\"7215c88\" data-element_type=\"widget\" data-e-type=\"widget\" data-widget_type=\"text-editor.default\">\n\t\t\t\t<div class=\"elementor-widget-container\">\n\t\t\t\t\t\t\t\t\tInformacij na tem spletnem mestu, vklju\u010dno z besedili, slikami in zvoki, ni dovoljeno razmno\u017eevati, prena\u0161ati, distribuirati ali shranjevati brez pisnega dovoljenja izdajatelja, razen \u010de ni izrecno navedeno druga\u010de. Spremembe vsebine tega spletnega mesta so izrecno prepovedane.\t\t\t\t\t\t\t\t<\/div>\n\t\t\t\t<\/div>\n\t\t\t\t<div class=\"elementor-element elementor-element-089f13e elementor-widget elementor-widget-heading\" data-id=\"089f13e\" data-element_type=\"widget\" data-e-type=\"widget\" data-widget_type=\"heading.default\">\n\t\t\t\t<div class=\"elementor-widget-container\">\n\t\t\t\t\t<h3 class=\"elementor-heading-title elementor-size-default\">Izjava o omejitvi odgovornosti<\/h3>\t\t\t\t<\/div>\n\t\t\t\t<\/div>\n\t\t\t\t<div class=\"elementor-element elementor-element-50b83a0 elementor-widget elementor-widget-text-editor\" data-id=\"50b83a0\" data-element_type=\"widget\" data-e-type=\"widget\" data-widget_type=\"text-editor.default\">\n\t\t\t\t<div class=\"elementor-widget-container\">\n\t\t\t\t\t\t\t\t\t\u010ceprav smo se pri pripravi informacij na na\u0161em spletnem mestu trudili z najve\u010djo mo\u017eno skrbnostjo, ne moremo zagotoviti, da so informacije posodobljene, pravilne ali popolne. Od\u0161kodninski zahtevki do nas v zvezi z materialno ali nematerialno \u0161kodo, ki je nastala zaradi uporabe ali neuporabe zagotovljenih informacij ali zaradi nepravilnih ali nepopolnih informacij, so v osnovi izklju\u010deni. Pridr\u017eujemo si pravico do spremembe informacij na tem stre\u017eniku brez predhodnega obvestila. Vse ponudbe se lahko spremenijo in niso zavezujo\u010de.\t\t\t\t\t\t\t\t<\/div>\n\t\t\t\t<\/div>\n\t\t\t\t<div class=\"elementor-element elementor-element-1a3275a elementor-widget elementor-widget-heading\" data-id=\"1a3275a\" data-element_type=\"widget\" data-e-type=\"widget\" data-widget_type=\"heading.default\">\n\t\t\t\t<div class=\"elementor-widget-container\">\n\t\t\t\t\t<h3 class=\"elementor-heading-title elementor-size-default\">Povezave<\/h3>\t\t\t\t<\/div>\n\t\t\t\t<\/div>\n\t\t\t\t<div class=\"elementor-element elementor-element-0f27131 elementor-widget elementor-widget-text-editor\" data-id=\"0f27131\" data-element_type=\"widget\" data-e-type=\"widget\" data-widget_type=\"text-editor.default\">\n\t\t\t\t<div class=\"elementor-widget-container\">\n\t\t\t\t\t\t\t\t\tSpletno mesto lahko vsebuje povezave do zunanjih spletnih mest. Ker ta spletna mesta niso pod na\u0161im nadzorom, ne moremo prevzeti nobene odgovornosti za njihovo vsebino in politiko varstva podatkov. Objavljene informacije ne odra\u017eajo nujno na\u0161ega mnenja.\t\t\t\t\t\t\t\t<\/div>\n\t\t\t\t<\/div>\n\t\t\t\t\t<\/div>\n\t\t\t\t<\/div>\n\t\t\t\t<\/div>\n\t\t","protected":false},"excerpt":{"rendered":"<p>Odtis Informacije v skladu s \u00a7 24 MedienG, \u00a7 5 ECG in \u00a7 14 UGB Lastnik te strani HS Holding GmbH Adlerstra\u00dfe 1 4600 Wels E-po\u0161tni naslov: info@hs-graz.at UID-\u0161tevilka: ATU73756358 Oblikovanje spletnih strani: Look &amp; Feel Online Marketing Veljavni predpisi Zakon o medijih, Zakon o elektronskem poslovanju, Zakon o telekomunikacijah, Industrijski zakonik &#8211; glej Pravno-informacijsko [&hellip;]<\/p>\n","protected":false},"author":1,"featured_media":0,"parent":0,"menu_order":0,"comment_status":"closed","ping_status":"closed","template":"","meta":{"_acf_changed":false,"footnotes":""},"class_list":["post-2269","page","type-page","status-publish","hentry"],"acf":[],"yoast_head":"<!-- This site is optimized with the Yoast SEO plugin v27.4 - https:\/\/yoast.com\/product\/yoast-seo-wordpress\/ -->\n<title>Odtis | Colosseum Graz<\/title>\n<meta name=\"robots\" content=\"index, follow, max-snippet:-1, max-image-preview:large, max-video-preview:-1\" \/>\n<link rel=\"canonical\" href=\"https:\/\/www.colosseum-graz.at\/sl\/imprint\/\" \/>\n<meta property=\"og:locale\" content=\"sl_SI\" \/>\n<meta property=\"og:type\" content=\"article\" \/>\n<meta property=\"og:title\" content=\"Odtis | Colosseum Graz\" \/>\n<meta property=\"og:description\" content=\"Odtis Informacije v skladu s \u00a7 24 MedienG, \u00a7 5 ECG in \u00a7 14 UGB Lastnik te strani HS Holding GmbH Adlerstra\u00dfe 1 4600 Wels E-po\u0161tni naslov: info@hs-graz.at UID-\u0161tevilka: ATU73756358 Oblikovanje spletnih strani: Look &amp; Feel Online Marketing Veljavni predpisi Zakon o medijih, Zakon o elektronskem poslovanju, Zakon o telekomunikacijah, Industrijski zakonik &#8211; glej Pravno-informacijsko [&hellip;]\" \/>\n<meta property=\"og:url\" content=\"https:\/\/www.colosseum-graz.at\/sl\/imprint\/\" \/>\n<meta property=\"og:site_name\" content=\"Colosseum Graz\" \/>\n<meta property=\"article:modified_time\" content=\"2025-12-01T11:30:39+00:00\" \/>\n<meta name=\"twitter:card\" content=\"summary_large_image\" \/>\n<meta name=\"twitter:label1\" content=\"Est. reading time\" \/>\n\t<meta name=\"twitter:data1\" content=\"2 minuti\" \/>\n<script type=\"application\/ld+json\" class=\"yoast-schema-graph\">{\"@context\":\"https:\\\/\\\/schema.org\",\"@graph\":[{\"@type\":\"WebPage\",\"@id\":\"https:\\\/\\\/www.colosseum-graz.at\\\/sl\\\/imprint\\\/\",\"url\":\"https:\\\/\\\/www.colosseum-graz.at\\\/sl\\\/imprint\\\/\",\"name\":\"Odtis | Colosseum Graz\",\"isPartOf\":{\"@id\":\"https:\\\/\\\/www.colosseum-graz.at\\\/sl\\\/#website\"},\"datePublished\":\"2024-12-23T21:09:00+00:00\",\"dateModified\":\"2025-12-01T11:30:39+00:00\",\"breadcrumb\":{\"@id\":\"https:\\\/\\\/www.colosseum-graz.at\\\/sl\\\/imprint\\\/#breadcrumb\"},\"inLanguage\":\"sl-SI\",\"potentialAction\":[{\"@type\":\"ReadAction\",\"target\":[\"https:\\\/\\\/www.colosseum-graz.at\\\/sl\\\/imprint\\\/\"]}]},{\"@type\":\"BreadcrumbList\",\"@id\":\"https:\\\/\\\/www.colosseum-graz.at\\\/sl\\\/imprint\\\/#breadcrumb\",\"itemListElement\":[{\"@type\":\"ListItem\",\"position\":1,\"name\":\"Startseite\",\"item\":\"https:\\\/\\\/www.colosseum-graz.at\\\/sl\\\/domov\\\/\"},{\"@type\":\"ListItem\",\"position\":2,\"name\":\"Odtis\"}]},{\"@type\":\"WebSite\",\"@id\":\"https:\\\/\\\/www.colosseum-graz.at\\\/sl\\\/#website\",\"url\":\"https:\\\/\\\/www.colosseum-graz.at\\\/sl\\\/\",\"name\":\"Colosseum Graz\",\"description\":\"Die Nummer-1-Partylocation in Graz\",\"publisher\":{\"@id\":\"https:\\\/\\\/www.colosseum-graz.at\\\/sl\\\/#organization\"},\"potentialAction\":[{\"@type\":\"SearchAction\",\"target\":{\"@type\":\"EntryPoint\",\"urlTemplate\":\"https:\\\/\\\/www.colosseum-graz.at\\\/sl\\\/?s={search_term_string}\"},\"query-input\":{\"@type\":\"PropertyValueSpecification\",\"valueRequired\":true,\"valueName\":\"search_term_string\"}}],\"inLanguage\":\"sl-SI\"},{\"@type\":\"Organization\",\"@id\":\"https:\\\/\\\/www.colosseum-graz.at\\\/sl\\\/#organization\",\"name\":\"Colosseum Graz\",\"alternateName\":\"Colosseum\",\"url\":\"https:\\\/\\\/www.colosseum-graz.at\\\/sl\\\/\",\"logo\":{\"@type\":\"ImageObject\",\"inLanguage\":\"sl-SI\",\"@id\":\"https:\\\/\\\/www.colosseum-graz.at\\\/sl\\\/#\\\/schema\\\/logo\\\/image\\\/\",\"url\":\"https:\\\/\\\/www.colosseum-graz.at\\\/wp-content\\\/uploads\\\/2024\\\/12\\\/Logo-Colosseum-Graz.jpg\",\"contentUrl\":\"https:\\\/\\\/www.colosseum-graz.at\\\/wp-content\\\/uploads\\\/2024\\\/12\\\/Logo-Colosseum-Graz.jpg\",\"width\":200,\"height\":31,\"caption\":\"Colosseum Graz\"},\"image\":{\"@id\":\"https:\\\/\\\/www.colosseum-graz.at\\\/sl\\\/#\\\/schema\\\/logo\\\/image\\\/\"}}]}<\/script>\n<!-- \/ Yoast SEO plugin. -->","yoast_head_json":{"title":"Odtis | Colosseum Graz","robots":{"index":"index","follow":"follow","max-snippet":"max-snippet:-1","max-image-preview":"max-image-preview:large","max-video-preview":"max-video-preview:-1"},"canonical":"https:\/\/www.colosseum-graz.at\/sl\/imprint\/","og_locale":"sl_SI","og_type":"article","og_title":"Odtis | Colosseum Graz","og_description":"Odtis Informacije v skladu s \u00a7 24 MedienG, \u00a7 5 ECG in \u00a7 14 UGB Lastnik te strani HS Holding GmbH Adlerstra\u00dfe 1 4600 Wels E-po\u0161tni naslov: info@hs-graz.at UID-\u0161tevilka: ATU73756358 Oblikovanje spletnih strani: Look &amp; Feel Online Marketing Veljavni predpisi Zakon o medijih, Zakon o elektronskem poslovanju, Zakon o telekomunikacijah, Industrijski zakonik &#8211; glej Pravno-informacijsko [&hellip;]","og_url":"https:\/\/www.colosseum-graz.at\/sl\/imprint\/","og_site_name":"Colosseum Graz","article_modified_time":"2025-12-01T11:30:39+00:00","twitter_card":"summary_large_image","twitter_misc":{"Est. reading time":"2 minuti"},"schema":{"@context":"https:\/\/schema.org","@graph":[{"@type":"WebPage","@id":"https:\/\/www.colosseum-graz.at\/sl\/imprint\/","url":"https:\/\/www.colosseum-graz.at\/sl\/imprint\/","name":"Odtis | Colosseum Graz","isPartOf":{"@id":"https:\/\/www.colosseum-graz.at\/sl\/#website"},"datePublished":"2024-12-23T21:09:00+00:00","dateModified":"2025-12-01T11:30:39+00:00","breadcrumb":{"@id":"https:\/\/www.colosseum-graz.at\/sl\/imprint\/#breadcrumb"},"inLanguage":"sl-SI","potentialAction":[{"@type":"ReadAction","target":["https:\/\/www.colosseum-graz.at\/sl\/imprint\/"]}]},{"@type":"BreadcrumbList","@id":"https:\/\/www.colosseum-graz.at\/sl\/imprint\/#breadcrumb","itemListElement":[{"@type":"ListItem","position":1,"name":"Startseite","item":"https:\/\/www.colosseum-graz.at\/sl\/domov\/"},{"@type":"ListItem","position":2,"name":"Odtis"}]},{"@type":"WebSite","@id":"https:\/\/www.colosseum-graz.at\/sl\/#website","url":"https:\/\/www.colosseum-graz.at\/sl\/","name":"Colosseum Graz","description":"Die Nummer-1-Partylocation in Graz","publisher":{"@id":"https:\/\/www.colosseum-graz.at\/sl\/#organization"},"potentialAction":[{"@type":"SearchAction","target":{"@type":"EntryPoint","urlTemplate":"https:\/\/www.colosseum-graz.at\/sl\/?s={search_term_string}"},"query-input":{"@type":"PropertyValueSpecification","valueRequired":true,"valueName":"search_term_string"}}],"inLanguage":"sl-SI"},{"@type":"Organization","@id":"https:\/\/www.colosseum-graz.at\/sl\/#organization","name":"Colosseum Graz","alternateName":"Colosseum","url":"https:\/\/www.colosseum-graz.at\/sl\/","logo":{"@type":"ImageObject","inLanguage":"sl-SI","@id":"https:\/\/www.colosseum-graz.at\/sl\/#\/schema\/logo\/image\/","url":"https:\/\/www.colosseum-graz.at\/wp-content\/uploads\/2024\/12\/Logo-Colosseum-Graz.jpg","contentUrl":"https:\/\/www.colosseum-graz.at\/wp-content\/uploads\/2024\/12\/Logo-Colosseum-Graz.jpg","width":200,"height":31,"caption":"Colosseum Graz"},"image":{"@id":"https:\/\/www.colosseum-graz.at\/sl\/#\/schema\/logo\/image\/"}}]}},"_links":{"self":[{"href":"https:\/\/www.colosseum-graz.at\/sl\/wp-json\/wp\/v2\/pages\/2269","targetHints":{"allow":["GET"]}}],"collection":[{"href":"https:\/\/www.colosseum-graz.at\/sl\/wp-json\/wp\/v2\/pages"}],"about":[{"href":"https:\/\/www.colosseum-graz.at\/sl\/wp-json\/wp\/v2\/types\/page"}],"author":[{"embeddable":true,"href":"https:\/\/www.colosseum-graz.at\/sl\/wp-json\/wp\/v2\/users\/1"}],"replies":[{"embeddable":true,"href":"https:\/\/www.colosseum-graz.at\/sl\/wp-json\/wp\/v2\/comments?post=2269"}],"version-history":[{"count":4,"href":"https:\/\/www.colosseum-graz.at\/sl\/wp-json\/wp\/v2\/pages\/2269\/revisions"}],"predecessor-version":[{"id":15434,"href":"https:\/\/www.colosseum-graz.at\/sl\/wp-json\/wp\/v2\/pages\/2269\/revisions\/15434"}],"wp:attachment":[{"href":"https:\/\/www.colosseum-graz.at\/sl\/wp-json\/wp\/v2\/media?parent=2269"}],"curies":[{"name":"wp","href":"https:\/\/api.w.org\/{rel}","templated":true}]}}